{"id":4791,"date":"2016-10-04T18:37:57","date_gmt":"2016-10-04T16:37:57","guid":{"rendered":"http:\/\/photographe.jcarbone.info\/?page_id=4791"},"modified":"2021-10-07T09:28:21","modified_gmt":"2021-10-07T07:28:21","slug":"jerome-carbone-photographe-famille","status":"publish","type":"page","link":"https:\/\/www.jeromecarbone.com\/photographe\/","title":{"rendered":"Accueil"},"content":{"rendered":"<div class=\"gmedia_gallery realslider_module is_bot\" id=\"GmediaGallery_32\" data-gmid=\"32\" data-module=\"realslider\"><style class='gmedia_module_style_import'>@import url('https:\/\/www.jeromecarbone.com\/photographe\/wp-content\/grand-media\/module\/realslider\/css\/realslider.css?v=2.13') all;\/**** .realslider_module #GmediaGallery_32 ****\/@import \"https:\/\/www.jeromecarbone.com\/photographe\/wp-content\/grand-media\/module\/realslider\/css\/skins\/skin-universal.css\";<\/style>\t<div style=\"width:100%;height:500px;\" class=\"realSlider no-js gm-universal-skin rsImgScaleMode_fit-if-smaller\"><div class=\"gmContent gmSlideId-507 gmSlideIndex-1\"><a class=\"gmImg\" data-gmw=\"1466\" data-gmh=\"2200\" href=\"https:\/\/www.jeromecarbone.com\/photographe\/wp-content\/grand-media\/image\/2J5B3694.jpg\"><\/a><div class=\"gmSlideText_hidden\"><div class=\"gmTitle\">2J5B3694<\/div><\/div><\/div><div class=\"gmContent gmSlideId-520 gmSlideIndex-2\"><a class=\"gmImg\" data-gmw=\"1467\" data-gmh=\"2200\" href=\"https:\/\/www.jeromecarbone.com\/photographe\/wp-content\/grand-media\/image\/2J5B1302.jpg\"><\/a><div class=\"gmSlideText_hidden\"><div class=\"gmTitle\">2J5B1302<\/div><\/div><\/div><div class=\"gmContent gmSlideId-528 gmSlideIndex-3\"><a class=\"gmImg\" data-gmw=\"2200\" data-gmh=\"1467\" href=\"https:\/\/www.jeromecarbone.com\/photographe\/wp-content\/grand-media\/image\/2J5B1763.jpg\"><\/a><div class=\"gmSlideText_hidden\"><div class=\"gmTitle\">2J5B1763<\/div><\/div><\/div><div class=\"gmContent gmSlideId-481 gmSlideIndex-4\"><a class=\"gmImg\" data-gmw=\"1467\" data-gmh=\"2200\" href=\"https:\/\/www.jeromecarbone.com\/photographe\/wp-content\/grand-media\/image\/2J5B4051-watermak.jpg\"><\/a><div class=\"gmSlideText_hidden\"><div class=\"gmTitle\">2J5B4051-watermak<\/div><\/div><\/div><div class=\"gmContent gmSlideId-514 gmSlideIndex-5\"><a class=\"gmImg\" data-gmw=\"1238\" data-gmh=\"2200\" href=\"https:\/\/www.jeromecarbone.com\/photographe\/wp-content\/grand-media\/image\/2J5B0402.jpg\"><\/a><div class=\"gmSlideText_hidden\"><div class=\"gmTitle\">2J5B0402<\/div><\/div><\/div><div class=\"gmContent gmSlideId-508 gmSlideIndex-6\"><a class=\"gmImg\" data-gmw=\"2200\" data-gmh=\"1467\" href=\"https:\/\/www.jeromecarbone.com\/photographe\/wp-content\/grand-media\/image\/2J5B3806.jpg\"><\/a><div class=\"gmSlideText_hidden\"><div class=\"gmTitle\">2J5B3806<\/div><\/div><\/div><div class=\"gmContent gmSlideId-483 gmSlideIndex-7\"><a class=\"gmImg\" data-gmw=\"2200\" data-gmh=\"1467\" href=\"https:\/\/www.jeromecarbone.com\/photographe\/wp-content\/grand-media\/image\/2J5B3922-watermark.jpg\"><\/a><div class=\"gmSlideText_hidden\"><div class=\"gmTitle\">2J5B3922-watermark<\/div><\/div><\/div><div class=\"gmContent gmSlideId-166 gmSlideIndex-8\"><a class=\"gmImg\" data-gmw=\"800\" data-gmh=\"1200\" href=\"https:\/\/www.jeromecarbone.com\/photographe\/wp-content\/grand-media\/image\/IMG_4314-3.jpg\"><\/a><div class=\"gmSlideText_hidden\"><div class=\"gmTitle\">IMG 4314-3<\/div><\/div><\/div><div class=\"gmContent gmSlideId-529 gmSlideIndex-9\"><a class=\"gmImg\" data-gmw=\"1467\" data-gmh=\"2200\" href=\"https:\/\/www.jeromecarbone.com\/photographe\/wp-content\/grand-media\/image\/2J5B1797-2.jpg\"><\/a><div class=\"gmSlideText_hidden\"><div class=\"gmTitle\">2J5B1797-2<\/div><\/div><\/div><div class=\"gmContent gmSlideId-502 gmSlideIndex-10\"><a class=\"gmImg\" data-gmw=\"819\" data-gmh=\"1024\" href=\"https:\/\/www.jeromecarbone.com\/photographe\/wp-content\/grand-media\/image\/2J5B9691-2.jpg\"><\/a><div class=\"gmSlideText_hidden\"><div class=\"gmTitle\">2J5B9691-2<\/div><\/div><\/div><div class=\"gmContent gmSlideId-523 gmSlideIndex-11\"><a class=\"gmImg\" data-gmw=\"1467\" data-gmh=\"2200\" href=\"https:\/\/www.jeromecarbone.com\/photographe\/wp-content\/grand-media\/image\/2J5B4538-Modifier.jpg\"><\/a><div class=\"gmSlideText_hidden\"><div class=\"gmTitle\">2J5B4538-Modifier<\/div><\/div><\/div><div class=\"gmContent gmSlideId-504 gmSlideIndex-12\"><a class=\"gmImg\" data-gmw=\"683\" data-gmh=\"1024\" href=\"https:\/\/www.jeromecarbone.com\/photographe\/wp-content\/grand-media\/image\/2J5B99943.jpg\"><\/a><div class=\"gmSlideText_hidden\"><div class=\"gmTitle\">2J5B99943<\/div><\/div><\/div><div class=\"gmContent gmSlideId-516 gmSlideIndex-13\"><a class=\"gmImg\" data-gmw=\"1467\" data-gmh=\"2200\" href=\"https:\/\/www.jeromecarbone.com\/photographe\/wp-content\/grand-media\/image\/2J5B0504.jpg\"><\/a><div class=\"gmSlideText_hidden\"><div class=\"gmTitle\">2J5B0504<\/div><\/div><\/div><div class=\"gmContent gmSlideId-501 gmSlideIndex-14\"><a class=\"gmImg\" data-gmw=\"1024\" data-gmh=\"683\" href=\"https:\/\/www.jeromecarbone.com\/photographe\/wp-content\/grand-media\/image\/2J5B9447.jpg\"><\/a><div class=\"gmSlideText_hidden\"><div class=\"gmTitle\">2J5B9447<\/div><\/div><\/div><div class=\"gmContent gmSlideId-532 gmSlideIndex-15\"><a class=\"gmImg\" data-gmw=\"2200\" data-gmh=\"2200\" href=\"https:\/\/www.jeromecarbone.com\/photographe\/wp-content\/grand-media\/image\/2J5B2327.jpg\"><\/a><div class=\"gmSlideText_hidden\"><div class=\"gmTitle\">2J5B2327<\/div><\/div><\/div><div class=\"gmContent gmSlideId-533 gmSlideIndex-16\"><a class=\"gmImg\" data-gmw=\"1467\" data-gmh=\"2200\" href=\"https:\/\/www.jeromecarbone.com\/photographe\/wp-content\/grand-media\/image\/2J5B2329_1.jpg\"><\/a><div class=\"gmSlideText_hidden\"><div class=\"gmTitle\">2J5B2329<\/div><\/div><\/div><div class=\"gmContent gmSlideId-95 gmSlideIndex-17\"><a class=\"gmImg\" data-gmw=\"2048\" data-gmh=\"1365\" href=\"https:\/\/www.jeromecarbone.com\/photographe\/wp-content\/grand-media\/image\/2J5B3106.jpg\"><\/a><div class=\"gmSlideText_hidden\"><div class=\"gmTitle\">2J5B3106<\/div><\/div><\/div><div class=\"gmContent gmSlideId-261 gmSlideIndex-18\"><a class=\"gmImg\" data-gmw=\"2200\" data-gmh=\"1467\" href=\"https:\/\/www.jeromecarbone.com\/photographe\/wp-content\/grand-media\/image\/2J5B7945.jpg\"><\/a><div class=\"gmSlideText_hidden\"><div class=\"gmTitle\">2J5B7945<\/div><\/div><\/div><div class=\"gmContent gmSlideId-521 gmSlideIndex-19\"><a class=\"gmImg\" data-gmw=\"2200\" data-gmh=\"1760\" href=\"https:\/\/www.jeromecarbone.com\/photographe\/wp-content\/grand-media\/image\/2J5B1348.jpg\"><\/a><div class=\"gmSlideText_hidden\"><div class=\"gmTitle\">2J5B1348<\/div><\/div><\/div><div class=\"gmContent gmSlideId-527 gmSlideIndex-20\"><a class=\"gmImg\" data-gmw=\"2200\" data-gmh=\"1467\" href=\"https:\/\/www.jeromecarbone.com\/photographe\/wp-content\/grand-media\/image\/2J5B1677_1.jpg\"><\/a><div class=\"gmSlideText_hidden\"><div class=\"gmTitle\">2J5B1677<\/div><\/div><\/div><div class=\"gmContent gmSlideId-505 gmSlideIndex-21\"><a class=\"gmImg\" data-gmw=\"1467\" data-gmh=\"2200\" href=\"https:\/\/www.jeromecarbone.com\/photographe\/wp-content\/grand-media\/image\/2J5B3453.jpg\"><\/a><div class=\"gmSlideText_hidden\"><div class=\"gmTitle\">2J5B3453<\/div><\/div><\/div><div class=\"gmContent gmSlideId-512 gmSlideIndex-22\"><a class=\"gmImg\" data-gmw=\"2200\" data-gmh=\"1467\" href=\"https:\/\/www.jeromecarbone.com\/photographe\/wp-content\/grand-media\/image\/2J5B4275.jpg\"><\/a><div class=\"gmSlideText_hidden\"><div class=\"gmTitle\">2J5B4275<\/div><\/div><\/div><div class=\"gmContent gmSlideId-265 gmSlideIndex-23\"><a class=\"gmImg\" data-gmw=\"2200\" data-gmh=\"2200\" href=\"https:\/\/www.jeromecarbone.com\/photographe\/wp-content\/grand-media\/image\/2J5B8010.jpg\"><\/a><div class=\"gmSlideText_hidden\"><div class=\"gmTitle\">2J5B8010<\/div><\/div><\/div><div class=\"gmContent gmSlideId-472 gmSlideIndex-24\"><a class=\"gmImg\" data-gmw=\"1466\" data-gmh=\"1466\" href=\"https:\/\/www.jeromecarbone.com\/photographe\/wp-content\/grand-media\/image\/aaron.jpg\"><\/a><div class=\"gmSlideText_hidden\"><div class=\"gmTitle\">Aaron<\/div><\/div><\/div><div class=\"gmContent gmSlideId-506 gmSlideIndex-25\"><a class=\"gmImg\" data-gmw=\"2200\" data-gmh=\"1467\" href=\"https:\/\/www.jeromecarbone.com\/photographe\/wp-content\/grand-media\/image\/2J5B3496-2.jpg\"><\/a><div class=\"gmSlideText_hidden\"><div class=\"gmTitle\">2J5B3496-2<\/div><\/div><\/div><div class=\"gmContent gmSlideId-510 gmSlideIndex-26\"><a class=\"gmImg\" data-gmw=\"1467\" data-gmh=\"2200\" href=\"https:\/\/www.jeromecarbone.com\/photographe\/wp-content\/grand-media\/image\/2J5B4130.jpg\"><\/a><div class=\"gmSlideText_hidden\"><div class=\"gmTitle\">2J5B4130<\/div><\/div><\/div><div class=\"gmContent gmSlideId-509 gmSlideIndex-27\"><a class=\"gmImg\" data-gmw=\"2200\" data-gmh=\"1467\" href=\"https:\/\/www.jeromecarbone.com\/photographe\/wp-content\/grand-media\/image\/2J5B4040.jpg\"><\/a><div class=\"gmSlideText_hidden\"><div class=\"gmTitle\">2J5B4040<\/div><\/div><\/div><div class=\"gmContent gmSlideId-519 gmSlideIndex-28\"><a class=\"gmImg\" data-gmw=\"1467\" data-gmh=\"2200\" href=\"https:\/\/www.jeromecarbone.com\/photographe\/wp-content\/grand-media\/image\/2J5B1258.jpg\"><\/a><div class=\"gmSlideText_hidden\"><div class=\"gmTitle\">2J5B1258<\/div><\/div><\/div><div class=\"gmContent gmSlideId-193 gmSlideIndex-29\"><a class=\"gmImg\" data-gmw=\"800\" data-gmh=\"1200\" href=\"https:\/\/www.jeromecarbone.com\/photographe\/wp-content\/grand-media\/image\/IMG_6104.jpg\"><\/a><div class=\"gmSlideText_hidden\"><div class=\"gmTitle\">IMG 6104<\/div><\/div><\/div><div class=\"gmContent gmSlideId-488 gmSlideIndex-30\"><a class=\"gmImg\" data-gmw=\"2200\" data-gmh=\"1467\" href=\"https:\/\/www.jeromecarbone.com\/photographe\/wp-content\/grand-media\/image\/2J5B3928-watermark.jpg\"><\/a><div class=\"gmSlideText_hidden\"><div class=\"gmTitle\">2J5B3928-watermark<\/div><\/div><\/div><div class=\"gmContent gmSlideId-91 gmSlideIndex-31\"><a class=\"gmImg\" data-gmw=\"1365\" data-gmh=\"2048\" href=\"https:\/\/www.jeromecarbone.com\/photographe\/wp-content\/grand-media\/image\/2J5B3065.jpg\"><\/a><div class=\"gmSlideText_hidden\"><div class=\"gmTitle\">2J5B3065<\/div><\/div><\/div><div class=\"gmContent gmSlideId-538 gmSlideIndex-32\"><a class=\"gmImg\" data-gmw=\"2048\" data-gmh=\"2048\" href=\"https:\/\/www.jeromecarbone.com\/photographe\/wp-content\/grand-media\/image\/9_box_20x20_-_Ju.jpg\"><\/a><div class=\"gmSlideText_hidden\"><div class=\"gmTitle\">9 Box 20x20 - Ju<\/div><\/div><\/div><div class=\"gmContent gmSlideId-189 gmSlideIndex-33\"><a class=\"gmImg\" data-gmw=\"1600\" data-gmh=\"1067\" href=\"https:\/\/www.jeromecarbone.com\/photographe\/wp-content\/grand-media\/image\/IMG_5988.jpg\"><\/a><div class=\"gmSlideText_hidden\"><div class=\"gmTitle\">IMG 5988<\/div><\/div><\/div><div class=\"gmContent gmSlideId-494 gmSlideIndex-34\"><a class=\"gmImg\" data-gmw=\"1024\" data-gmh=\"683\" href=\"https:\/\/www.jeromecarbone.com\/photographe\/wp-content\/grand-media\/image\/2J5B1502.jpg\"><\/a><div class=\"gmSlideText_hidden\"><div class=\"gmTitle\">2J5B1502<\/div><\/div><\/div><div class=\"gmContent gmSlideId-109 gmSlideIndex-35\"><a class=\"gmImg\" data-gmw=\"1600\" data-gmh=\"1067\" href=\"https:\/\/www.jeromecarbone.com\/photographe\/wp-content\/grand-media\/image\/2J5B2104.jpg\"><\/a><div class=\"gmSlideText_hidden\"><div class=\"gmTitle\">2J5B2104<\/div><\/div><\/div><div class=\"gmContent gmSlideId-524 gmSlideIndex-36\"><a class=\"gmImg\" data-gmw=\"1466\" data-gmh=\"2200\" href=\"https:\/\/www.jeromecarbone.com\/photographe\/wp-content\/grand-media\/image\/2J5B4620.jpg\"><\/a><div class=\"gmSlideText_hidden\"><div class=\"gmTitle\">2J5B4620<\/div><\/div><\/div><div class=\"gmContent gmSlideId-492 gmSlideIndex-37\"><a class=\"gmImg\" data-gmw=\"683\" data-gmh=\"1024\" href=\"https:\/\/www.jeromecarbone.com\/photographe\/wp-content\/grand-media\/image\/2J5B1205-2.jpg\"><\/a><div class=\"gmSlideText_hidden\"><div class=\"gmTitle\">2J5B1205-2<\/div><\/div><\/div><div class=\"gmContent gmSlideId-541 gmSlideIndex-38\"><a class=\"gmImg\" data-gmw=\"2048\" data-gmh=\"2048\" href=\"https:\/\/www.jeromecarbone.com\/photographe\/wp-content\/grand-media\/image\/2021-01_Box_Deguisement_Raphael.jpg\"><\/a><div class=\"gmSlideText_hidden\"><div class=\"gmTitle\">2021-01 Box Deguisement Raphael<\/div><\/div><\/div><div class=\"gmContent gmSlideId-517 gmSlideIndex-39\"><a class=\"gmImg\" data-gmw=\"1467\" data-gmh=\"2200\" href=\"https:\/\/www.jeromecarbone.com\/photographe\/wp-content\/grand-media\/image\/2J5B0609.jpg\"><\/a><div class=\"gmSlideText_hidden\"><div class=\"gmTitle\">2J5B0609<\/div><\/div><\/div><div class=\"gmContent gmSlideId-490 gmSlideIndex-40\"><a class=\"gmImg\" data-gmw=\"683\" data-gmh=\"1024\" href=\"https:\/\/www.jeromecarbone.com\/photographe\/wp-content\/grand-media\/image\/2J5B0833.jpg\"><\/a><div class=\"gmSlideText_hidden\"><div class=\"gmTitle\">2J5B0833<\/div><\/div><\/div><div class=\"gmContent gmSlideId-511 gmSlideIndex-41\"><a class=\"gmImg\" data-gmw=\"1467\" data-gmh=\"2200\" href=\"https:\/\/www.jeromecarbone.com\/photographe\/wp-content\/grand-media\/image\/2J5B4235.jpg\"><\/a><div class=\"gmSlideText_hidden\"><div class=\"gmTitle\">2J5B4235<\/div><\/div><\/div><div class=\"gmContent gmSlideId-531 gmSlideIndex-42\"><a class=\"gmImg\" data-gmw=\"2200\" data-gmh=\"1467\" href=\"https:\/\/www.jeromecarbone.com\/photographe\/wp-content\/grand-media\/image\/2J5B2256.jpg\"><\/a><div class=\"gmSlideText_hidden\"><div class=\"gmTitle\">2J5B2256<\/div><\/div><\/div><div class=\"gmContent gmSlideId-470 gmSlideIndex-43\"><a class=\"gmImg\" data-gmw=\"1277\" data-gmh=\"2048\" href=\"https:\/\/www.jeromecarbone.com\/photographe\/wp-content\/grand-media\/image\/Body.jpg\"><\/a><div class=\"gmSlideText_hidden\"><div class=\"gmTitle\">Body<\/div><\/div><\/div><div class=\"gmContent gmSlideId-525 gmSlideIndex-44\"><a class=\"gmImg\" data-gmw=\"1466\" data-gmh=\"2200\" href=\"https:\/\/www.jeromecarbone.com\/photographe\/wp-content\/grand-media\/image\/2J5B4667.jpg\"><\/a><div class=\"gmSlideText_hidden\"><div class=\"gmTitle\">2J5B4667<\/div><\/div><\/div><div class=\"gmContent gmSlideId-513 gmSlideIndex-45\"><a class=\"gmImg\" data-gmw=\"1467\" data-gmh=\"2200\" href=\"https:\/\/www.jeromecarbone.com\/photographe\/wp-content\/grand-media\/image\/2J5B0333.jpg\"><\/a><div class=\"gmSlideText_hidden\"><div class=\"gmTitle\">2J5B0333<\/div><\/div><\/div><div class=\"gmContent gmSlideId-522 gmSlideIndex-46\"><a class=\"gmImg\" data-gmw=\"1467\" data-gmh=\"2200\" href=\"https:\/\/www.jeromecarbone.com\/photographe\/wp-content\/grand-media\/image\/2J5B1390_coulllleuuur.jpg\"><\/a><div class=\"gmSlideText_hidden\"><div class=\"gmTitle\">2J5B1390 Coulllleuuur<\/div><\/div><\/div><div class=\"gmContent gmSlideId-530 gmSlideIndex-47\"><a class=\"gmImg\" data-gmw=\"2200\" data-gmh=\"1467\" href=\"https:\/\/www.jeromecarbone.com\/photographe\/wp-content\/grand-media\/image\/2J5B1870-2.jpg\"><\/a><div class=\"gmSlideText_hidden\"><div class=\"gmTitle\">2J5B1870-2<\/div><\/div><\/div><div class=\"gmContent gmSlideId-201 gmSlideIndex-48\"><a class=\"gmImg\" data-gmw=\"800\" data-gmh=\"1200\" href=\"https:\/\/www.jeromecarbone.com\/photographe\/wp-content\/grand-media\/image\/IMG_6219.jpg\"><\/a><div class=\"gmSlideText_hidden\"><div class=\"gmTitle\">IMG 6219<\/div><\/div><\/div><div class=\"gmContent gmSlideId-103 gmSlideIndex-49\"><a class=\"gmImg\" data-gmw=\"960\" data-gmh=\"1200\" href=\"https:\/\/www.jeromecarbone.com\/photographe\/wp-content\/grand-media\/image\/2J5B1939-2.jpg\"><\/a><div class=\"gmSlideText_hidden\"><div class=\"gmTitle\">2J5B1939-2<\/div><\/div><\/div><div class=\"gmContent gmSlideId-515 gmSlideIndex-50\"><a class=\"gmImg\" data-gmw=\"2200\" data-gmh=\"1467\" href=\"https:\/\/www.jeromecarbone.com\/photographe\/wp-content\/grand-media\/image\/2J5B0432.jpg\"><\/a><div class=\"gmSlideText_hidden\"><div class=\"gmTitle\">2J5B0432<\/div><\/div><\/div><div class=\"gmContent gmSlideId-286 gmSlideIndex-51\"><a class=\"gmImg\" data-gmw=\"1467\" data-gmh=\"2200\" href=\"https:\/\/www.jeromecarbone.com\/photographe\/wp-content\/grand-media\/image\/IMG_4724-2.jpg\"><\/a><div class=\"gmSlideText_hidden\"><div class=\"gmTitle\">IMG 4724-2<\/div><\/div><\/div><div class=\"gmContent gmSlideId-526 gmSlideIndex-52\"><a class=\"gmImg\" data-gmw=\"1467\" data-gmh=\"2200\" href=\"https:\/\/www.jeromecarbone.com\/photographe\/wp-content\/grand-media\/image\/2J5B4747.jpg\"><\/a><div class=\"gmSlideText_hidden\"><div class=\"gmTitle\">2J5B4747<\/div><\/div><\/div><div class=\"gmContent gmSlideId-518 gmSlideIndex-53\"><a class=\"gmImg\" data-gmw=\"1467\" data-gmh=\"2200\" href=\"https:\/\/www.jeromecarbone.com\/photographe\/wp-content\/grand-media\/image\/2J5B0621.jpg\"><\/a><div class=\"gmSlideText_hidden\"><div class=\"gmTitle\">2J5B0621<\/div><\/div><\/div><\/div>\r\n\t<a class='gmlove' target='_blank' href='http:\/\/bit.ly\/2snVAca'>Trial version - Get License<\/a>\r\n\t<script type=\"text\/javascript\">\r\n\t\tjQuery(function($){\r\n\t\t\tvar settings = {\"skin\":\"universal\",\"autoScaleSlider\":\"1\",\"imageScaleMode\":\"fit-if-smaller\",\"controlNavigation\":\"aucune\",\"arrowsNavAutoHide\":\"0\",\"loop\":\"1\",\"randomizeSlides\":\"1\",\"transitionType\":\"fade\",\"transitionSpeed\":\"1501\",\"autoPlay\":{\"enabled\":\"1\"},\"hideCaption\":\"1\",\"ID\":32,\"name\":\"Portofolio G\\u00e9n\\u00e9ral\",\"moduleUrl\":\"https:\\\/\\\/www.jeromecarbone.com\\\/photographe\\\/wp-content\\\/grand-media\\\/module\\\/realslider\",\"pluginUrl\":\"https:\\\/\\\/www.jeromecarbone.com\\\/photographe\\\/wp-content\\\/plugins\\\/grand-media\",\"libraryUrl\":\"https:\\\/\\\/www.jeromecarbone.com\\\/photographe\\\/wp-content\\\/grand-media\",\"key\":\"\"};\r\n            $('#GmediaGallery_32 .realSlider').realSlider(settings);\r\n\t\t});\r\n\t<\/script>\r\n<\/div>\n<p><script type=\"text\/javascript\"><br \/>\njQuery(function($){<br \/>\n\t\/\/ Cache la pub du slider<br \/>\n\thideSliderAd();<br \/>\n\t\/\/ Cache le titre Accueil<br \/>\n\tjQuery(\".entry-title\").hide();<br \/>\n});<br \/>\n<\/script><\/p>\n","protected":false},"excerpt":{"rendered":"","protected":false},"author":1,"featured_media":0,"parent":0,"menu_order":0,"comment_status":"closed","ping_status":"closed","template":"template-full-width.php","meta":{"footnotes":""},"class_list":["post-4791","page","type-page","status-publish","hentry"],"yoast_head":"<!-- This site is optimized with the Yoast SEO plugin v23.1 - https:\/\/yoast.com\/wordpress\/plugins\/seo\/ -->\n<title>J\u00e9r\u00f4me Carbone - Photographe de votre famille<\/title>\n<meta name=\"description\" content=\"Photographe de famille, grossesse, naissance b\u00e9b\u00e9, J\u00e9r\u00f4me Carbone vous accueille dans la r\u00e9gion de Bordeaux Nouvelle Aquitaine.\" \/>\n<meta name=\"robots\" content=\"index, follow, max-snippet:-1, max-image-preview:large, max-video-preview:-1\" \/>\n<link rel=\"canonical\" href=\"https:\/\/www.jeromecarbone.com\/photographe\/\" \/>\n<meta property=\"og:locale\" content=\"fr_FR\" \/>\n<meta property=\"og:type\" content=\"article\" \/>\n<meta property=\"og:title\" content=\"J\u00e9r\u00f4me Carbone - Photographe de votre famille\" \/>\n<meta property=\"og:description\" content=\"Photographe de famille, grossesse, naissance b\u00e9b\u00e9, J\u00e9r\u00f4me Carbone vous accueille dans la r\u00e9gion de Bordeaux Nouvelle Aquitaine.\" \/>\n<meta property=\"og:url\" content=\"https:\/\/www.jeromecarbone.com\/photographe\/\" \/>\n<meta property=\"og:site_name\" content=\"J\u00e9r\u00f4me Carbone\" \/>\n<meta property=\"article:modified_time\" content=\"2021-10-07T07:28:21+00:00\" \/>\n<meta name=\"twitter:card\" content=\"summary_large_image\" \/>\n<meta name=\"twitter:label1\" content=\"Dur\u00e9e de lecture estim\u00e9e\" \/>\n\t<meta name=\"twitter:data1\" content=\"1 minute\" \/>\n<script type=\"application\/ld+json\" class=\"yoast-schema-graph\">{\"@context\":\"https:\/\/schema.org\",\"@graph\":[{\"@type\":\"WebPage\",\"@id\":\"https:\/\/www.jeromecarbone.com\/photographe\/\",\"url\":\"https:\/\/www.jeromecarbone.com\/photographe\/\",\"name\":\"J\u00e9r\u00f4me Carbone - Photographe de votre famille\",\"isPartOf\":{\"@id\":\"https:\/\/www.jeromecarbone.com\/photographe\/#website\"},\"datePublished\":\"2016-10-04T16:37:57+00:00\",\"dateModified\":\"2021-10-07T07:28:21+00:00\",\"description\":\"Photographe de famille, grossesse, naissance b\u00e9b\u00e9, J\u00e9r\u00f4me Carbone vous accueille dans la r\u00e9gion de Bordeaux Nouvelle Aquitaine.\",\"breadcrumb\":{\"@id\":\"https:\/\/www.jeromecarbone.com\/photographe\/#breadcrumb\"},\"inLanguage\":\"fr-FR\",\"potentialAction\":[{\"@type\":\"ReadAction\",\"target\":[\"https:\/\/www.jeromecarbone.com\/photographe\/\"]}]},{\"@type\":\"BreadcrumbList\",\"@id\":\"https:\/\/www.jeromecarbone.com\/photographe\/#breadcrumb\",\"itemListElement\":[{\"@type\":\"ListItem\",\"position\":1,\"name\":\"Accueil\",\"item\":\"https:\/\/www.jeromecarbone.com\/photographe\/\"},{\"@type\":\"ListItem\",\"position\":2,\"name\":\"Accueil\"}]},{\"@type\":\"WebSite\",\"@id\":\"https:\/\/www.jeromecarbone.com\/photographe\/#website\",\"url\":\"https:\/\/www.jeromecarbone.com\/photographe\/\",\"name\":\"Photographe de votre famille\",\"description\":\"Photographe de votre famille\",\"publisher\":{\"@id\":\"https:\/\/www.jeromecarbone.com\/photographe\/#\/schema\/person\/16010d3d4cd99291c568d78e2dadac77\"},\"potentialAction\":[{\"@type\":\"SearchAction\",\"target\":{\"@type\":\"EntryPoint\",\"urlTemplate\":\"https:\/\/www.jeromecarbone.com\/photographe\/?s={search_term_string}\"},\"query-input\":\"required name=search_term_string\"}],\"inLanguage\":\"fr-FR\"},{\"@type\":[\"Person\",\"Organization\"],\"@id\":\"https:\/\/www.jeromecarbone.com\/photographe\/#\/schema\/person\/16010d3d4cd99291c568d78e2dadac77\",\"name\":\"J\u00e9r\u00f4me Carbone\",\"image\":{\"@type\":\"ImageObject\",\"inLanguage\":\"fr-FR\",\"@id\":\"https:\/\/www.jeromecarbone.com\/photographe\/#\/schema\/person\/image\/\",\"url\":\"https:\/\/secure.gravatar.com\/avatar\/40119e45623f76cf8351cadf8e13aebd248fdf78cb744a57826f41598011d4b6?s=96&d=mm&r=g\",\"contentUrl\":\"https:\/\/secure.gravatar.com\/avatar\/40119e45623f76cf8351cadf8e13aebd248fdf78cb744a57826f41598011d4b6?s=96&d=mm&r=g\",\"caption\":\"J\u00e9r\u00f4me Carbone\"},\"logo\":{\"@id\":\"https:\/\/www.jeromecarbone.com\/photographe\/#\/schema\/person\/image\/\"}}]}<\/script>\n<!-- \/ Yoast SEO plugin. -->","yoast_head_json":{"title":"J\u00e9r\u00f4me Carbone - Photographe de votre famille","description":"Photographe de famille, grossesse, naissance b\u00e9b\u00e9, J\u00e9r\u00f4me Carbone vous accueille dans la r\u00e9gion de Bordeaux Nouvelle Aquitaine.","robots":{"index":"index","follow":"follow","max-snippet":"max-snippet:-1","max-image-preview":"max-image-preview:large","max-video-preview":"max-video-preview:-1"},"canonical":"https:\/\/www.jeromecarbone.com\/photographe\/","og_locale":"fr_FR","og_type":"article","og_title":"J\u00e9r\u00f4me Carbone - Photographe de votre famille","og_description":"Photographe de famille, grossesse, naissance b\u00e9b\u00e9, J\u00e9r\u00f4me Carbone vous accueille dans la r\u00e9gion de Bordeaux Nouvelle Aquitaine.","og_url":"https:\/\/www.jeromecarbone.com\/photographe\/","og_site_name":"J\u00e9r\u00f4me Carbone","article_modified_time":"2021-10-07T07:28:21+00:00","twitter_card":"summary_large_image","twitter_misc":{"Dur\u00e9e de lecture estim\u00e9e":"1 minute"},"schema":{"@context":"https:\/\/schema.org","@graph":[{"@type":"WebPage","@id":"https:\/\/www.jeromecarbone.com\/photographe\/","url":"https:\/\/www.jeromecarbone.com\/photographe\/","name":"J\u00e9r\u00f4me Carbone - Photographe de votre famille","isPartOf":{"@id":"https:\/\/www.jeromecarbone.com\/photographe\/#website"},"datePublished":"2016-10-04T16:37:57+00:00","dateModified":"2021-10-07T07:28:21+00:00","description":"Photographe de famille, grossesse, naissance b\u00e9b\u00e9, J\u00e9r\u00f4me Carbone vous accueille dans la r\u00e9gion de Bordeaux Nouvelle Aquitaine.","breadcrumb":{"@id":"https:\/\/www.jeromecarbone.com\/photographe\/#breadcrumb"},"inLanguage":"fr-FR","potentialAction":[{"@type":"ReadAction","target":["https:\/\/www.jeromecarbone.com\/photographe\/"]}]},{"@type":"BreadcrumbList","@id":"https:\/\/www.jeromecarbone.com\/photographe\/#breadcrumb","itemListElement":[{"@type":"ListItem","position":1,"name":"Accueil","item":"https:\/\/www.jeromecarbone.com\/photographe\/"},{"@type":"ListItem","position":2,"name":"Accueil"}]},{"@type":"WebSite","@id":"https:\/\/www.jeromecarbone.com\/photographe\/#website","url":"https:\/\/www.jeromecarbone.com\/photographe\/","name":"Photographe de votre famille","description":"Photographe de votre famille","publisher":{"@id":"https:\/\/www.jeromecarbone.com\/photographe\/#\/schema\/person\/16010d3d4cd99291c568d78e2dadac77"},"potentialAction":[{"@type":"SearchAction","target":{"@type":"EntryPoint","urlTemplate":"https:\/\/www.jeromecarbone.com\/photographe\/?s={search_term_string}"},"query-input":"required name=search_term_string"}],"inLanguage":"fr-FR"},{"@type":["Person","Organization"],"@id":"https:\/\/www.jeromecarbone.com\/photographe\/#\/schema\/person\/16010d3d4cd99291c568d78e2dadac77","name":"J\u00e9r\u00f4me Carbone","image":{"@type":"ImageObject","inLanguage":"fr-FR","@id":"https:\/\/www.jeromecarbone.com\/photographe\/#\/schema\/person\/image\/","url":"https:\/\/secure.gravatar.com\/avatar\/40119e45623f76cf8351cadf8e13aebd248fdf78cb744a57826f41598011d4b6?s=96&d=mm&r=g","contentUrl":"https:\/\/secure.gravatar.com\/avatar\/40119e45623f76cf8351cadf8e13aebd248fdf78cb744a57826f41598011d4b6?s=96&d=mm&r=g","caption":"J\u00e9r\u00f4me Carbone"},"logo":{"@id":"https:\/\/www.jeromecarbone.com\/photographe\/#\/schema\/person\/image\/"}}]}},"_links":{"self":[{"href":"https:\/\/www.jeromecarbone.com\/photographe\/wp-json\/wp\/v2\/pages\/4791","targetHints":{"allow":["GET"]}}],"collection":[{"href":"https:\/\/www.jeromecarbone.com\/photographe\/wp-json\/wp\/v2\/pages"}],"about":[{"href":"https:\/\/www.jeromecarbone.com\/photographe\/wp-json\/wp\/v2\/types\/page"}],"author":[{"embeddable":true,"href":"https:\/\/www.jeromecarbone.com\/photographe\/wp-json\/wp\/v2\/users\/1"}],"replies":[{"embeddable":true,"href":"https:\/\/www.jeromecarbone.com\/photographe\/wp-json\/wp\/v2\/comments?post=4791"}],"version-history":[{"count":15,"href":"https:\/\/www.jeromecarbone.com\/photographe\/wp-json\/wp\/v2\/pages\/4791\/revisions"}],"predecessor-version":[{"id":5770,"href":"https:\/\/www.jeromecarbone.com\/photographe\/wp-json\/wp\/v2\/pages\/4791\/revisions\/5770"}],"wp:attachment":[{"href":"https:\/\/www.jeromecarbone.com\/photographe\/wp-json\/wp\/v2\/media?parent=4791"}],"curies":[{"name":"wp","href":"https:\/\/api.w.org\/{rel}","templated":true}]}}