{"id":5348,"date":"2017-02-06T17:26:59","date_gmt":"2017-02-06T16:26:59","guid":{"rendered":"http:\/\/photographe.jeromecarbone.com\/?page_id=5348"},"modified":"2021-10-07T09:38:49","modified_gmt":"2021-10-07T07:38:49","slug":"grossesse","status":"publish","type":"page","link":"https:\/\/www.jeromecarbone.com\/photographe\/grossesse\/","title":{"rendered":"Grossesse"},"content":{"rendered":"<p><span style=\"text-decoration: underline;\">Navigation<\/span>&nbsp;:&nbsp;<strong><a href=\"http:\/\/www.jeromecarbone.com\/photographe\/grossesse\/\">Galerie<\/a><\/strong> &#8211; <a href=\"http:\/\/www.jeromecarbone.com\/photographe\/grossesse\/presentation\/\">Pr\u00e9sentation<\/a> &#8211; <a href=\"http:\/\/www.jeromecarbone.com\/photographe\/grossesse\/deroulement-de-la-seance\/\">D\u00e9roulement de la s\u00e9ance<\/a> &#8211; <a href=\"http:\/\/www.jeromecarbone.com\/photographe\/grossesse\/tarifs\/\">Tarifs<\/a><\/p>\n<div class=\"gmedia_gallery realslider_module is_bot\" id=\"GmediaGallery_31\" data-gmid=\"31\" data-module=\"realslider\"><style class='gmedia_module_style_import'>@import url('https:\/\/www.jeromecarbone.com\/photographe\/wp-content\/grand-media\/module\/realslider\/css\/realslider.css?v=2.13') all;\/**** .realslider_module #GmediaGallery_31 ****\/@import \"https:\/\/www.jeromecarbone.com\/photographe\/wp-content\/grand-media\/module\/realslider\/css\/skins\/skin-universal.css\";<\/style>\t<div style=\"width:100%;height:500px;\" class=\"realSlider no-js gm-universal-skin rsImgScaleMode_fit-if-smaller\"><div class=\"gmContent gmSlideId-91 gmSlideIndex-1\"><a class=\"gmImg\" data-gmw=\"1365\" data-gmh=\"2048\" href=\"https:\/\/www.jeromecarbone.com\/photographe\/wp-content\/grand-media\/image\/2J5B3065.jpg\"><\/a><div class=\"gmSlideText_hidden\"><div class=\"gmTitle\">2J5B3065<\/div><\/div><\/div><div class=\"gmContent gmSlideId-525 gmSlideIndex-2\"><a class=\"gmImg\" data-gmw=\"1466\" data-gmh=\"2200\" href=\"https:\/\/www.jeromecarbone.com\/photographe\/wp-content\/grand-media\/image\/2J5B4667.jpg\"><\/a><div class=\"gmSlideText_hidden\"><div class=\"gmTitle\">2J5B4667<\/div><\/div><\/div><div class=\"gmContent gmSlideId-166 gmSlideIndex-3\"><a class=\"gmImg\" data-gmw=\"800\" data-gmh=\"1200\" href=\"https:\/\/www.jeromecarbone.com\/photographe\/wp-content\/grand-media\/image\/IMG_4314-3.jpg\"><\/a><div class=\"gmSlideText_hidden\"><div class=\"gmTitle\">IMG 4314-3<\/div><\/div><\/div><div class=\"gmContent gmSlideId-492 gmSlideIndex-4\"><a class=\"gmImg\" data-gmw=\"683\" data-gmh=\"1024\" href=\"https:\/\/www.jeromecarbone.com\/photographe\/wp-content\/grand-media\/image\/2J5B1205-2.jpg\"><\/a><div class=\"gmSlideText_hidden\"><div class=\"gmTitle\">2J5B1205-2<\/div><\/div><\/div><div class=\"gmContent gmSlideId-136 gmSlideIndex-5\"><a class=\"gmImg\" data-gmw=\"2048\" data-gmh=\"1536\" href=\"https:\/\/www.jeromecarbone.com\/photographe\/wp-content\/grand-media\/image\/IMG_3335.jpg\"><\/a><div class=\"gmSlideText_hidden\"><div class=\"gmTitle\">IMG 3335<\/div><\/div><\/div><div class=\"gmContent gmSlideId-489 gmSlideIndex-6\"><a class=\"gmImg\" data-gmw=\"1024\" data-gmh=\"819\" href=\"https:\/\/www.jeromecarbone.com\/photographe\/wp-content\/grand-media\/image\/2J5B0785-2.jpg\"><\/a><div class=\"gmSlideText_hidden\"><div class=\"gmTitle\">2J5B0785-2<\/div><\/div><\/div><div class=\"gmContent gmSlideId-521 gmSlideIndex-7\"><a class=\"gmImg\" data-gmw=\"2200\" data-gmh=\"1760\" href=\"https:\/\/www.jeromecarbone.com\/photographe\/wp-content\/grand-media\/image\/2J5B1348.jpg\"><\/a><div class=\"gmSlideText_hidden\"><div class=\"gmTitle\">2J5B1348<\/div><\/div><\/div><div class=\"gmContent gmSlideId-490 gmSlideIndex-8\"><a class=\"gmImg\" data-gmw=\"683\" data-gmh=\"1024\" href=\"https:\/\/www.jeromecarbone.com\/photographe\/wp-content\/grand-media\/image\/2J5B0833.jpg\"><\/a><div class=\"gmSlideText_hidden\"><div class=\"gmTitle\">2J5B0833<\/div><\/div><\/div><div class=\"gmContent gmSlideId-190 gmSlideIndex-9\"><a class=\"gmImg\" data-gmw=\"800\" data-gmh=\"1200\" href=\"https:\/\/www.jeromecarbone.com\/photographe\/wp-content\/grand-media\/image\/IMG_5997.jpg\"><\/a><div class=\"gmSlideText_hidden\"><div class=\"gmTitle\">IMG 5997<\/div><\/div><\/div><div class=\"gmContent gmSlideId-524 gmSlideIndex-10\"><a class=\"gmImg\" data-gmw=\"1466\" data-gmh=\"2200\" href=\"https:\/\/www.jeromecarbone.com\/photographe\/wp-content\/grand-media\/image\/2J5B4620.jpg\"><\/a><div class=\"gmSlideText_hidden\"><div class=\"gmTitle\">2J5B4620<\/div><\/div><\/div><div class=\"gmContent gmSlideId-196 gmSlideIndex-11\"><a class=\"gmImg\" data-gmw=\"800\" data-gmh=\"1200\" href=\"https:\/\/www.jeromecarbone.com\/photographe\/wp-content\/grand-media\/image\/IMG_6150.jpg\"><\/a><div class=\"gmSlideText_hidden\"><div class=\"gmTitle\">IMG 6150<\/div><\/div><\/div><div class=\"gmContent gmSlideId-270 gmSlideIndex-12\"><a class=\"gmImg\" data-gmw=\"2048\" data-gmh=\"1365\" href=\"https:\/\/www.jeromecarbone.com\/photographe\/wp-content\/grand-media\/image\/IMG_2716-2.jpg\"><\/a><div class=\"gmSlideText_hidden\"><div class=\"gmTitle\">IMG 2716-2<\/div><\/div><\/div><div class=\"gmContent gmSlideId-66 gmSlideIndex-13\"><a class=\"gmImg\" data-gmw=\"1365\" data-gmh=\"2048\" href=\"https:\/\/www.jeromecarbone.com\/photographe\/wp-content\/grand-media\/image\/2J5B2917.jpg\"><\/a><div class=\"gmSlideText_hidden\"><div class=\"gmTitle\">2J5B2917<\/div><\/div><\/div><div class=\"gmContent gmSlideId-95 gmSlideIndex-14\"><a class=\"gmImg\" data-gmw=\"2048\" data-gmh=\"1365\" href=\"https:\/\/www.jeromecarbone.com\/photographe\/wp-content\/grand-media\/image\/2J5B3106.jpg\"><\/a><div class=\"gmSlideText_hidden\"><div class=\"gmTitle\">2J5B3106<\/div><\/div><\/div><div class=\"gmContent gmSlideId-177 gmSlideIndex-15\"><a class=\"gmImg\" data-gmw=\"800\" data-gmh=\"1200\" href=\"https:\/\/www.jeromecarbone.com\/photographe\/wp-content\/grand-media\/image\/IMG_5632.jpg\"><\/a><div class=\"gmSlideText_hidden\"><div class=\"gmTitle\">IMG 5632<\/div><\/div><\/div><div class=\"gmContent gmSlideId-143 gmSlideIndex-16\"><a class=\"gmImg\" data-gmw=\"1600\" data-gmh=\"1067\" href=\"https:\/\/www.jeromecarbone.com\/photographe\/wp-content\/grand-media\/image\/IMG_3632.jpg\"><\/a><div class=\"gmSlideText_hidden\"><div class=\"gmTitle\">IMG 3632<\/div><\/div><\/div><div class=\"gmContent gmSlideId-491 gmSlideIndex-17\"><a class=\"gmImg\" data-gmw=\"683\" data-gmh=\"1024\" href=\"https:\/\/www.jeromecarbone.com\/photographe\/wp-content\/grand-media\/image\/2J5B0943.jpg\"><\/a><div class=\"gmSlideText_hidden\"><div class=\"gmTitle\">2J5B0943<\/div><\/div><\/div><div class=\"gmContent gmSlideId-171 gmSlideIndex-18\"><a class=\"gmImg\" data-gmw=\"1600\" data-gmh=\"1067\" href=\"https:\/\/www.jeromecarbone.com\/photographe\/wp-content\/grand-media\/image\/IMG_4432.jpg\"><\/a><div class=\"gmSlideText_hidden\"><div class=\"gmTitle\">IMG 4432<\/div><\/div><\/div><div class=\"gmContent gmSlideId-518 gmSlideIndex-19\"><a class=\"gmImg\" data-gmw=\"1467\" data-gmh=\"2200\" href=\"https:\/\/www.jeromecarbone.com\/photographe\/wp-content\/grand-media\/image\/2J5B0621.jpg\"><\/a><div class=\"gmSlideText_hidden\"><div class=\"gmTitle\">2J5B0621<\/div><\/div><\/div><div class=\"gmContent gmSlideId-517 gmSlideIndex-20\"><a class=\"gmImg\" data-gmw=\"1467\" data-gmh=\"2200\" href=\"https:\/\/www.jeromecarbone.com\/photographe\/wp-content\/grand-media\/image\/2J5B0609.jpg\"><\/a><div class=\"gmSlideText_hidden\"><div class=\"gmTitle\">2J5B0609<\/div><\/div><\/div><div class=\"gmContent gmSlideId-141 gmSlideIndex-21\"><a class=\"gmImg\" data-gmw=\"1365\" data-gmh=\"2048\" href=\"https:\/\/www.jeromecarbone.com\/photographe\/wp-content\/grand-media\/image\/IMG_3436.jpg\"><\/a><div class=\"gmSlideText_hidden\"><div class=\"gmTitle\">IMG 3436<\/div><\/div><\/div><div class=\"gmContent gmSlideId-513 gmSlideIndex-22\"><a class=\"gmImg\" data-gmw=\"1467\" data-gmh=\"2200\" href=\"https:\/\/www.jeromecarbone.com\/photographe\/wp-content\/grand-media\/image\/2J5B0333.jpg\"><\/a><div class=\"gmSlideText_hidden\"><div class=\"gmTitle\">2J5B0333<\/div><\/div><\/div><div class=\"gmContent gmSlideId-515 gmSlideIndex-23\"><a class=\"gmImg\" data-gmw=\"2200\" data-gmh=\"1467\" href=\"https:\/\/www.jeromecarbone.com\/photographe\/wp-content\/grand-media\/image\/2J5B0432.jpg\"><\/a><div class=\"gmSlideText_hidden\"><div class=\"gmTitle\">2J5B0432<\/div><\/div><\/div><div class=\"gmContent gmSlideId-189 gmSlideIndex-24\"><a class=\"gmImg\" data-gmw=\"1600\" data-gmh=\"1067\" href=\"https:\/\/www.jeromecarbone.com\/photographe\/wp-content\/grand-media\/image\/IMG_5988.jpg\"><\/a><div class=\"gmSlideText_hidden\"><div class=\"gmTitle\">IMG 5988<\/div><\/div><\/div><div class=\"gmContent gmSlideId-519 gmSlideIndex-25\"><a class=\"gmImg\" data-gmw=\"1467\" data-gmh=\"2200\" href=\"https:\/\/www.jeromecarbone.com\/photographe\/wp-content\/grand-media\/image\/2J5B1258.jpg\"><\/a><div class=\"gmSlideText_hidden\"><div class=\"gmTitle\">2J5B1258<\/div><\/div><\/div><div class=\"gmContent gmSlideId-526 gmSlideIndex-26\"><a class=\"gmImg\" data-gmw=\"1467\" data-gmh=\"2200\" href=\"https:\/\/www.jeromecarbone.com\/photographe\/wp-content\/grand-media\/image\/2J5B4747.jpg\"><\/a><div class=\"gmSlideText_hidden\"><div class=\"gmTitle\">2J5B4747<\/div><\/div><\/div><div class=\"gmContent gmSlideId-193 gmSlideIndex-27\"><a class=\"gmImg\" data-gmw=\"800\" data-gmh=\"1200\" href=\"https:\/\/www.jeromecarbone.com\/photographe\/wp-content\/grand-media\/image\/IMG_6104.jpg\"><\/a><div class=\"gmSlideText_hidden\"><div class=\"gmTitle\">IMG 6104<\/div><\/div><\/div><div class=\"gmContent gmSlideId-201 gmSlideIndex-28\"><a class=\"gmImg\" data-gmw=\"800\" data-gmh=\"1200\" href=\"https:\/\/www.jeromecarbone.com\/photographe\/wp-content\/grand-media\/image\/IMG_6219.jpg\"><\/a><div class=\"gmSlideText_hidden\"><div class=\"gmTitle\">IMG 6219<\/div><\/div><\/div><div class=\"gmContent gmSlideId-516 gmSlideIndex-29\"><a class=\"gmImg\" data-gmw=\"1467\" data-gmh=\"2200\" href=\"https:\/\/www.jeromecarbone.com\/photographe\/wp-content\/grand-media\/image\/2J5B0504.jpg\"><\/a><div class=\"gmSlideText_hidden\"><div class=\"gmTitle\">2J5B0504<\/div><\/div><\/div><div class=\"gmContent gmSlideId-174 gmSlideIndex-30\"><a class=\"gmImg\" data-gmw=\"800\" data-gmh=\"1200\" href=\"https:\/\/www.jeromecarbone.com\/photographe\/wp-content\/grand-media\/image\/IMG_5244.jpg\"><\/a><div class=\"gmSlideText_hidden\"><div class=\"gmTitle\">IMG 5244<\/div><\/div><\/div><div class=\"gmContent gmSlideId-522 gmSlideIndex-31\"><a class=\"gmImg\" data-gmw=\"1467\" data-gmh=\"2200\" href=\"https:\/\/www.jeromecarbone.com\/photographe\/wp-content\/grand-media\/image\/2J5B1390_coulllleuuur.jpg\"><\/a><div class=\"gmSlideText_hidden\"><div class=\"gmTitle\">2J5B1390 Coulllleuuur<\/div><\/div><\/div><div class=\"gmContent gmSlideId-514 gmSlideIndex-32\"><a class=\"gmImg\" data-gmw=\"1238\" data-gmh=\"2200\" href=\"https:\/\/www.jeromecarbone.com\/photographe\/wp-content\/grand-media\/image\/2J5B0402.jpg\"><\/a><div class=\"gmSlideText_hidden\"><div class=\"gmTitle\">2J5B0402<\/div><\/div><\/div><div class=\"gmContent gmSlideId-523 gmSlideIndex-33\"><a class=\"gmImg\" data-gmw=\"1467\" data-gmh=\"2200\" href=\"https:\/\/www.jeromecarbone.com\/photographe\/wp-content\/grand-media\/image\/2J5B4538-Modifier.jpg\"><\/a><div class=\"gmSlideText_hidden\"><div class=\"gmTitle\">2J5B4538-Modifier<\/div><\/div><\/div><div class=\"gmContent gmSlideId-520 gmSlideIndex-34\"><a class=\"gmImg\" data-gmw=\"1467\" data-gmh=\"2200\" href=\"https:\/\/www.jeromecarbone.com\/photographe\/wp-content\/grand-media\/image\/2J5B1302.jpg\"><\/a><div class=\"gmSlideText_hidden\"><div class=\"gmTitle\">2J5B1302<\/div><\/div><\/div><\/div>\r\n\t<a class='gmlove' target='_blank' href='http:\/\/bit.ly\/2snVAca'>Trial version - Get License<\/a>\r\n\t<script type=\"text\/javascript\">\r\n\t\tjQuery(function($){\r\n\t\t\tvar settings = {\"skin\":\"universal\",\"autoScaleSlider\":\"1\",\"imageScaleMode\":\"fit-if-smaller\",\"controlNavigation\":\"aucune\",\"arrowsNavAutoHide\":\"0\",\"loop\":\"1\",\"randomizeSlides\":\"1\",\"transitionType\":\"fade\",\"transitionSpeed\":\"1501\",\"autoPlay\":{\"enabled\":\"1\"},\"hideCaption\":\"1\",\"ID\":31,\"name\":\"Portofolio Grossesse\",\"moduleUrl\":\"https:\\\/\\\/www.jeromecarbone.com\\\/photographe\\\/wp-content\\\/grand-media\\\/module\\\/realslider\",\"pluginUrl\":\"https:\\\/\\\/www.jeromecarbone.com\\\/photographe\\\/wp-content\\\/plugins\\\/grand-media\",\"libraryUrl\":\"https:\\\/\\\/www.jeromecarbone.com\\\/photographe\\\/wp-content\\\/grand-media\",\"key\":\"\"};\r\n            $('#GmediaGallery_31 .realSlider').realSlider(settings);\r\n\t\t});\r\n\t<\/script>\r\n<\/div>\n\n","protected":false},"excerpt":{"rendered":"<p>Navigation&nbsp;:&nbsp;Galerie &#8211; Pr\u00e9sentation &#8211; D\u00e9roulement de la s\u00e9ance &#8211; Tarifs<\/p>\n","protected":false},"author":1,"featured_media":0,"parent":0,"menu_order":0,"comment_status":"closed","ping_status":"closed","template":"template-full-width.php","meta":{"footnotes":""},"class_list":["post-5348","page","type-page","status-publish","hentry"],"yoast_head":"<!-- This site is optimized with the Yoast SEO plugin v23.1 - https:\/\/yoast.com\/wordpress\/plugins\/seo\/ -->\n<title>Photographe Grossesse - J\u00e9r\u00f4me Carbone<\/title>\n<meta name=\"description\" content=\"D\u00e9couvrez mon portfolio des photos grossesse. J\u00e9r\u00f4me Carbone vous accueille dans son studio sur Salleboeuf pr\u00e8s de Bordeaux.\" \/>\n<meta name=\"robots\" content=\"index, follow, max-snippet:-1, max-image-preview:large, max-video-preview:-1\" \/>\n<link rel=\"canonical\" href=\"https:\/\/www.jeromecarbone.com\/photographe\/grossesse\/\" \/>\n<meta property=\"og:locale\" content=\"fr_FR\" \/>\n<meta property=\"og:type\" content=\"article\" \/>\n<meta property=\"og:title\" content=\"Photographe Grossesse - J\u00e9r\u00f4me Carbone\" \/>\n<meta property=\"og:description\" content=\"D\u00e9couvrez mon portfolio des photos grossesse. J\u00e9r\u00f4me Carbone vous accueille dans son studio sur Salleboeuf pr\u00e8s de Bordeaux.\" \/>\n<meta property=\"og:url\" content=\"https:\/\/www.jeromecarbone.com\/photographe\/grossesse\/\" \/>\n<meta property=\"og:site_name\" content=\"J\u00e9r\u00f4me Carbone\" \/>\n<meta property=\"article:modified_time\" content=\"2021-10-07T07:38:49+00:00\" \/>\n<meta name=\"twitter:card\" content=\"summary_large_image\" \/>\n<meta name=\"twitter:label1\" content=\"Dur\u00e9e de lecture estim\u00e9e\" \/>\n\t<meta name=\"twitter:data1\" content=\"1 minute\" \/>\n<script type=\"application\/ld+json\" class=\"yoast-schema-graph\">{\"@context\":\"https:\/\/schema.org\",\"@graph\":[{\"@type\":\"WebPage\",\"@id\":\"https:\/\/www.jeromecarbone.com\/photographe\/grossesse\/\",\"url\":\"https:\/\/www.jeromecarbone.com\/photographe\/grossesse\/\",\"name\":\"Photographe Grossesse - J\u00e9r\u00f4me Carbone\",\"isPartOf\":{\"@id\":\"https:\/\/www.jeromecarbone.com\/photographe\/#website\"},\"datePublished\":\"2017-02-06T16:26:59+00:00\",\"dateModified\":\"2021-10-07T07:38:49+00:00\",\"description\":\"D\u00e9couvrez mon portfolio des photos grossesse. J\u00e9r\u00f4me Carbone vous accueille dans son studio sur Salleboeuf pr\u00e8s de Bordeaux.\",\"breadcrumb\":{\"@id\":\"https:\/\/www.jeromecarbone.com\/photographe\/grossesse\/#breadcrumb\"},\"inLanguage\":\"fr-FR\",\"potentialAction\":[{\"@type\":\"ReadAction\",\"target\":[\"https:\/\/www.jeromecarbone.com\/photographe\/grossesse\/\"]}]},{\"@type\":\"BreadcrumbList\",\"@id\":\"https:\/\/www.jeromecarbone.com\/photographe\/grossesse\/#breadcrumb\",\"itemListElement\":[{\"@type\":\"ListItem\",\"position\":1,\"name\":\"Accueil\",\"item\":\"https:\/\/www.jeromecarbone.com\/photographe\/\"},{\"@type\":\"ListItem\",\"position\":2,\"name\":\"Grossesse\"}]},{\"@type\":\"WebSite\",\"@id\":\"https:\/\/www.jeromecarbone.com\/photographe\/#website\",\"url\":\"https:\/\/www.jeromecarbone.com\/photographe\/\",\"name\":\"Photographe de votre famille\",\"description\":\"Photographe de votre famille\",\"publisher\":{\"@id\":\"https:\/\/www.jeromecarbone.com\/photographe\/#\/schema\/person\/16010d3d4cd99291c568d78e2dadac77\"},\"potentialAction\":[{\"@type\":\"SearchAction\",\"target\":{\"@type\":\"EntryPoint\",\"urlTemplate\":\"https:\/\/www.jeromecarbone.com\/photographe\/?s={search_term_string}\"},\"query-input\":\"required name=search_term_string\"}],\"inLanguage\":\"fr-FR\"},{\"@type\":[\"Person\",\"Organization\"],\"@id\":\"https:\/\/www.jeromecarbone.com\/photographe\/#\/schema\/person\/16010d3d4cd99291c568d78e2dadac77\",\"name\":\"J\u00e9r\u00f4me Carbone\",\"image\":{\"@type\":\"ImageObject\",\"inLanguage\":\"fr-FR\",\"@id\":\"https:\/\/www.jeromecarbone.com\/photographe\/#\/schema\/person\/image\/\",\"url\":\"https:\/\/secure.gravatar.com\/avatar\/40119e45623f76cf8351cadf8e13aebd248fdf78cb744a57826f41598011d4b6?s=96&d=mm&r=g\",\"contentUrl\":\"https:\/\/secure.gravatar.com\/avatar\/40119e45623f76cf8351cadf8e13aebd248fdf78cb744a57826f41598011d4b6?s=96&d=mm&r=g\",\"caption\":\"J\u00e9r\u00f4me Carbone\"},\"logo\":{\"@id\":\"https:\/\/www.jeromecarbone.com\/photographe\/#\/schema\/person\/image\/\"}}]}<\/script>\n<!-- \/ Yoast SEO plugin. -->","yoast_head_json":{"title":"Photographe Grossesse - J\u00e9r\u00f4me Carbone","description":"D\u00e9couvrez mon portfolio des photos grossesse. J\u00e9r\u00f4me Carbone vous accueille dans son studio sur Salleboeuf pr\u00e8s de Bordeaux.","robots":{"index":"index","follow":"follow","max-snippet":"max-snippet:-1","max-image-preview":"max-image-preview:large","max-video-preview":"max-video-preview:-1"},"canonical":"https:\/\/www.jeromecarbone.com\/photographe\/grossesse\/","og_locale":"fr_FR","og_type":"article","og_title":"Photographe Grossesse - J\u00e9r\u00f4me Carbone","og_description":"D\u00e9couvrez mon portfolio des photos grossesse. J\u00e9r\u00f4me Carbone vous accueille dans son studio sur Salleboeuf pr\u00e8s de Bordeaux.","og_url":"https:\/\/www.jeromecarbone.com\/photographe\/grossesse\/","og_site_name":"J\u00e9r\u00f4me Carbone","article_modified_time":"2021-10-07T07:38:49+00:00","twitter_card":"summary_large_image","twitter_misc":{"Dur\u00e9e de lecture estim\u00e9e":"1 minute"},"schema":{"@context":"https:\/\/schema.org","@graph":[{"@type":"WebPage","@id":"https:\/\/www.jeromecarbone.com\/photographe\/grossesse\/","url":"https:\/\/www.jeromecarbone.com\/photographe\/grossesse\/","name":"Photographe Grossesse - J\u00e9r\u00f4me Carbone","isPartOf":{"@id":"https:\/\/www.jeromecarbone.com\/photographe\/#website"},"datePublished":"2017-02-06T16:26:59+00:00","dateModified":"2021-10-07T07:38:49+00:00","description":"D\u00e9couvrez mon portfolio des photos grossesse. J\u00e9r\u00f4me Carbone vous accueille dans son studio sur Salleboeuf pr\u00e8s de Bordeaux.","breadcrumb":{"@id":"https:\/\/www.jeromecarbone.com\/photographe\/grossesse\/#breadcrumb"},"inLanguage":"fr-FR","potentialAction":[{"@type":"ReadAction","target":["https:\/\/www.jeromecarbone.com\/photographe\/grossesse\/"]}]},{"@type":"BreadcrumbList","@id":"https:\/\/www.jeromecarbone.com\/photographe\/grossesse\/#breadcrumb","itemListElement":[{"@type":"ListItem","position":1,"name":"Accueil","item":"https:\/\/www.jeromecarbone.com\/photographe\/"},{"@type":"ListItem","position":2,"name":"Grossesse"}]},{"@type":"WebSite","@id":"https:\/\/www.jeromecarbone.com\/photographe\/#website","url":"https:\/\/www.jeromecarbone.com\/photographe\/","name":"Photographe de votre famille","description":"Photographe de votre famille","publisher":{"@id":"https:\/\/www.jeromecarbone.com\/photographe\/#\/schema\/person\/16010d3d4cd99291c568d78e2dadac77"},"potentialAction":[{"@type":"SearchAction","target":{"@type":"EntryPoint","urlTemplate":"https:\/\/www.jeromecarbone.com\/photographe\/?s={search_term_string}"},"query-input":"required name=search_term_string"}],"inLanguage":"fr-FR"},{"@type":["Person","Organization"],"@id":"https:\/\/www.jeromecarbone.com\/photographe\/#\/schema\/person\/16010d3d4cd99291c568d78e2dadac77","name":"J\u00e9r\u00f4me Carbone","image":{"@type":"ImageObject","inLanguage":"fr-FR","@id":"https:\/\/www.jeromecarbone.com\/photographe\/#\/schema\/person\/image\/","url":"https:\/\/secure.gravatar.com\/avatar\/40119e45623f76cf8351cadf8e13aebd248fdf78cb744a57826f41598011d4b6?s=96&d=mm&r=g","contentUrl":"https:\/\/secure.gravatar.com\/avatar\/40119e45623f76cf8351cadf8e13aebd248fdf78cb744a57826f41598011d4b6?s=96&d=mm&r=g","caption":"J\u00e9r\u00f4me Carbone"},"logo":{"@id":"https:\/\/www.jeromecarbone.com\/photographe\/#\/schema\/person\/image\/"}}]}},"_links":{"self":[{"href":"https:\/\/www.jeromecarbone.com\/photographe\/wp-json\/wp\/v2\/pages\/5348","targetHints":{"allow":["GET"]}}],"collection":[{"href":"https:\/\/www.jeromecarbone.com\/photographe\/wp-json\/wp\/v2\/pages"}],"about":[{"href":"https:\/\/www.jeromecarbone.com\/photographe\/wp-json\/wp\/v2\/types\/page"}],"author":[{"embeddable":true,"href":"https:\/\/www.jeromecarbone.com\/photographe\/wp-json\/wp\/v2\/users\/1"}],"replies":[{"embeddable":true,"href":"https:\/\/www.jeromecarbone.com\/photographe\/wp-json\/wp\/v2\/comments?post=5348"}],"version-history":[{"count":11,"href":"https:\/\/www.jeromecarbone.com\/photographe\/wp-json\/wp\/v2\/pages\/5348\/revisions"}],"predecessor-version":[{"id":5777,"href":"https:\/\/www.jeromecarbone.com\/photographe\/wp-json\/wp\/v2\/pages\/5348\/revisions\/5777"}],"wp:attachment":[{"href":"https:\/\/www.jeromecarbone.com\/photographe\/wp-json\/wp\/v2\/media?parent=5348"}],"curies":[{"name":"wp","href":"https:\/\/api.w.org\/{rel}","templated":true}]}}