{"id":5350,"date":"2017-02-06T17:27:19","date_gmt":"2017-02-06T16:27:19","guid":{"rendered":"http:\/\/photographe.jeromecarbone.com\/?page_id=5350"},"modified":"2021-02-06T11:57:35","modified_gmt":"2021-02-06T10:57:35","slug":"naissance","status":"publish","type":"page","link":"https:\/\/www.jeromecarbone.com\/photographe\/naissance\/","title":{"rendered":"Naissance"},"content":{"rendered":"<p><span style=\"text-decoration: underline;\">Navigation<\/span>\u00a0:\u00a0<strong><a href=\"http:\/\/www.jeromecarbone.com\/photographe\/naissance\/\">Galerie<\/a><\/strong> &#8211; <a href=\"http:\/\/www.jeromecarbone.com\/photographe\/naissance\/presentation\/\">Pr\u00e9sentation<\/a> &#8211; <a href=\"http:\/\/www.jeromecarbone.com\/photographe\/naissance\/deroulement-de-la-seance\/\">D\u00e9roulement de la s\u00e9ance<\/a> &#8211; <a href=\"http:\/\/www.jeromecarbone.com\/photographe\/naissance\/tarifs\/\">Tarifs<\/a><\/p>\n<div class=\"gmedia_gallery realslider_module is_bot\" id=\"GmediaGallery_30\" data-gmid=\"30\" data-module=\"realslider\"><style class='gmedia_module_style_import'>@import url('https:\/\/www.jeromecarbone.com\/photographe\/wp-content\/grand-media\/module\/realslider\/css\/realslider.css?v=2.13') all;\/**** .realslider_module #GmediaGallery_30 ****\/@import \"https:\/\/www.jeromecarbone.com\/photographe\/wp-content\/grand-media\/module\/realslider\/css\/skins\/skin-universal.css\";<\/style>\t<div style=\"width:100%;height:500px;\" class=\"realSlider no-js gm-universal-skin rsImgScaleMode_fit-if-smaller\"><div class=\"gmContent gmSlideId-481 gmSlideIndex-1\"><a class=\"gmImg\" data-gmw=\"1467\" data-gmh=\"2200\" href=\"https:\/\/www.jeromecarbone.com\/photographe\/wp-content\/grand-media\/image\/2J5B4051-watermak.jpg\"><\/a><div class=\"gmSlideText_hidden\"><div class=\"gmTitle\">2J5B4051-watermak<\/div><\/div><\/div><div class=\"gmContent gmSlideId-474 gmSlideIndex-2\"><a class=\"gmImg\" data-gmw=\"2200\" data-gmh=\"1375\" href=\"https:\/\/www.jeromecarbone.com\/photographe\/wp-content\/grand-media\/image\/IMG_4739c.jpg\"><\/a><div class=\"gmSlideText_hidden\"><div class=\"gmTitle\">IMG 4739c<\/div><\/div><\/div><div class=\"gmContent gmSlideId-495 gmSlideIndex-3\"><a class=\"gmImg\" data-gmw=\"1024\" data-gmh=\"819\" href=\"https:\/\/www.jeromecarbone.com\/photographe\/wp-content\/grand-media\/image\/2J5B1677.jpg\"><\/a><div class=\"gmSlideText_hidden\"><div class=\"gmTitle\">2J5B1677<\/div><\/div><\/div><div class=\"gmContent gmSlideId-528 gmSlideIndex-4\"><a class=\"gmImg\" data-gmw=\"2200\" data-gmh=\"1467\" href=\"https:\/\/www.jeromecarbone.com\/photographe\/wp-content\/grand-media\/image\/2J5B1763.jpg\"><\/a><div class=\"gmSlideText_hidden\"><div class=\"gmTitle\">2J5B1763<\/div><\/div><\/div><div class=\"gmContent gmSlideId-484 gmSlideIndex-5\"><a class=\"gmImg\" data-gmw=\"2200\" data-gmh=\"2200\" href=\"https:\/\/www.jeromecarbone.com\/photographe\/wp-content\/grand-media\/image\/2J5B3980-watermark.jpg\"><\/a><div class=\"gmSlideText_hidden\"><div class=\"gmTitle\">2J5B3980-watermark<\/div><\/div><\/div><div class=\"gmContent gmSlideId-493 gmSlideIndex-6\"><a class=\"gmImg\" data-gmw=\"819\" data-gmh=\"1024\" href=\"https:\/\/www.jeromecarbone.com\/photographe\/wp-content\/grand-media\/image\/2J5B1459.jpg\"><\/a><div class=\"gmSlideText_hidden\"><div class=\"gmTitle\">2J5B1459<\/div><\/div><\/div><div class=\"gmContent gmSlideId-282 gmSlideIndex-7\"><a class=\"gmImg\" data-gmw=\"2200\" data-gmh=\"1467\" href=\"https:\/\/www.jeromecarbone.com\/photographe\/wp-content\/grand-media\/image\/IMG_4656.jpg\"><\/a><div class=\"gmSlideText_hidden\"><div class=\"gmTitle\">IMG 4656<\/div><\/div><\/div><div class=\"gmContent gmSlideId-531 gmSlideIndex-8\"><a class=\"gmImg\" data-gmw=\"2200\" data-gmh=\"1467\" href=\"https:\/\/www.jeromecarbone.com\/photographe\/wp-content\/grand-media\/image\/2J5B2256.jpg\"><\/a><div class=\"gmSlideText_hidden\"><div class=\"gmTitle\">2J5B2256<\/div><\/div><\/div><div class=\"gmContent gmSlideId-466 gmSlideIndex-9\"><a class=\"gmImg\" data-gmw=\"2048\" data-gmh=\"2048\" href=\"https:\/\/www.jeromecarbone.com\/photographe\/wp-content\/grand-media\/image\/2J5B4096-2.jpg\"><\/a><div class=\"gmSlideText_hidden\"><div class=\"gmTitle\">2J5B4096-2<\/div><\/div><\/div><div class=\"gmContent gmSlideId-470 gmSlideIndex-10\"><a class=\"gmImg\" data-gmw=\"1277\" data-gmh=\"2048\" href=\"https:\/\/www.jeromecarbone.com\/photographe\/wp-content\/grand-media\/image\/Body.jpg\"><\/a><div class=\"gmSlideText_hidden\"><div class=\"gmTitle\">Body<\/div><\/div><\/div><div class=\"gmContent gmSlideId-472 gmSlideIndex-11\"><a class=\"gmImg\" data-gmw=\"1466\" data-gmh=\"1466\" href=\"https:\/\/www.jeromecarbone.com\/photographe\/wp-content\/grand-media\/image\/aaron.jpg\"><\/a><div class=\"gmSlideText_hidden\"><div class=\"gmTitle\">Aaron<\/div><\/div><\/div><div class=\"gmContent gmSlideId-496 gmSlideIndex-12\"><a class=\"gmImg\" data-gmw=\"1024\" data-gmh=\"683\" href=\"https:\/\/www.jeromecarbone.com\/photographe\/wp-content\/grand-media\/image\/2J5B1738.jpg\"><\/a><div class=\"gmSlideText_hidden\"><div class=\"gmTitle\">2J5B1738<\/div><\/div><\/div><div class=\"gmContent gmSlideId-291 gmSlideIndex-13\"><a class=\"gmImg\" data-gmw=\"2200\" data-gmh=\"1650\" href=\"https:\/\/www.jeromecarbone.com\/photographe\/wp-content\/grand-media\/image\/IMG_4751.jpg\"><\/a><div class=\"gmSlideText_hidden\"><div class=\"gmTitle\">IMG 4751<\/div><\/div><\/div><div class=\"gmContent gmSlideId-532 gmSlideIndex-14\"><a class=\"gmImg\" data-gmw=\"2200\" data-gmh=\"2200\" href=\"https:\/\/www.jeromecarbone.com\/photographe\/wp-content\/grand-media\/image\/2J5B2327.jpg\"><\/a><div class=\"gmSlideText_hidden\"><div class=\"gmTitle\">2J5B2327<\/div><\/div><\/div><div class=\"gmContent gmSlideId-483 gmSlideIndex-15\"><a class=\"gmImg\" data-gmw=\"2200\" data-gmh=\"1467\" href=\"https:\/\/www.jeromecarbone.com\/photographe\/wp-content\/grand-media\/image\/2J5B3922-watermark.jpg\"><\/a><div class=\"gmSlideText_hidden\"><div class=\"gmTitle\">2J5B3922-watermark<\/div><\/div><\/div><div class=\"gmContent gmSlideId-286 gmSlideIndex-16\"><a class=\"gmImg\" data-gmw=\"1467\" data-gmh=\"2200\" href=\"https:\/\/www.jeromecarbone.com\/photographe\/wp-content\/grand-media\/image\/IMG_4724-2.jpg\"><\/a><div class=\"gmSlideText_hidden\"><div class=\"gmTitle\">IMG 4724-2<\/div><\/div><\/div><div class=\"gmContent gmSlideId-475 gmSlideIndex-17\"><a class=\"gmImg\" data-gmw=\"2200\" data-gmh=\"1467\" href=\"https:\/\/www.jeromecarbone.com\/photographe\/wp-content\/grand-media\/image\/IMG_4840d.jpg\"><\/a><div class=\"gmSlideText_hidden\"><div class=\"gmTitle\">IMG 4840d<\/div><\/div><\/div><div class=\"gmContent gmSlideId-529 gmSlideIndex-18\"><a class=\"gmImg\" data-gmw=\"1467\" data-gmh=\"2200\" href=\"https:\/\/www.jeromecarbone.com\/photographe\/wp-content\/grand-media\/image\/2J5B1797-2.jpg\"><\/a><div class=\"gmSlideText_hidden\"><div class=\"gmTitle\">2J5B1797-2<\/div><\/div><\/div><div class=\"gmContent gmSlideId-530 gmSlideIndex-19\"><a class=\"gmImg\" data-gmw=\"2200\" data-gmh=\"1467\" href=\"https:\/\/www.jeromecarbone.com\/photographe\/wp-content\/grand-media\/image\/2J5B1870-2.jpg\"><\/a><div class=\"gmSlideText_hidden\"><div class=\"gmTitle\">2J5B1870-2<\/div><\/div><\/div><div class=\"gmContent gmSlideId-482 gmSlideIndex-20\"><a class=\"gmImg\" data-gmw=\"2200\" data-gmh=\"1467\" href=\"https:\/\/www.jeromecarbone.com\/photographe\/wp-content\/grand-media\/image\/2J5B3888-watermark.jpg\"><\/a><div class=\"gmSlideText_hidden\"><div class=\"gmTitle\">2J5B3888-watermark<\/div><\/div><\/div><div class=\"gmContent gmSlideId-533 gmSlideIndex-21\"><a class=\"gmImg\" data-gmw=\"1467\" data-gmh=\"2200\" href=\"https:\/\/www.jeromecarbone.com\/photographe\/wp-content\/grand-media\/image\/2J5B2329_1.jpg\"><\/a><div class=\"gmSlideText_hidden\"><div class=\"gmTitle\">2J5B2329<\/div><\/div><\/div><div class=\"gmContent gmSlideId-265 gmSlideIndex-22\"><a class=\"gmImg\" data-gmw=\"2200\" data-gmh=\"2200\" href=\"https:\/\/www.jeromecarbone.com\/photographe\/wp-content\/grand-media\/image\/2J5B8010.jpg\"><\/a><div class=\"gmSlideText_hidden\"><div class=\"gmTitle\">2J5B8010<\/div><\/div><\/div><div class=\"gmContent gmSlideId-213 gmSlideIndex-23\"><a class=\"gmImg\" data-gmw=\"900\" data-gmh=\"1200\" href=\"https:\/\/www.jeromecarbone.com\/photographe\/wp-content\/grand-media\/image\/2J5B7027-3.jpg\"><\/a><div class=\"gmSlideText_hidden\"><div class=\"gmTitle\">2J5B7027-3<\/div><\/div><\/div><div class=\"gmContent gmSlideId-527 gmSlideIndex-24\"><a class=\"gmImg\" data-gmw=\"2200\" data-gmh=\"1467\" href=\"https:\/\/www.jeromecarbone.com\/photographe\/wp-content\/grand-media\/image\/2J5B1677_1.jpg\"><\/a><div class=\"gmSlideText_hidden\"><div class=\"gmTitle\">2J5B1677<\/div><\/div><\/div><div class=\"gmContent gmSlideId-494 gmSlideIndex-25\"><a class=\"gmImg\" data-gmw=\"1024\" data-gmh=\"683\" href=\"https:\/\/www.jeromecarbone.com\/photographe\/wp-content\/grand-media\/image\/2J5B1502.jpg\"><\/a><div class=\"gmSlideText_hidden\"><div class=\"gmTitle\">2J5B1502<\/div><\/div><\/div><div class=\"gmContent gmSlideId-497 gmSlideIndex-26\"><a class=\"gmImg\" data-gmw=\"1600\" data-gmh=\"1067\" href=\"https:\/\/www.jeromecarbone.com\/photographe\/wp-content\/grand-media\/image\/naissance-nolan.jpg\"><\/a><div class=\"gmSlideText_hidden\"><div class=\"gmTitle\">Naissance-nolan<\/div><\/div><\/div><\/div>\r\n\t<a class='gmlove' target='_blank' href='http:\/\/bit.ly\/2snVAca'>Trial version - Get License<\/a>\r\n\t<script type=\"text\/javascript\">\r\n\t\tjQuery(function($){\r\n\t\t\tvar settings = {\"skin\":\"universal\",\"autoScaleSlider\":\"1\",\"imageScaleMode\":\"fit-if-smaller\",\"controlNavigation\":\"aucune\",\"arrowsNavAutoHide\":\"0\",\"loop\":\"1\",\"randomizeSlides\":\"1\",\"transitionType\":\"fade\",\"transitionSpeed\":\"1501\",\"autoPlay\":{\"enabled\":\"1\"},\"hideCaption\":\"1\",\"ID\":30,\"name\":\"Portofolio Naissance\",\"moduleUrl\":\"https:\\\/\\\/www.jeromecarbone.com\\\/photographe\\\/wp-content\\\/grand-media\\\/module\\\/realslider\",\"pluginUrl\":\"https:\\\/\\\/www.jeromecarbone.com\\\/photographe\\\/wp-content\\\/plugins\\\/grand-media\",\"libraryUrl\":\"https:\\\/\\\/www.jeromecarbone.com\\\/photographe\\\/wp-content\\\/grand-media\",\"key\":\"\"};\r\n            $('#GmediaGallery_30 .realSlider').realSlider(settings);\r\n\t\t});\r\n\t<\/script>\r\n<\/div>\n","protected":false},"excerpt":{"rendered":"<p>Navigation\u00a0:\u00a0Galerie &#8211; Pr\u00e9sentation &#8211; D\u00e9roulement de la s\u00e9ance &#8211; Tarifs<\/p>\n","protected":false},"author":1,"featured_media":0,"parent":0,"menu_order":0,"comment_status":"closed","ping_status":"closed","template":"template-full-width.php","meta":{"footnotes":""},"class_list":["post-5350","page","type-page","status-publish","hentry"],"yoast_head":"<!-- This site is optimized with the Yoast SEO plugin v23.1 - https:\/\/yoast.com\/wordpress\/plugins\/seo\/ -->\n<title>Naissance - J\u00e9r\u00f4me Carbone<\/title>\n<meta name=\"robots\" content=\"index, follow, max-snippet:-1, max-image-preview:large, max-video-preview:-1\" \/>\n<link rel=\"canonical\" href=\"https:\/\/www.jeromecarbone.com\/photographe\/naissance\/\" \/>\n<meta property=\"og:locale\" content=\"fr_FR\" \/>\n<meta property=\"og:type\" content=\"article\" \/>\n<meta property=\"og:title\" content=\"Naissance - J\u00e9r\u00f4me Carbone\" \/>\n<meta property=\"og:description\" content=\"Navigation\u00a0:\u00a0Galerie &#8211; Pr\u00e9sentation &#8211; D\u00e9roulement de la s\u00e9ance &#8211; Tarifs\" \/>\n<meta property=\"og:url\" content=\"https:\/\/www.jeromecarbone.com\/photographe\/naissance\/\" \/>\n<meta property=\"og:site_name\" content=\"J\u00e9r\u00f4me Carbone\" \/>\n<meta property=\"article:modified_time\" content=\"2021-02-06T10:57:35+00:00\" \/>\n<meta name=\"twitter:card\" content=\"summary_large_image\" \/>\n<script type=\"application\/ld+json\" class=\"yoast-schema-graph\">{\"@context\":\"https:\/\/schema.org\",\"@graph\":[{\"@type\":\"WebPage\",\"@id\":\"https:\/\/www.jeromecarbone.com\/photographe\/naissance\/\",\"url\":\"https:\/\/www.jeromecarbone.com\/photographe\/naissance\/\",\"name\":\"Naissance - J\u00e9r\u00f4me Carbone\",\"isPartOf\":{\"@id\":\"https:\/\/www.jeromecarbone.com\/photographe\/#website\"},\"datePublished\":\"2017-02-06T16:27:19+00:00\",\"dateModified\":\"2021-02-06T10:57:35+00:00\",\"breadcrumb\":{\"@id\":\"https:\/\/www.jeromecarbone.com\/photographe\/naissance\/#breadcrumb\"},\"inLanguage\":\"fr-FR\",\"potentialAction\":[{\"@type\":\"ReadAction\",\"target\":[\"https:\/\/www.jeromecarbone.com\/photographe\/naissance\/\"]}]},{\"@type\":\"BreadcrumbList\",\"@id\":\"https:\/\/www.jeromecarbone.com\/photographe\/naissance\/#breadcrumb\",\"itemListElement\":[{\"@type\":\"ListItem\",\"position\":1,\"name\":\"Accueil\",\"item\":\"https:\/\/www.jeromecarbone.com\/photographe\/\"},{\"@type\":\"ListItem\",\"position\":2,\"name\":\"Naissance\"}]},{\"@type\":\"WebSite\",\"@id\":\"https:\/\/www.jeromecarbone.com\/photographe\/#website\",\"url\":\"https:\/\/www.jeromecarbone.com\/photographe\/\",\"name\":\"Photographe de votre famille\",\"description\":\"Photographe de votre famille\",\"publisher\":{\"@id\":\"https:\/\/www.jeromecarbone.com\/photographe\/#\/schema\/person\/16010d3d4cd99291c568d78e2dadac77\"},\"potentialAction\":[{\"@type\":\"SearchAction\",\"target\":{\"@type\":\"EntryPoint\",\"urlTemplate\":\"https:\/\/www.jeromecarbone.com\/photographe\/?s={search_term_string}\"},\"query-input\":\"required name=search_term_string\"}],\"inLanguage\":\"fr-FR\"},{\"@type\":[\"Person\",\"Organization\"],\"@id\":\"https:\/\/www.jeromecarbone.com\/photographe\/#\/schema\/person\/16010d3d4cd99291c568d78e2dadac77\",\"name\":\"J\u00e9r\u00f4me Carbone\",\"image\":{\"@type\":\"ImageObject\",\"inLanguage\":\"fr-FR\",\"@id\":\"https:\/\/www.jeromecarbone.com\/photographe\/#\/schema\/person\/image\/\",\"url\":\"https:\/\/secure.gravatar.com\/avatar\/40119e45623f76cf8351cadf8e13aebd248fdf78cb744a57826f41598011d4b6?s=96&d=mm&r=g\",\"contentUrl\":\"https:\/\/secure.gravatar.com\/avatar\/40119e45623f76cf8351cadf8e13aebd248fdf78cb744a57826f41598011d4b6?s=96&d=mm&r=g\",\"caption\":\"J\u00e9r\u00f4me Carbone\"},\"logo\":{\"@id\":\"https:\/\/www.jeromecarbone.com\/photographe\/#\/schema\/person\/image\/\"}}]}<\/script>\n<!-- \/ Yoast SEO plugin. -->","yoast_head_json":{"title":"Naissance - J\u00e9r\u00f4me Carbone","robots":{"index":"index","follow":"follow","max-snippet":"max-snippet:-1","max-image-preview":"max-image-preview:large","max-video-preview":"max-video-preview:-1"},"canonical":"https:\/\/www.jeromecarbone.com\/photographe\/naissance\/","og_locale":"fr_FR","og_type":"article","og_title":"Naissance - J\u00e9r\u00f4me Carbone","og_description":"Navigation\u00a0:\u00a0Galerie &#8211; Pr\u00e9sentation &#8211; D\u00e9roulement de la s\u00e9ance &#8211; Tarifs","og_url":"https:\/\/www.jeromecarbone.com\/photographe\/naissance\/","og_site_name":"J\u00e9r\u00f4me Carbone","article_modified_time":"2021-02-06T10:57:35+00:00","twitter_card":"summary_large_image","schema":{"@context":"https:\/\/schema.org","@graph":[{"@type":"WebPage","@id":"https:\/\/www.jeromecarbone.com\/photographe\/naissance\/","url":"https:\/\/www.jeromecarbone.com\/photographe\/naissance\/","name":"Naissance - J\u00e9r\u00f4me Carbone","isPartOf":{"@id":"https:\/\/www.jeromecarbone.com\/photographe\/#website"},"datePublished":"2017-02-06T16:27:19+00:00","dateModified":"2021-02-06T10:57:35+00:00","breadcrumb":{"@id":"https:\/\/www.jeromecarbone.com\/photographe\/naissance\/#breadcrumb"},"inLanguage":"fr-FR","potentialAction":[{"@type":"ReadAction","target":["https:\/\/www.jeromecarbone.com\/photographe\/naissance\/"]}]},{"@type":"BreadcrumbList","@id":"https:\/\/www.jeromecarbone.com\/photographe\/naissance\/#breadcrumb","itemListElement":[{"@type":"ListItem","position":1,"name":"Accueil","item":"https:\/\/www.jeromecarbone.com\/photographe\/"},{"@type":"ListItem","position":2,"name":"Naissance"}]},{"@type":"WebSite","@id":"https:\/\/www.jeromecarbone.com\/photographe\/#website","url":"https:\/\/www.jeromecarbone.com\/photographe\/","name":"Photographe de votre famille","description":"Photographe de votre famille","publisher":{"@id":"https:\/\/www.jeromecarbone.com\/photographe\/#\/schema\/person\/16010d3d4cd99291c568d78e2dadac77"},"potentialAction":[{"@type":"SearchAction","target":{"@type":"EntryPoint","urlTemplate":"https:\/\/www.jeromecarbone.com\/photographe\/?s={search_term_string}"},"query-input":"required name=search_term_string"}],"inLanguage":"fr-FR"},{"@type":["Person","Organization"],"@id":"https:\/\/www.jeromecarbone.com\/photographe\/#\/schema\/person\/16010d3d4cd99291c568d78e2dadac77","name":"J\u00e9r\u00f4me Carbone","image":{"@type":"ImageObject","inLanguage":"fr-FR","@id":"https:\/\/www.jeromecarbone.com\/photographe\/#\/schema\/person\/image\/","url":"https:\/\/secure.gravatar.com\/avatar\/40119e45623f76cf8351cadf8e13aebd248fdf78cb744a57826f41598011d4b6?s=96&d=mm&r=g","contentUrl":"https:\/\/secure.gravatar.com\/avatar\/40119e45623f76cf8351cadf8e13aebd248fdf78cb744a57826f41598011d4b6?s=96&d=mm&r=g","caption":"J\u00e9r\u00f4me Carbone"},"logo":{"@id":"https:\/\/www.jeromecarbone.com\/photographe\/#\/schema\/person\/image\/"}}]}},"_links":{"self":[{"href":"https:\/\/www.jeromecarbone.com\/photographe\/wp-json\/wp\/v2\/pages\/5350","targetHints":{"allow":["GET"]}}],"collection":[{"href":"https:\/\/www.jeromecarbone.com\/photographe\/wp-json\/wp\/v2\/pages"}],"about":[{"href":"https:\/\/www.jeromecarbone.com\/photographe\/wp-json\/wp\/v2\/types\/page"}],"author":[{"embeddable":true,"href":"https:\/\/www.jeromecarbone.com\/photographe\/wp-json\/wp\/v2\/users\/1"}],"replies":[{"embeddable":true,"href":"https:\/\/www.jeromecarbone.com\/photographe\/wp-json\/wp\/v2\/comments?post=5350"}],"version-history":[{"count":6,"href":"https:\/\/www.jeromecarbone.com\/photographe\/wp-json\/wp\/v2\/pages\/5350\/revisions"}],"predecessor-version":[{"id":5748,"href":"https:\/\/www.jeromecarbone.com\/photographe\/wp-json\/wp\/v2\/pages\/5350\/revisions\/5748"}],"wp:attachment":[{"href":"https:\/\/www.jeromecarbone.com\/photographe\/wp-json\/wp\/v2\/media?parent=5350"}],"curies":[{"name":"wp","href":"https:\/\/api.w.org\/{rel}","templated":true}]}}