{"id":5358,"date":"2017-02-06T17:28:26","date_gmt":"2017-02-06T16:28:26","guid":{"rendered":"http:\/\/photographe.jeromecarbone.com\/?page_id=5358"},"modified":"2021-10-07T09:35:09","modified_gmt":"2021-10-07T07:35:09","slug":"contactez-moi","status":"publish","type":"page","link":"https:\/\/www.jeromecarbone.com\/photographe\/contactez-moi\/","title":{"rendered":"Me contacter"},"content":{"rendered":"<p>Je me pr\u00e9sente, J\u00e9r\u00f4me Carbone, passionn\u00e9 de photo. La photo m\u2019a toujours int\u00e9ress\u00e9, et cet attrait n\u2019a cess\u00e9 d\u2019augmenter au fil des ann\u00e9es. J\u2019ai commenc\u00e9 par des paysages, et petit \u00e0 petit je me suis mis \u00e0 faire des portraits. Lors des \u00e9v\u00e9nements familiaux comme le mariage, bapt\u00eame, naissance, j\u2019ai commenc\u00e9 \u00e0 sortir mon boitier, et c\u2019est \u00e0 force d\u2019entendre les retours positifs des personnes que je me suis dit : allez hop, exploitons \u00e0 fond cette passion !<\/p>\n<p>Je ne souhaite pas aujourd\u2019hui en faire mon activit\u00e9 principale, mais vraiment continuer cette passion sur mon temps libre et surtout en faire profiter le plus de personnes. J&rsquo;ai cr\u00e9\u00e9 dans la maison une pi\u00e8ce sp\u00e9cifique qui me sert de studio photo : lumi\u00e8res, accessoires, fonds studio&#8230; tout est pr\u00eat pour vous accueillir ! Rendez-vous \u00e0 Salleboeuf (33370).<\/p>\n<p>Ce que je pr\u00e9f\u00e8re dans ce m\u00e9tier est de recevoir le retour des gens et d\u2019apprendre que les photos les ont touch\u00e9s : l\u00e0 je peux dire que j\u2019ai fait mon job !<\/p>\n<p><strong>Sauter le pas et confiez-moi vos futurs souvenirs !<\/strong><\/p>\n<p><img loading=\"lazy\" decoding=\"async\" class=\"size-medium wp-image-5412 aligncenter\" src=\"http:\/\/www.jeromecarbone.com\/photographe\/wp-content\/uploads\/2017\/02\/email-img-300x42.jpg\" alt=\"\" width=\"300\" height=\"42\" srcset=\"https:\/\/www.jeromecarbone.com\/photographe\/wp-content\/uploads\/2017\/02\/email-img-300x42.jpg 300w, https:\/\/www.jeromecarbone.com\/photographe\/wp-content\/uploads\/2017\/02\/email-img.jpg 398w\" sizes=\"auto, (max-width: 300px) 100vw, 300px\" \/><\/p>\n<p><em>Mon Home Studio se trouve \u00e0 Salleboeuf (33370). Possibilit\u00e9 de se garer.<br \/>\n<\/em><\/p>\n","protected":false},"excerpt":{"rendered":"<p>Je me pr\u00e9sente, J\u00e9r\u00f4me Carbone, passionn\u00e9 de photo. La photo m\u2019a toujours int\u00e9ress\u00e9, et cet attrait n\u2019a cess\u00e9 d\u2019augmenter au fil des ann\u00e9es. J\u2019ai commenc\u00e9 par des paysages, et petit \u00e0 petit je me suis mis \u00e0 faire des portraits. Lors des \u00e9v\u00e9nements familiaux comme le mariage, bapt\u00eame, naissance, j\u2019ai commenc\u00e9 \u00e0 sortir mon boitier, [&hellip;]<\/p>\n","protected":false},"author":1,"featured_media":0,"parent":0,"menu_order":0,"comment_status":"closed","ping_status":"closed","template":"template-full-width.php","meta":{"footnotes":""},"class_list":["post-5358","page","type-page","status-publish","hentry"],"yoast_head":"<!-- This site is optimized with the Yoast SEO plugin v23.1 - https:\/\/yoast.com\/wordpress\/plugins\/seo\/ -->\n<title>Me contacter - J\u00e9r\u00f4me Carbone - Studio Salleboeuf<\/title>\n<meta name=\"description\" content=\"Photographe de famille, grossesse, naissance b\u00e9b\u00e9, J\u00e9r\u00f4me Carbone vous accueille dans son studio \u00e0 Salleboeuf pr\u00e8s de Bordeaux.\" \/>\n<meta name=\"robots\" content=\"index, follow, max-snippet:-1, max-image-preview:large, max-video-preview:-1\" \/>\n<link rel=\"canonical\" href=\"https:\/\/www.jeromecarbone.com\/photographe\/contactez-moi\/\" \/>\n<meta property=\"og:locale\" content=\"fr_FR\" \/>\n<meta property=\"og:type\" content=\"article\" \/>\n<meta property=\"og:title\" content=\"Me contacter - J\u00e9r\u00f4me Carbone - Studio Salleboeuf\" \/>\n<meta property=\"og:description\" content=\"Photographe de famille, grossesse, naissance b\u00e9b\u00e9, J\u00e9r\u00f4me Carbone vous accueille dans son studio \u00e0 Salleboeuf pr\u00e8s de Bordeaux.\" \/>\n<meta property=\"og:url\" content=\"https:\/\/www.jeromecarbone.com\/photographe\/contactez-moi\/\" \/>\n<meta property=\"og:site_name\" content=\"J\u00e9r\u00f4me Carbone\" \/>\n<meta property=\"article:modified_time\" content=\"2021-10-07T07:35:09+00:00\" \/>\n<meta property=\"og:image\" content=\"http:\/\/www.jeromecarbone.com\/photographe\/wp-content\/uploads\/2017\/02\/email-img-300x42.jpg\" \/>\n<meta name=\"twitter:card\" content=\"summary_large_image\" \/>\n<meta name=\"twitter:label1\" content=\"Dur\u00e9e de lecture estim\u00e9e\" \/>\n\t<meta name=\"twitter:data1\" content=\"2 minutes\" \/>\n<script type=\"application\/ld+json\" class=\"yoast-schema-graph\">{\"@context\":\"https:\/\/schema.org\",\"@graph\":[{\"@type\":\"WebPage\",\"@id\":\"https:\/\/www.jeromecarbone.com\/photographe\/contactez-moi\/\",\"url\":\"https:\/\/www.jeromecarbone.com\/photographe\/contactez-moi\/\",\"name\":\"Me contacter - J\u00e9r\u00f4me Carbone - Studio Salleboeuf\",\"isPartOf\":{\"@id\":\"https:\/\/www.jeromecarbone.com\/photographe\/#website\"},\"primaryImageOfPage\":{\"@id\":\"https:\/\/www.jeromecarbone.com\/photographe\/contactez-moi\/#primaryimage\"},\"image\":{\"@id\":\"https:\/\/www.jeromecarbone.com\/photographe\/contactez-moi\/#primaryimage\"},\"thumbnailUrl\":\"http:\/\/www.jeromecarbone.com\/photographe\/wp-content\/uploads\/2017\/02\/email-img-300x42.jpg\",\"datePublished\":\"2017-02-06T16:28:26+00:00\",\"dateModified\":\"2021-10-07T07:35:09+00:00\",\"description\":\"Photographe de famille, grossesse, naissance b\u00e9b\u00e9, J\u00e9r\u00f4me Carbone vous accueille dans son studio \u00e0 Salleboeuf pr\u00e8s de Bordeaux.\",\"breadcrumb\":{\"@id\":\"https:\/\/www.jeromecarbone.com\/photographe\/contactez-moi\/#breadcrumb\"},\"inLanguage\":\"fr-FR\",\"potentialAction\":[{\"@type\":\"ReadAction\",\"target\":[\"https:\/\/www.jeromecarbone.com\/photographe\/contactez-moi\/\"]}]},{\"@type\":\"ImageObject\",\"inLanguage\":\"fr-FR\",\"@id\":\"https:\/\/www.jeromecarbone.com\/photographe\/contactez-moi\/#primaryimage\",\"url\":\"https:\/\/www.jeromecarbone.com\/photographe\/wp-content\/uploads\/2017\/02\/email-img.jpg\",\"contentUrl\":\"https:\/\/www.jeromecarbone.com\/photographe\/wp-content\/uploads\/2017\/02\/email-img.jpg\",\"width\":398,\"height\":56},{\"@type\":\"BreadcrumbList\",\"@id\":\"https:\/\/www.jeromecarbone.com\/photographe\/contactez-moi\/#breadcrumb\",\"itemListElement\":[{\"@type\":\"ListItem\",\"position\":1,\"name\":\"Accueil\",\"item\":\"https:\/\/www.jeromecarbone.com\/photographe\/\"},{\"@type\":\"ListItem\",\"position\":2,\"name\":\"Me contacter\"}]},{\"@type\":\"WebSite\",\"@id\":\"https:\/\/www.jeromecarbone.com\/photographe\/#website\",\"url\":\"https:\/\/www.jeromecarbone.com\/photographe\/\",\"name\":\"Photographe de votre famille\",\"description\":\"Photographe de votre famille\",\"publisher\":{\"@id\":\"https:\/\/www.jeromecarbone.com\/photographe\/#\/schema\/person\/16010d3d4cd99291c568d78e2dadac77\"},\"potentialAction\":[{\"@type\":\"SearchAction\",\"target\":{\"@type\":\"EntryPoint\",\"urlTemplate\":\"https:\/\/www.jeromecarbone.com\/photographe\/?s={search_term_string}\"},\"query-input\":\"required name=search_term_string\"}],\"inLanguage\":\"fr-FR\"},{\"@type\":[\"Person\",\"Organization\"],\"@id\":\"https:\/\/www.jeromecarbone.com\/photographe\/#\/schema\/person\/16010d3d4cd99291c568d78e2dadac77\",\"name\":\"J\u00e9r\u00f4me Carbone\",\"image\":{\"@type\":\"ImageObject\",\"inLanguage\":\"fr-FR\",\"@id\":\"https:\/\/www.jeromecarbone.com\/photographe\/#\/schema\/person\/image\/\",\"url\":\"https:\/\/secure.gravatar.com\/avatar\/40119e45623f76cf8351cadf8e13aebd248fdf78cb744a57826f41598011d4b6?s=96&d=mm&r=g\",\"contentUrl\":\"https:\/\/secure.gravatar.com\/avatar\/40119e45623f76cf8351cadf8e13aebd248fdf78cb744a57826f41598011d4b6?s=96&d=mm&r=g\",\"caption\":\"J\u00e9r\u00f4me Carbone\"},\"logo\":{\"@id\":\"https:\/\/www.jeromecarbone.com\/photographe\/#\/schema\/person\/image\/\"}}]}<\/script>\n<!-- \/ Yoast SEO plugin. -->","yoast_head_json":{"title":"Me contacter - J\u00e9r\u00f4me Carbone - Studio Salleboeuf","description":"Photographe de famille, grossesse, naissance b\u00e9b\u00e9, J\u00e9r\u00f4me Carbone vous accueille dans son studio \u00e0 Salleboeuf pr\u00e8s de Bordeaux.","robots":{"index":"index","follow":"follow","max-snippet":"max-snippet:-1","max-image-preview":"max-image-preview:large","max-video-preview":"max-video-preview:-1"},"canonical":"https:\/\/www.jeromecarbone.com\/photographe\/contactez-moi\/","og_locale":"fr_FR","og_type":"article","og_title":"Me contacter - J\u00e9r\u00f4me Carbone - Studio Salleboeuf","og_description":"Photographe de famille, grossesse, naissance b\u00e9b\u00e9, J\u00e9r\u00f4me Carbone vous accueille dans son studio \u00e0 Salleboeuf pr\u00e8s de Bordeaux.","og_url":"https:\/\/www.jeromecarbone.com\/photographe\/contactez-moi\/","og_site_name":"J\u00e9r\u00f4me Carbone","article_modified_time":"2021-10-07T07:35:09+00:00","og_image":[{"url":"http:\/\/www.jeromecarbone.com\/photographe\/wp-content\/uploads\/2017\/02\/email-img-300x42.jpg"}],"twitter_card":"summary_large_image","twitter_misc":{"Dur\u00e9e de lecture estim\u00e9e":"2 minutes"},"schema":{"@context":"https:\/\/schema.org","@graph":[{"@type":"WebPage","@id":"https:\/\/www.jeromecarbone.com\/photographe\/contactez-moi\/","url":"https:\/\/www.jeromecarbone.com\/photographe\/contactez-moi\/","name":"Me contacter - J\u00e9r\u00f4me Carbone - Studio Salleboeuf","isPartOf":{"@id":"https:\/\/www.jeromecarbone.com\/photographe\/#website"},"primaryImageOfPage":{"@id":"https:\/\/www.jeromecarbone.com\/photographe\/contactez-moi\/#primaryimage"},"image":{"@id":"https:\/\/www.jeromecarbone.com\/photographe\/contactez-moi\/#primaryimage"},"thumbnailUrl":"http:\/\/www.jeromecarbone.com\/photographe\/wp-content\/uploads\/2017\/02\/email-img-300x42.jpg","datePublished":"2017-02-06T16:28:26+00:00","dateModified":"2021-10-07T07:35:09+00:00","description":"Photographe de famille, grossesse, naissance b\u00e9b\u00e9, J\u00e9r\u00f4me Carbone vous accueille dans son studio \u00e0 Salleboeuf pr\u00e8s de Bordeaux.","breadcrumb":{"@id":"https:\/\/www.jeromecarbone.com\/photographe\/contactez-moi\/#breadcrumb"},"inLanguage":"fr-FR","potentialAction":[{"@type":"ReadAction","target":["https:\/\/www.jeromecarbone.com\/photographe\/contactez-moi\/"]}]},{"@type":"ImageObject","inLanguage":"fr-FR","@id":"https:\/\/www.jeromecarbone.com\/photographe\/contactez-moi\/#primaryimage","url":"https:\/\/www.jeromecarbone.com\/photographe\/wp-content\/uploads\/2017\/02\/email-img.jpg","contentUrl":"https:\/\/www.jeromecarbone.com\/photographe\/wp-content\/uploads\/2017\/02\/email-img.jpg","width":398,"height":56},{"@type":"BreadcrumbList","@id":"https:\/\/www.jeromecarbone.com\/photographe\/contactez-moi\/#breadcrumb","itemListElement":[{"@type":"ListItem","position":1,"name":"Accueil","item":"https:\/\/www.jeromecarbone.com\/photographe\/"},{"@type":"ListItem","position":2,"name":"Me contacter"}]},{"@type":"WebSite","@id":"https:\/\/www.jeromecarbone.com\/photographe\/#website","url":"https:\/\/www.jeromecarbone.com\/photographe\/","name":"Photographe de votre famille","description":"Photographe de votre famille","publisher":{"@id":"https:\/\/www.jeromecarbone.com\/photographe\/#\/schema\/person\/16010d3d4cd99291c568d78e2dadac77"},"potentialAction":[{"@type":"SearchAction","target":{"@type":"EntryPoint","urlTemplate":"https:\/\/www.jeromecarbone.com\/photographe\/?s={search_term_string}"},"query-input":"required name=search_term_string"}],"inLanguage":"fr-FR"},{"@type":["Person","Organization"],"@id":"https:\/\/www.jeromecarbone.com\/photographe\/#\/schema\/person\/16010d3d4cd99291c568d78e2dadac77","name":"J\u00e9r\u00f4me Carbone","image":{"@type":"ImageObject","inLanguage":"fr-FR","@id":"https:\/\/www.jeromecarbone.com\/photographe\/#\/schema\/person\/image\/","url":"https:\/\/secure.gravatar.com\/avatar\/40119e45623f76cf8351cadf8e13aebd248fdf78cb744a57826f41598011d4b6?s=96&d=mm&r=g","contentUrl":"https:\/\/secure.gravatar.com\/avatar\/40119e45623f76cf8351cadf8e13aebd248fdf78cb744a57826f41598011d4b6?s=96&d=mm&r=g","caption":"J\u00e9r\u00f4me Carbone"},"logo":{"@id":"https:\/\/www.jeromecarbone.com\/photographe\/#\/schema\/person\/image\/"}}]}},"_links":{"self":[{"href":"https:\/\/www.jeromecarbone.com\/photographe\/wp-json\/wp\/v2\/pages\/5358","targetHints":{"allow":["GET"]}}],"collection":[{"href":"https:\/\/www.jeromecarbone.com\/photographe\/wp-json\/wp\/v2\/pages"}],"about":[{"href":"https:\/\/www.jeromecarbone.com\/photographe\/wp-json\/wp\/v2\/types\/page"}],"author":[{"embeddable":true,"href":"https:\/\/www.jeromecarbone.com\/photographe\/wp-json\/wp\/v2\/users\/1"}],"replies":[{"embeddable":true,"href":"https:\/\/www.jeromecarbone.com\/photographe\/wp-json\/wp\/v2\/comments?post=5358"}],"version-history":[{"count":19,"href":"https:\/\/www.jeromecarbone.com\/photographe\/wp-json\/wp\/v2\/pages\/5358\/revisions"}],"predecessor-version":[{"id":5776,"href":"https:\/\/www.jeromecarbone.com\/photographe\/wp-json\/wp\/v2\/pages\/5358\/revisions\/5776"}],"wp:attachment":[{"href":"https:\/\/www.jeromecarbone.com\/photographe\/wp-json\/wp\/v2\/media?parent=5358"}],"curies":[{"name":"wp","href":"https:\/\/api.w.org\/{rel}","templated":true}]}}