{"id":5418,"date":"2017-02-10T15:55:55","date_gmt":"2017-02-10T14:55:55","guid":{"rendered":"http:\/\/www.jeromecarbone.com\/photographe\/?page_id=5418"},"modified":"2021-02-06T11:56:06","modified_gmt":"2021-02-06T10:56:06","slug":"presentation","status":"publish","type":"page","link":"https:\/\/www.jeromecarbone.com\/photographe\/naissance\/presentation\/","title":{"rendered":"Pr\u00e9sentation"},"content":{"rendered":"<p><span style=\"text-decoration: underline;\">Navigation<\/span>\u00a0:\u00a0<a href=\"http:\/\/www.jeromecarbone.com\/photographe\/naissance\/\">Galerie<\/a> &#8211; <strong><a href=\"http:\/\/www.jeromecarbone.com\/photographe\/naissance\/presentation\/\">Pr\u00e9sentation<\/a><\/strong> &#8211; <a href=\"http:\/\/www.jeromecarbone.com\/photographe\/naissance\/deroulement-de-la-seance\/\">D\u00e9roulement de la s\u00e9ance<\/a> &#8211; <a href=\"http:\/\/www.jeromecarbone.com\/photographe\/naissance\/deroulement-de-la-seance\/\">Tarifs<\/a><\/p>\n<p><img loading=\"lazy\" decoding=\"async\" id=\"gmedia-image-494\" class=\"gmedia-singlepic alignleft\" title=\"2J5B1502\" src=\"http:\/\/www.jeromecarbone.com\/photographe\/wp-content\/grand-media\/image\/thumb\/2J5B1502.jpg\" alt=\"2J5B1502\" width=\"450\" height=\"300\" \/><\/p>\n<p>La naissance de votre enfant est un moment inoubliable. Elle est l\u2019accomplissement de l\u2019amour entre 2 personnes.<\/p>\n<p>Mais le plus impressionnant c\u2019est la vitesse d\u2019\u00e9volution des nouveau-n\u00e9s\u00a0! Combien de fois j\u2019ai pu dire \u00e0 ma femme en lui montrant une photo d\u2019un de nos enfants : \u00ab\u00a0et dire qu\u2019ils \u00e9taient comme \u00e7a\u00a0\u00bb. Alors capturons ensemble ces moments tant qu\u2019il est encore temps ! Cette s\u00e9ance photos permettra de construire l\u2019h\u00e9ritage de votre enfant \u00e0 travers vous.<\/p>\n<p>Ce que j\u2019aime par-dessus tout, c\u2019est capturer tous les petits d\u00e9tails : les mains, les pieds, les cils\u2026 Tous ces petits \u00e9l\u00e9ments qui font que votre enfant est unique.<\/p>\n<p>Et parce qu\u2019il est important de garder des souvenirs, vous pourrez, au gr\u00e9 de vos envies, transformer les photos en albums, tableaux, tirages\u2026<\/p>\n<p>Si vous le souhaitez, nous pouvons envisager la cr\u00e9ation de faire-part, \u00e0 partir des photos prises pendant la s\u00e9ance. \u00c9vitons d\u2019envoyer des faire-part aux 6 mois de votre enfant.<\/p>\n<p>Pour en savoir plus sur le d\u00e9roulement d\u2019une s\u00e9ance, <a href=\"http:\/\/www.jeromecarbone.com\/photographe\/naissance\/deroulement-de-la-seance\/\">cliquez-ici<\/a> !<\/p>\n","protected":false},"excerpt":{"rendered":"<p>Navigation\u00a0:\u00a0Galerie &#8211; Pr\u00e9sentation &#8211; D\u00e9roulement de la s\u00e9ance &#8211; Tarifs La naissance de votre enfant est un moment inoubliable. Elle est l\u2019accomplissement de l\u2019amour entre 2 personnes. Mais le plus impressionnant c\u2019est la vitesse d\u2019\u00e9volution des nouveau-n\u00e9s\u00a0! Combien de fois j\u2019ai pu dire \u00e0 ma femme en lui montrant une photo d\u2019un de nos enfants [&hellip;]<\/p>\n","protected":false},"author":1,"featured_media":0,"parent":5350,"menu_order":0,"comment_status":"closed","ping_status":"closed","template":"template-full-width.php","meta":{"footnotes":""},"class_list":["post-5418","page","type-page","status-publish","hentry"],"yoast_head":"<!-- This site is optimized with the Yoast SEO plugin v23.1 - https:\/\/yoast.com\/wordpress\/plugins\/seo\/ -->\n<title>Pr\u00e9sentation - J\u00e9r\u00f4me Carbone<\/title>\n<meta name=\"robots\" content=\"index, follow, max-snippet:-1, max-image-preview:large, max-video-preview:-1\" \/>\n<link rel=\"canonical\" href=\"https:\/\/www.jeromecarbone.com\/photographe\/naissance\/presentation\/\" \/>\n<meta property=\"og:locale\" content=\"fr_FR\" \/>\n<meta property=\"og:type\" content=\"article\" \/>\n<meta property=\"og:title\" content=\"Pr\u00e9sentation - J\u00e9r\u00f4me Carbone\" \/>\n<meta property=\"og:description\" content=\"Navigation\u00a0:\u00a0Galerie &#8211; Pr\u00e9sentation &#8211; D\u00e9roulement de la s\u00e9ance &#8211; Tarifs La naissance de votre enfant est un moment inoubliable. Elle est l\u2019accomplissement de l\u2019amour entre 2 personnes. Mais le plus impressionnant c\u2019est la vitesse d\u2019\u00e9volution des nouveau-n\u00e9s\u00a0! Combien de fois j\u2019ai pu dire \u00e0 ma femme en lui montrant une photo d\u2019un de nos enfants [&hellip;]\" \/>\n<meta property=\"og:url\" content=\"https:\/\/www.jeromecarbone.com\/photographe\/naissance\/presentation\/\" \/>\n<meta property=\"og:site_name\" content=\"J\u00e9r\u00f4me Carbone\" \/>\n<meta property=\"article:modified_time\" content=\"2021-02-06T10:56:06+00:00\" \/>\n<meta property=\"og:image\" content=\"http:\/\/www.jeromecarbone.com\/photographe\/wp-content\/grand-media\/image\/thumb\/2J5B1502.jpg\" \/>\n<meta name=\"twitter:card\" content=\"summary_large_image\" \/>\n<meta name=\"twitter:label1\" content=\"Dur\u00e9e de lecture estim\u00e9e\" \/>\n\t<meta name=\"twitter:data1\" content=\"1 minute\" \/>\n<script type=\"application\/ld+json\" class=\"yoast-schema-graph\">{\"@context\":\"https:\/\/schema.org\",\"@graph\":[{\"@type\":\"WebPage\",\"@id\":\"https:\/\/www.jeromecarbone.com\/photographe\/naissance\/presentation\/\",\"url\":\"https:\/\/www.jeromecarbone.com\/photographe\/naissance\/presentation\/\",\"name\":\"Pr\u00e9sentation - J\u00e9r\u00f4me Carbone\",\"isPartOf\":{\"@id\":\"https:\/\/www.jeromecarbone.com\/photographe\/#website\"},\"primaryImageOfPage\":{\"@id\":\"https:\/\/www.jeromecarbone.com\/photographe\/naissance\/presentation\/#primaryimage\"},\"image\":{\"@id\":\"https:\/\/www.jeromecarbone.com\/photographe\/naissance\/presentation\/#primaryimage\"},\"thumbnailUrl\":\"http:\/\/www.jeromecarbone.com\/photographe\/wp-content\/grand-media\/image\/thumb\/2J5B1502.jpg\",\"datePublished\":\"2017-02-10T14:55:55+00:00\",\"dateModified\":\"2021-02-06T10:56:06+00:00\",\"breadcrumb\":{\"@id\":\"https:\/\/www.jeromecarbone.com\/photographe\/naissance\/presentation\/#breadcrumb\"},\"inLanguage\":\"fr-FR\",\"potentialAction\":[{\"@type\":\"ReadAction\",\"target\":[\"https:\/\/www.jeromecarbone.com\/photographe\/naissance\/presentation\/\"]}]},{\"@type\":\"ImageObject\",\"inLanguage\":\"fr-FR\",\"@id\":\"https:\/\/www.jeromecarbone.com\/photographe\/naissance\/presentation\/#primaryimage\",\"url\":\"http:\/\/www.jeromecarbone.com\/photographe\/wp-content\/grand-media\/image\/thumb\/2J5B1502.jpg\",\"contentUrl\":\"http:\/\/www.jeromecarbone.com\/photographe\/wp-content\/grand-media\/image\/thumb\/2J5B1502.jpg\"},{\"@type\":\"BreadcrumbList\",\"@id\":\"https:\/\/www.jeromecarbone.com\/photographe\/naissance\/presentation\/#breadcrumb\",\"itemListElement\":[{\"@type\":\"ListItem\",\"position\":1,\"name\":\"Accueil\",\"item\":\"https:\/\/www.jeromecarbone.com\/photographe\/\"},{\"@type\":\"ListItem\",\"position\":2,\"name\":\"Naissance\",\"item\":\"https:\/\/www.jeromecarbone.com\/photographe\/naissance\/\"},{\"@type\":\"ListItem\",\"position\":3,\"name\":\"Pr\u00e9sentation\"}]},{\"@type\":\"WebSite\",\"@id\":\"https:\/\/www.jeromecarbone.com\/photographe\/#website\",\"url\":\"https:\/\/www.jeromecarbone.com\/photographe\/\",\"name\":\"Photographe de votre famille\",\"description\":\"Photographe de votre famille\",\"publisher\":{\"@id\":\"https:\/\/www.jeromecarbone.com\/photographe\/#\/schema\/person\/16010d3d4cd99291c568d78e2dadac77\"},\"potentialAction\":[{\"@type\":\"SearchAction\",\"target\":{\"@type\":\"EntryPoint\",\"urlTemplate\":\"https:\/\/www.jeromecarbone.com\/photographe\/?s={search_term_string}\"},\"query-input\":\"required name=search_term_string\"}],\"inLanguage\":\"fr-FR\"},{\"@type\":[\"Person\",\"Organization\"],\"@id\":\"https:\/\/www.jeromecarbone.com\/photographe\/#\/schema\/person\/16010d3d4cd99291c568d78e2dadac77\",\"name\":\"J\u00e9r\u00f4me Carbone\",\"image\":{\"@type\":\"ImageObject\",\"inLanguage\":\"fr-FR\",\"@id\":\"https:\/\/www.jeromecarbone.com\/photographe\/#\/schema\/person\/image\/\",\"url\":\"https:\/\/secure.gravatar.com\/avatar\/40119e45623f76cf8351cadf8e13aebd248fdf78cb744a57826f41598011d4b6?s=96&d=mm&r=g\",\"contentUrl\":\"https:\/\/secure.gravatar.com\/avatar\/40119e45623f76cf8351cadf8e13aebd248fdf78cb744a57826f41598011d4b6?s=96&d=mm&r=g\",\"caption\":\"J\u00e9r\u00f4me Carbone\"},\"logo\":{\"@id\":\"https:\/\/www.jeromecarbone.com\/photographe\/#\/schema\/person\/image\/\"}}]}<\/script>\n<!-- \/ Yoast SEO plugin. -->","yoast_head_json":{"title":"Pr\u00e9sentation - J\u00e9r\u00f4me Carbone","robots":{"index":"index","follow":"follow","max-snippet":"max-snippet:-1","max-image-preview":"max-image-preview:large","max-video-preview":"max-video-preview:-1"},"canonical":"https:\/\/www.jeromecarbone.com\/photographe\/naissance\/presentation\/","og_locale":"fr_FR","og_type":"article","og_title":"Pr\u00e9sentation - J\u00e9r\u00f4me Carbone","og_description":"Navigation\u00a0:\u00a0Galerie &#8211; Pr\u00e9sentation &#8211; D\u00e9roulement de la s\u00e9ance &#8211; Tarifs La naissance de votre enfant est un moment inoubliable. Elle est l\u2019accomplissement de l\u2019amour entre 2 personnes. Mais le plus impressionnant c\u2019est la vitesse d\u2019\u00e9volution des nouveau-n\u00e9s\u00a0! Combien de fois j\u2019ai pu dire \u00e0 ma femme en lui montrant une photo d\u2019un de nos enfants [&hellip;]","og_url":"https:\/\/www.jeromecarbone.com\/photographe\/naissance\/presentation\/","og_site_name":"J\u00e9r\u00f4me Carbone","article_modified_time":"2021-02-06T10:56:06+00:00","og_image":[{"url":"http:\/\/www.jeromecarbone.com\/photographe\/wp-content\/grand-media\/image\/thumb\/2J5B1502.jpg"}],"twitter_card":"summary_large_image","twitter_misc":{"Dur\u00e9e de lecture estim\u00e9e":"1 minute"},"schema":{"@context":"https:\/\/schema.org","@graph":[{"@type":"WebPage","@id":"https:\/\/www.jeromecarbone.com\/photographe\/naissance\/presentation\/","url":"https:\/\/www.jeromecarbone.com\/photographe\/naissance\/presentation\/","name":"Pr\u00e9sentation - J\u00e9r\u00f4me Carbone","isPartOf":{"@id":"https:\/\/www.jeromecarbone.com\/photographe\/#website"},"primaryImageOfPage":{"@id":"https:\/\/www.jeromecarbone.com\/photographe\/naissance\/presentation\/#primaryimage"},"image":{"@id":"https:\/\/www.jeromecarbone.com\/photographe\/naissance\/presentation\/#primaryimage"},"thumbnailUrl":"http:\/\/www.jeromecarbone.com\/photographe\/wp-content\/grand-media\/image\/thumb\/2J5B1502.jpg","datePublished":"2017-02-10T14:55:55+00:00","dateModified":"2021-02-06T10:56:06+00:00","breadcrumb":{"@id":"https:\/\/www.jeromecarbone.com\/photographe\/naissance\/presentation\/#breadcrumb"},"inLanguage":"fr-FR","potentialAction":[{"@type":"ReadAction","target":["https:\/\/www.jeromecarbone.com\/photographe\/naissance\/presentation\/"]}]},{"@type":"ImageObject","inLanguage":"fr-FR","@id":"https:\/\/www.jeromecarbone.com\/photographe\/naissance\/presentation\/#primaryimage","url":"http:\/\/www.jeromecarbone.com\/photographe\/wp-content\/grand-media\/image\/thumb\/2J5B1502.jpg","contentUrl":"http:\/\/www.jeromecarbone.com\/photographe\/wp-content\/grand-media\/image\/thumb\/2J5B1502.jpg"},{"@type":"BreadcrumbList","@id":"https:\/\/www.jeromecarbone.com\/photographe\/naissance\/presentation\/#breadcrumb","itemListElement":[{"@type":"ListItem","position":1,"name":"Accueil","item":"https:\/\/www.jeromecarbone.com\/photographe\/"},{"@type":"ListItem","position":2,"name":"Naissance","item":"https:\/\/www.jeromecarbone.com\/photographe\/naissance\/"},{"@type":"ListItem","position":3,"name":"Pr\u00e9sentation"}]},{"@type":"WebSite","@id":"https:\/\/www.jeromecarbone.com\/photographe\/#website","url":"https:\/\/www.jeromecarbone.com\/photographe\/","name":"Photographe de votre famille","description":"Photographe de votre famille","publisher":{"@id":"https:\/\/www.jeromecarbone.com\/photographe\/#\/schema\/person\/16010d3d4cd99291c568d78e2dadac77"},"potentialAction":[{"@type":"SearchAction","target":{"@type":"EntryPoint","urlTemplate":"https:\/\/www.jeromecarbone.com\/photographe\/?s={search_term_string}"},"query-input":"required name=search_term_string"}],"inLanguage":"fr-FR"},{"@type":["Person","Organization"],"@id":"https:\/\/www.jeromecarbone.com\/photographe\/#\/schema\/person\/16010d3d4cd99291c568d78e2dadac77","name":"J\u00e9r\u00f4me Carbone","image":{"@type":"ImageObject","inLanguage":"fr-FR","@id":"https:\/\/www.jeromecarbone.com\/photographe\/#\/schema\/person\/image\/","url":"https:\/\/secure.gravatar.com\/avatar\/40119e45623f76cf8351cadf8e13aebd248fdf78cb744a57826f41598011d4b6?s=96&d=mm&r=g","contentUrl":"https:\/\/secure.gravatar.com\/avatar\/40119e45623f76cf8351cadf8e13aebd248fdf78cb744a57826f41598011d4b6?s=96&d=mm&r=g","caption":"J\u00e9r\u00f4me Carbone"},"logo":{"@id":"https:\/\/www.jeromecarbone.com\/photographe\/#\/schema\/person\/image\/"}}]}},"_links":{"self":[{"href":"https:\/\/www.jeromecarbone.com\/photographe\/wp-json\/wp\/v2\/pages\/5418","targetHints":{"allow":["GET"]}}],"collection":[{"href":"https:\/\/www.jeromecarbone.com\/photographe\/wp-json\/wp\/v2\/pages"}],"about":[{"href":"https:\/\/www.jeromecarbone.com\/photographe\/wp-json\/wp\/v2\/types\/page"}],"author":[{"embeddable":true,"href":"https:\/\/www.jeromecarbone.com\/photographe\/wp-json\/wp\/v2\/users\/1"}],"replies":[{"embeddable":true,"href":"https:\/\/www.jeromecarbone.com\/photographe\/wp-json\/wp\/v2\/comments?post=5418"}],"version-history":[{"count":9,"href":"https:\/\/www.jeromecarbone.com\/photographe\/wp-json\/wp\/v2\/pages\/5418\/revisions"}],"predecessor-version":[{"id":5747,"href":"https:\/\/www.jeromecarbone.com\/photographe\/wp-json\/wp\/v2\/pages\/5418\/revisions\/5747"}],"up":[{"embeddable":true,"href":"https:\/\/www.jeromecarbone.com\/photographe\/wp-json\/wp\/v2\/pages\/5350"}],"wp:attachment":[{"href":"https:\/\/www.jeromecarbone.com\/photographe\/wp-json\/wp\/v2\/media?parent=5418"}],"curies":[{"name":"wp","href":"https:\/\/api.w.org\/{rel}","templated":true}]}}