{"id":5424,"date":"2017-02-10T10:55:43","date_gmt":"2017-02-10T09:55:43","guid":{"rendered":"http:\/\/www.jeromecarbone.com\/photographe\/?page_id=5424"},"modified":"2021-10-07T09:44:25","modified_gmt":"2021-10-07T07:44:25","slug":"deroulement-de-la-seance","status":"publish","type":"page","link":"https:\/\/www.jeromecarbone.com\/photographe\/grossesse\/deroulement-de-la-seance\/","title":{"rendered":"D\u00e9roulement de la s\u00e9ance"},"content":{"rendered":"<p><span style=\"text-decoration: underline;\">Navigation<\/span>&nbsp;:&nbsp;<a href=\"http:\/\/www.jeromecarbone.com\/photographe\/grossesse\/\">Galerie<\/a> &#8211; <a href=\"http:\/\/www.jeromecarbone.com\/photographe\/grossesse\/presentation\/\">Pr\u00e9sentation<\/a> &#8211;<strong> <a href=\"http:\/\/www.jeromecarbone.com\/photographe\/grossesse\/deroulement-de-la-seance\/\">D\u00e9roulement de la s\u00e9ance<\/a><\/strong> &#8211; <a href=\"http:\/\/www.jeromecarbone.com\/photographe\/grossesse\/tarifs\/\">Tarifs<\/a><\/p>\n<p><img loading=\"lazy\" decoding=\"async\" id=\"gmedia-image-91\" class=\"gmedia-singlepic alignright\" title=\"2J5B3065\" src=\"http:\/\/www.jeromecarbone.com\/photographe\/wp-content\/grand-media\/image\/thumb\/2J5B3065.jpg\" alt=\"2J5B3065\" width=\"249\" height=\"373\"><\/p>\n<p>La s\u00e9ance est planifi\u00e9e id\u00e9alement pour votre 7\u00e8me mois de grossesse : votre silhouette est bien dessin\u00e9e, les d\u00e9placements encore possibles, et la s\u00e9ance sera moins fatigante !<\/p>\n<p>La prise de contact, id\u00e9alement d\u00e8s le 6\u00e8me mois, permet d\u2019\u00e9changer ensemble sur l\u2019objectif de cette s\u00e9ance. Nous discuterons ensemble de vos attentes, des personnes pr\u00e9sentes sur les photos (conjoint, fratrie), du lieu de prise de vue, de vos disponibilit\u00e9s\u2026<\/p>\n<p>La s\u00e9ance dure environ 2 heures. Les photos seront r\u00e9alis\u00e9s selon vos souhaits : seule, en couple, avec enfants&#8230; Plusieurs possibilit\u00e9s s&rsquo;offrent \u00e0 vous concernant le style de photo que vous voulait :<br \/>\n&#8211; Studio \u00e0 votre domicile : j\u2019apporterai tout le mat\u00e9riel n\u00e9cessaire,<br \/>\n&#8211; En int\u00e9rieur ou ext\u00e9rieur en mode reportage \u00ab&nbsp;life style&nbsp;\u00bb.<\/p>\n<p>Mon objectif est de r\u00e9aliser des clich\u00e9s que VOUS aimerez !<\/p>\n<p>Une fois la s\u00e9ance r\u00e9alis\u00e9e, les photos seront mise en ligne sur une galerie dont vous aurez les acc\u00e8s priv\u00e9s. Vous aurez alors la libert\u00e9 de choisir et de t\u00e9l\u00e9chargez celles qui composeront le forfait souscrit mais aussi de pouvoir compl\u00e9ter cette s\u00e9lection avec des photos suppl\u00e9mentaires (prix unitaire ou pack\/lot d\u00e9gressif).<\/p>\n<p>N&rsquo;h\u00e9sitez pas \u00e0 immortaliser vos clich\u00e9s en commandant depuis le site un album, tableau, ou agrandissement de photo.<\/p>\n<p>Pour en savoir plus sur <a href=\"http:\/\/www.jeromecarbone.com\/photographe\/grossesse\/tarifs\/\">les tarifs, cliquez-ici<\/a>.<\/p>\n","protected":false},"excerpt":{"rendered":"<p>Navigation&nbsp;:&nbsp;Galerie &#8211; Pr\u00e9sentation &#8211; D\u00e9roulement de la s\u00e9ance &#8211; Tarifs La s\u00e9ance est planifi\u00e9e id\u00e9alement pour votre 7\u00e8me mois de grossesse : votre silhouette est bien dessin\u00e9e, les d\u00e9placements encore possibles, et la s\u00e9ance sera moins fatigante ! La prise de contact, id\u00e9alement d\u00e8s le 6\u00e8me mois, permet d\u2019\u00e9changer ensemble sur l\u2019objectif de cette s\u00e9ance. [&hellip;]<\/p>\n","protected":false},"author":1,"featured_media":0,"parent":5348,"menu_order":0,"comment_status":"closed","ping_status":"closed","template":"template-full-width.php","meta":{"footnotes":""},"class_list":["post-5424","page","type-page","status-publish","hentry"],"yoast_head":"<!-- This site is optimized with the Yoast SEO plugin v23.1 - https:\/\/yoast.com\/wordpress\/plugins\/seo\/ -->\n<title>D\u00e9roulement de la s\u00e9ance Grossesse - J\u00e9r\u00f4me Carbone - Photographe<\/title>\n<meta name=\"description\" content=\"D\u00e9couvrez le d\u00e9roulement d&#039;une s\u00e9ance grossesse. J\u00e9r\u00f4me Carbone vous accueille dans son studio sur Salleboeuf pr\u00e8s de Bordeaux.\" \/>\n<meta name=\"robots\" content=\"index, follow, max-snippet:-1, max-image-preview:large, max-video-preview:-1\" \/>\n<link rel=\"canonical\" href=\"https:\/\/www.jeromecarbone.com\/photographe\/grossesse\/deroulement-de-la-seance\/\" \/>\n<meta property=\"og:locale\" content=\"fr_FR\" \/>\n<meta property=\"og:type\" content=\"article\" \/>\n<meta property=\"og:title\" content=\"D\u00e9roulement de la s\u00e9ance Grossesse - J\u00e9r\u00f4me Carbone - Photographe\" \/>\n<meta property=\"og:description\" content=\"D\u00e9couvrez le d\u00e9roulement d&#039;une s\u00e9ance grossesse. J\u00e9r\u00f4me Carbone vous accueille dans son studio sur Salleboeuf pr\u00e8s de Bordeaux.\" \/>\n<meta property=\"og:url\" content=\"https:\/\/www.jeromecarbone.com\/photographe\/grossesse\/deroulement-de-la-seance\/\" \/>\n<meta property=\"og:site_name\" content=\"J\u00e9r\u00f4me Carbone\" \/>\n<meta property=\"article:modified_time\" content=\"2021-10-07T07:44:25+00:00\" \/>\n<meta property=\"og:image\" content=\"http:\/\/www.jeromecarbone.com\/photographe\/wp-content\/grand-media\/image\/thumb\/2J5B3065.jpg\" \/>\n<meta name=\"twitter:card\" content=\"summary_large_image\" \/>\n<meta name=\"twitter:label1\" content=\"Dur\u00e9e de lecture estim\u00e9e\" \/>\n\t<meta name=\"twitter:data1\" content=\"2 minutes\" \/>\n<script type=\"application\/ld+json\" class=\"yoast-schema-graph\">{\"@context\":\"https:\/\/schema.org\",\"@graph\":[{\"@type\":\"WebPage\",\"@id\":\"https:\/\/www.jeromecarbone.com\/photographe\/grossesse\/deroulement-de-la-seance\/\",\"url\":\"https:\/\/www.jeromecarbone.com\/photographe\/grossesse\/deroulement-de-la-seance\/\",\"name\":\"D\u00e9roulement de la s\u00e9ance Grossesse - J\u00e9r\u00f4me Carbone - Photographe\",\"isPartOf\":{\"@id\":\"https:\/\/www.jeromecarbone.com\/photographe\/#website\"},\"primaryImageOfPage\":{\"@id\":\"https:\/\/www.jeromecarbone.com\/photographe\/grossesse\/deroulement-de-la-seance\/#primaryimage\"},\"image\":{\"@id\":\"https:\/\/www.jeromecarbone.com\/photographe\/grossesse\/deroulement-de-la-seance\/#primaryimage\"},\"thumbnailUrl\":\"http:\/\/www.jeromecarbone.com\/photographe\/wp-content\/grand-media\/image\/thumb\/2J5B3065.jpg\",\"datePublished\":\"2017-02-10T09:55:43+00:00\",\"dateModified\":\"2021-10-07T07:44:25+00:00\",\"description\":\"D\u00e9couvrez le d\u00e9roulement d'une s\u00e9ance grossesse. J\u00e9r\u00f4me Carbone vous accueille dans son studio sur Salleboeuf pr\u00e8s de Bordeaux.\",\"breadcrumb\":{\"@id\":\"https:\/\/www.jeromecarbone.com\/photographe\/grossesse\/deroulement-de-la-seance\/#breadcrumb\"},\"inLanguage\":\"fr-FR\",\"potentialAction\":[{\"@type\":\"ReadAction\",\"target\":[\"https:\/\/www.jeromecarbone.com\/photographe\/grossesse\/deroulement-de-la-seance\/\"]}]},{\"@type\":\"ImageObject\",\"inLanguage\":\"fr-FR\",\"@id\":\"https:\/\/www.jeromecarbone.com\/photographe\/grossesse\/deroulement-de-la-seance\/#primaryimage\",\"url\":\"http:\/\/www.jeromecarbone.com\/photographe\/wp-content\/grand-media\/image\/thumb\/2J5B3065.jpg\",\"contentUrl\":\"http:\/\/www.jeromecarbone.com\/photographe\/wp-content\/grand-media\/image\/thumb\/2J5B3065.jpg\"},{\"@type\":\"BreadcrumbList\",\"@id\":\"https:\/\/www.jeromecarbone.com\/photographe\/grossesse\/deroulement-de-la-seance\/#breadcrumb\",\"itemListElement\":[{\"@type\":\"ListItem\",\"position\":1,\"name\":\"Accueil\",\"item\":\"https:\/\/www.jeromecarbone.com\/photographe\/\"},{\"@type\":\"ListItem\",\"position\":2,\"name\":\"Grossesse\",\"item\":\"https:\/\/www.jeromecarbone.com\/photographe\/grossesse\/\"},{\"@type\":\"ListItem\",\"position\":3,\"name\":\"D\u00e9roulement de la s\u00e9ance\"}]},{\"@type\":\"WebSite\",\"@id\":\"https:\/\/www.jeromecarbone.com\/photographe\/#website\",\"url\":\"https:\/\/www.jeromecarbone.com\/photographe\/\",\"name\":\"Photographe de votre famille\",\"description\":\"Photographe de votre famille\",\"publisher\":{\"@id\":\"https:\/\/www.jeromecarbone.com\/photographe\/#\/schema\/person\/16010d3d4cd99291c568d78e2dadac77\"},\"potentialAction\":[{\"@type\":\"SearchAction\",\"target\":{\"@type\":\"EntryPoint\",\"urlTemplate\":\"https:\/\/www.jeromecarbone.com\/photographe\/?s={search_term_string}\"},\"query-input\":\"required name=search_term_string\"}],\"inLanguage\":\"fr-FR\"},{\"@type\":[\"Person\",\"Organization\"],\"@id\":\"https:\/\/www.jeromecarbone.com\/photographe\/#\/schema\/person\/16010d3d4cd99291c568d78e2dadac77\",\"name\":\"J\u00e9r\u00f4me Carbone\",\"image\":{\"@type\":\"ImageObject\",\"inLanguage\":\"fr-FR\",\"@id\":\"https:\/\/www.jeromecarbone.com\/photographe\/#\/schema\/person\/image\/\",\"url\":\"https:\/\/secure.gravatar.com\/avatar\/40119e45623f76cf8351cadf8e13aebd248fdf78cb744a57826f41598011d4b6?s=96&d=mm&r=g\",\"contentUrl\":\"https:\/\/secure.gravatar.com\/avatar\/40119e45623f76cf8351cadf8e13aebd248fdf78cb744a57826f41598011d4b6?s=96&d=mm&r=g\",\"caption\":\"J\u00e9r\u00f4me Carbone\"},\"logo\":{\"@id\":\"https:\/\/www.jeromecarbone.com\/photographe\/#\/schema\/person\/image\/\"}}]}<\/script>\n<!-- \/ Yoast SEO plugin. -->","yoast_head_json":{"title":"D\u00e9roulement de la s\u00e9ance Grossesse - J\u00e9r\u00f4me Carbone - Photographe","description":"D\u00e9couvrez le d\u00e9roulement d'une s\u00e9ance grossesse. J\u00e9r\u00f4me Carbone vous accueille dans son studio sur Salleboeuf pr\u00e8s de Bordeaux.","robots":{"index":"index","follow":"follow","max-snippet":"max-snippet:-1","max-image-preview":"max-image-preview:large","max-video-preview":"max-video-preview:-1"},"canonical":"https:\/\/www.jeromecarbone.com\/photographe\/grossesse\/deroulement-de-la-seance\/","og_locale":"fr_FR","og_type":"article","og_title":"D\u00e9roulement de la s\u00e9ance Grossesse - J\u00e9r\u00f4me Carbone - Photographe","og_description":"D\u00e9couvrez le d\u00e9roulement d'une s\u00e9ance grossesse. J\u00e9r\u00f4me Carbone vous accueille dans son studio sur Salleboeuf pr\u00e8s de Bordeaux.","og_url":"https:\/\/www.jeromecarbone.com\/photographe\/grossesse\/deroulement-de-la-seance\/","og_site_name":"J\u00e9r\u00f4me Carbone","article_modified_time":"2021-10-07T07:44:25+00:00","og_image":[{"url":"http:\/\/www.jeromecarbone.com\/photographe\/wp-content\/grand-media\/image\/thumb\/2J5B3065.jpg"}],"twitter_card":"summary_large_image","twitter_misc":{"Dur\u00e9e de lecture estim\u00e9e":"2 minutes"},"schema":{"@context":"https:\/\/schema.org","@graph":[{"@type":"WebPage","@id":"https:\/\/www.jeromecarbone.com\/photographe\/grossesse\/deroulement-de-la-seance\/","url":"https:\/\/www.jeromecarbone.com\/photographe\/grossesse\/deroulement-de-la-seance\/","name":"D\u00e9roulement de la s\u00e9ance Grossesse - J\u00e9r\u00f4me Carbone - Photographe","isPartOf":{"@id":"https:\/\/www.jeromecarbone.com\/photographe\/#website"},"primaryImageOfPage":{"@id":"https:\/\/www.jeromecarbone.com\/photographe\/grossesse\/deroulement-de-la-seance\/#primaryimage"},"image":{"@id":"https:\/\/www.jeromecarbone.com\/photographe\/grossesse\/deroulement-de-la-seance\/#primaryimage"},"thumbnailUrl":"http:\/\/www.jeromecarbone.com\/photographe\/wp-content\/grand-media\/image\/thumb\/2J5B3065.jpg","datePublished":"2017-02-10T09:55:43+00:00","dateModified":"2021-10-07T07:44:25+00:00","description":"D\u00e9couvrez le d\u00e9roulement d'une s\u00e9ance grossesse. J\u00e9r\u00f4me Carbone vous accueille dans son studio sur Salleboeuf pr\u00e8s de Bordeaux.","breadcrumb":{"@id":"https:\/\/www.jeromecarbone.com\/photographe\/grossesse\/deroulement-de-la-seance\/#breadcrumb"},"inLanguage":"fr-FR","potentialAction":[{"@type":"ReadAction","target":["https:\/\/www.jeromecarbone.com\/photographe\/grossesse\/deroulement-de-la-seance\/"]}]},{"@type":"ImageObject","inLanguage":"fr-FR","@id":"https:\/\/www.jeromecarbone.com\/photographe\/grossesse\/deroulement-de-la-seance\/#primaryimage","url":"http:\/\/www.jeromecarbone.com\/photographe\/wp-content\/grand-media\/image\/thumb\/2J5B3065.jpg","contentUrl":"http:\/\/www.jeromecarbone.com\/photographe\/wp-content\/grand-media\/image\/thumb\/2J5B3065.jpg"},{"@type":"BreadcrumbList","@id":"https:\/\/www.jeromecarbone.com\/photographe\/grossesse\/deroulement-de-la-seance\/#breadcrumb","itemListElement":[{"@type":"ListItem","position":1,"name":"Accueil","item":"https:\/\/www.jeromecarbone.com\/photographe\/"},{"@type":"ListItem","position":2,"name":"Grossesse","item":"https:\/\/www.jeromecarbone.com\/photographe\/grossesse\/"},{"@type":"ListItem","position":3,"name":"D\u00e9roulement de la s\u00e9ance"}]},{"@type":"WebSite","@id":"https:\/\/www.jeromecarbone.com\/photographe\/#website","url":"https:\/\/www.jeromecarbone.com\/photographe\/","name":"Photographe de votre famille","description":"Photographe de votre famille","publisher":{"@id":"https:\/\/www.jeromecarbone.com\/photographe\/#\/schema\/person\/16010d3d4cd99291c568d78e2dadac77"},"potentialAction":[{"@type":"SearchAction","target":{"@type":"EntryPoint","urlTemplate":"https:\/\/www.jeromecarbone.com\/photographe\/?s={search_term_string}"},"query-input":"required name=search_term_string"}],"inLanguage":"fr-FR"},{"@type":["Person","Organization"],"@id":"https:\/\/www.jeromecarbone.com\/photographe\/#\/schema\/person\/16010d3d4cd99291c568d78e2dadac77","name":"J\u00e9r\u00f4me Carbone","image":{"@type":"ImageObject","inLanguage":"fr-FR","@id":"https:\/\/www.jeromecarbone.com\/photographe\/#\/schema\/person\/image\/","url":"https:\/\/secure.gravatar.com\/avatar\/40119e45623f76cf8351cadf8e13aebd248fdf78cb744a57826f41598011d4b6?s=96&d=mm&r=g","contentUrl":"https:\/\/secure.gravatar.com\/avatar\/40119e45623f76cf8351cadf8e13aebd248fdf78cb744a57826f41598011d4b6?s=96&d=mm&r=g","caption":"J\u00e9r\u00f4me Carbone"},"logo":{"@id":"https:\/\/www.jeromecarbone.com\/photographe\/#\/schema\/person\/image\/"}}]}},"_links":{"self":[{"href":"https:\/\/www.jeromecarbone.com\/photographe\/wp-json\/wp\/v2\/pages\/5424","targetHints":{"allow":["GET"]}}],"collection":[{"href":"https:\/\/www.jeromecarbone.com\/photographe\/wp-json\/wp\/v2\/pages"}],"about":[{"href":"https:\/\/www.jeromecarbone.com\/photographe\/wp-json\/wp\/v2\/types\/page"}],"author":[{"embeddable":true,"href":"https:\/\/www.jeromecarbone.com\/photographe\/wp-json\/wp\/v2\/users\/1"}],"replies":[{"embeddable":true,"href":"https:\/\/www.jeromecarbone.com\/photographe\/wp-json\/wp\/v2\/comments?post=5424"}],"version-history":[{"count":12,"href":"https:\/\/www.jeromecarbone.com\/photographe\/wp-json\/wp\/v2\/pages\/5424\/revisions"}],"predecessor-version":[{"id":5779,"href":"https:\/\/www.jeromecarbone.com\/photographe\/wp-json\/wp\/v2\/pages\/5424\/revisions\/5779"}],"up":[{"embeddable":true,"href":"https:\/\/www.jeromecarbone.com\/photographe\/wp-json\/wp\/v2\/pages\/5348"}],"wp:attachment":[{"href":"https:\/\/www.jeromecarbone.com\/photographe\/wp-json\/wp\/v2\/media?parent=5424"}],"curies":[{"name":"wp","href":"https:\/\/api.w.org\/{rel}","templated":true}]}}