{"id":5433,"date":"2017-02-10T11:54:26","date_gmt":"2017-02-10T10:54:26","guid":{"rendered":"http:\/\/www.jeromecarbone.com\/photographe\/?page_id=5433"},"modified":"2021-10-07T09:45:43","modified_gmt":"2021-10-07T07:45:43","slug":"tarifs","status":"publish","type":"page","link":"https:\/\/www.jeromecarbone.com\/photographe\/grossesse\/tarifs\/","title":{"rendered":"Tarifs"},"content":{"rendered":"<p><span style=\"text-decoration: underline;\">Navigation<\/span>&nbsp;:&nbsp;<a href=\"http:\/\/www.jeromecarbone.com\/photographe\/grossesse\/\">Galerie<\/a> &#8211; <a href=\"http:\/\/www.jeromecarbone.com\/photographe\/grossesse\/presentation\/\">Pr\u00e9sentation<\/a> &#8211; <a href=\"http:\/\/www.jeromecarbone.com\/photographe\/grossesse\/deroulement-de-la-seance\/\">D\u00e9roulement de la s\u00e9ance<\/a> &#8211; <strong><a href=\"http:\/\/www.jeromecarbone.com\/photographe\/grossesse\/tarifs\/\">Tarifs<\/a><\/strong><\/p>\n<p>La s\u00e9ance \u00ab\u00a0Grossesse\u00a0\u00bb est disponible au studio \u00e0 Salleboeuf (33370) ou en ext\u00e9rieur.<\/p>\n<h4>Formule \u00e0 100\u20ac<\/h4>\n<ul>\n<li>Entre <strong>1 et 2 heures<\/strong> de s\u00e9ance,<\/li>\n<li><strong> 10 photos en version num\u00e9rique format \u00ab haute d\u00e9finition \u00bb<\/strong>,<\/li>\n<li>Les photos unitaires au format num\u00e9rique peuvent \u00eatre rajout\u00e9es \u00e0 la formule (5\u20ac \/ photo \u00ab haute d\u00e9finition \u00bb),<\/li>\n<li>L\u2019<strong>acc\u00e8s \u00e0 une galerie priv\u00e9e en ligne<\/strong> pour t\u00e9l\u00e9charger les photos et commander des tirages papiers (impression par un laboratoire photo professionnel),<\/li>\n<li>La<strong> retouche et optimisation des photos<\/strong> pour une qualit\u00e9 professionnelle.<\/li>\n<\/ul>\n<p>Possibilit\u00e9 de <strong>concevoir un livre album<\/strong> sur devis.<\/p>\n\n\n<p>La formule \u00ab\u00a0Grossesse\u00a0\u00bb + \u00ab\u00a0Naissance\u00a0\u00bb est propos\u00e9e \u00e0 un <strong>tarif d\u00e9gressif<\/strong> si la commande est pass\u00e9e en m\u00eame temps : -50 \u20ac !<\/p>\n\n\n\n<p>Pour toutes autres demandes, <a href=\"http:\/\/www.jeromecarbone.com\/photographe\/contactez-moi\/\">contactez-moi<\/a> !<\/p>\n","protected":false},"excerpt":{"rendered":"<p>Navigation&nbsp;:&nbsp;Galerie &#8211; Pr\u00e9sentation &#8211; D\u00e9roulement de la s\u00e9ance &#8211; Tarifs La s\u00e9ance \u00ab\u00a0Grossesse\u00a0\u00bb est disponible au studio \u00e0 Salleboeuf (33370) ou en ext\u00e9rieur. Formule \u00e0 100\u20ac Entre 1 et 2 heures de s\u00e9ance, 10 photos en version num\u00e9rique format \u00ab haute d\u00e9finition \u00bb, Les photos unitaires au format num\u00e9rique peuvent \u00eatre rajout\u00e9es \u00e0 la formule [&hellip;]<\/p>\n","protected":false},"author":1,"featured_media":0,"parent":5348,"menu_order":0,"comment_status":"closed","ping_status":"closed","template":"template-full-width.php","meta":{"footnotes":""},"class_list":["post-5433","page","type-page","status-publish","hentry"],"yoast_head":"<!-- This site is optimized with the Yoast SEO plugin v23.1 - https:\/\/yoast.com\/wordpress\/plugins\/seo\/ -->\n<title>Tarifs de la s\u00e9ance Grossesse - J\u00e9r\u00f4me Carbone - Photographe<\/title>\n<meta name=\"description\" content=\"D\u00e9couvrez les tarifs pour les photos grossesse. J\u00e9r\u00f4me Carbone vous accueille dans son studio sur Salleboeuf pr\u00e8s de Bordeaux.\" \/>\n<meta name=\"robots\" content=\"index, follow, max-snippet:-1, max-image-preview:large, max-video-preview:-1\" \/>\n<link rel=\"canonical\" href=\"https:\/\/www.jeromecarbone.com\/photographe\/grossesse\/tarifs\/\" \/>\n<meta property=\"og:locale\" content=\"fr_FR\" \/>\n<meta property=\"og:type\" content=\"article\" \/>\n<meta property=\"og:title\" content=\"Tarifs de la s\u00e9ance Grossesse - J\u00e9r\u00f4me Carbone - Photographe\" \/>\n<meta property=\"og:description\" content=\"D\u00e9couvrez les tarifs pour les photos grossesse. J\u00e9r\u00f4me Carbone vous accueille dans son studio sur Salleboeuf pr\u00e8s de Bordeaux.\" \/>\n<meta property=\"og:url\" content=\"https:\/\/www.jeromecarbone.com\/photographe\/grossesse\/tarifs\/\" \/>\n<meta property=\"og:site_name\" content=\"J\u00e9r\u00f4me Carbone\" \/>\n<meta property=\"article:modified_time\" content=\"2021-10-07T07:45:43+00:00\" \/>\n<meta name=\"twitter:card\" content=\"summary_large_image\" \/>\n<meta name=\"twitter:label1\" content=\"Dur\u00e9e de lecture estim\u00e9e\" \/>\n\t<meta name=\"twitter:data1\" content=\"1 minute\" \/>\n<script type=\"application\/ld+json\" class=\"yoast-schema-graph\">{\"@context\":\"https:\/\/schema.org\",\"@graph\":[{\"@type\":\"WebPage\",\"@id\":\"https:\/\/www.jeromecarbone.com\/photographe\/grossesse\/tarifs\/\",\"url\":\"https:\/\/www.jeromecarbone.com\/photographe\/grossesse\/tarifs\/\",\"name\":\"Tarifs de la s\u00e9ance Grossesse - J\u00e9r\u00f4me Carbone - Photographe\",\"isPartOf\":{\"@id\":\"https:\/\/www.jeromecarbone.com\/photographe\/#website\"},\"datePublished\":\"2017-02-10T10:54:26+00:00\",\"dateModified\":\"2021-10-07T07:45:43+00:00\",\"description\":\"D\u00e9couvrez les tarifs pour les photos grossesse. J\u00e9r\u00f4me Carbone vous accueille dans son studio sur Salleboeuf pr\u00e8s de Bordeaux.\",\"breadcrumb\":{\"@id\":\"https:\/\/www.jeromecarbone.com\/photographe\/grossesse\/tarifs\/#breadcrumb\"},\"inLanguage\":\"fr-FR\",\"potentialAction\":[{\"@type\":\"ReadAction\",\"target\":[\"https:\/\/www.jeromecarbone.com\/photographe\/grossesse\/tarifs\/\"]}]},{\"@type\":\"BreadcrumbList\",\"@id\":\"https:\/\/www.jeromecarbone.com\/photographe\/grossesse\/tarifs\/#breadcrumb\",\"itemListElement\":[{\"@type\":\"ListItem\",\"position\":1,\"name\":\"Accueil\",\"item\":\"https:\/\/www.jeromecarbone.com\/photographe\/\"},{\"@type\":\"ListItem\",\"position\":2,\"name\":\"Grossesse\",\"item\":\"https:\/\/www.jeromecarbone.com\/photographe\/grossesse\/\"},{\"@type\":\"ListItem\",\"position\":3,\"name\":\"Tarifs\"}]},{\"@type\":\"WebSite\",\"@id\":\"https:\/\/www.jeromecarbone.com\/photographe\/#website\",\"url\":\"https:\/\/www.jeromecarbone.com\/photographe\/\",\"name\":\"Photographe de votre famille\",\"description\":\"Photographe de votre famille\",\"publisher\":{\"@id\":\"https:\/\/www.jeromecarbone.com\/photographe\/#\/schema\/person\/16010d3d4cd99291c568d78e2dadac77\"},\"potentialAction\":[{\"@type\":\"SearchAction\",\"target\":{\"@type\":\"EntryPoint\",\"urlTemplate\":\"https:\/\/www.jeromecarbone.com\/photographe\/?s={search_term_string}\"},\"query-input\":\"required name=search_term_string\"}],\"inLanguage\":\"fr-FR\"},{\"@type\":[\"Person\",\"Organization\"],\"@id\":\"https:\/\/www.jeromecarbone.com\/photographe\/#\/schema\/person\/16010d3d4cd99291c568d78e2dadac77\",\"name\":\"J\u00e9r\u00f4me Carbone\",\"image\":{\"@type\":\"ImageObject\",\"inLanguage\":\"fr-FR\",\"@id\":\"https:\/\/www.jeromecarbone.com\/photographe\/#\/schema\/person\/image\/\",\"url\":\"https:\/\/secure.gravatar.com\/avatar\/40119e45623f76cf8351cadf8e13aebd248fdf78cb744a57826f41598011d4b6?s=96&d=mm&r=g\",\"contentUrl\":\"https:\/\/secure.gravatar.com\/avatar\/40119e45623f76cf8351cadf8e13aebd248fdf78cb744a57826f41598011d4b6?s=96&d=mm&r=g\",\"caption\":\"J\u00e9r\u00f4me Carbone\"},\"logo\":{\"@id\":\"https:\/\/www.jeromecarbone.com\/photographe\/#\/schema\/person\/image\/\"}}]}<\/script>\n<!-- \/ Yoast SEO plugin. -->","yoast_head_json":{"title":"Tarifs de la s\u00e9ance Grossesse - J\u00e9r\u00f4me Carbone - Photographe","description":"D\u00e9couvrez les tarifs pour les photos grossesse. J\u00e9r\u00f4me Carbone vous accueille dans son studio sur Salleboeuf pr\u00e8s de Bordeaux.","robots":{"index":"index","follow":"follow","max-snippet":"max-snippet:-1","max-image-preview":"max-image-preview:large","max-video-preview":"max-video-preview:-1"},"canonical":"https:\/\/www.jeromecarbone.com\/photographe\/grossesse\/tarifs\/","og_locale":"fr_FR","og_type":"article","og_title":"Tarifs de la s\u00e9ance Grossesse - J\u00e9r\u00f4me Carbone - Photographe","og_description":"D\u00e9couvrez les tarifs pour les photos grossesse. J\u00e9r\u00f4me Carbone vous accueille dans son studio sur Salleboeuf pr\u00e8s de Bordeaux.","og_url":"https:\/\/www.jeromecarbone.com\/photographe\/grossesse\/tarifs\/","og_site_name":"J\u00e9r\u00f4me Carbone","article_modified_time":"2021-10-07T07:45:43+00:00","twitter_card":"summary_large_image","twitter_misc":{"Dur\u00e9e de lecture estim\u00e9e":"1 minute"},"schema":{"@context":"https:\/\/schema.org","@graph":[{"@type":"WebPage","@id":"https:\/\/www.jeromecarbone.com\/photographe\/grossesse\/tarifs\/","url":"https:\/\/www.jeromecarbone.com\/photographe\/grossesse\/tarifs\/","name":"Tarifs de la s\u00e9ance Grossesse - J\u00e9r\u00f4me Carbone - Photographe","isPartOf":{"@id":"https:\/\/www.jeromecarbone.com\/photographe\/#website"},"datePublished":"2017-02-10T10:54:26+00:00","dateModified":"2021-10-07T07:45:43+00:00","description":"D\u00e9couvrez les tarifs pour les photos grossesse. J\u00e9r\u00f4me Carbone vous accueille dans son studio sur Salleboeuf pr\u00e8s de Bordeaux.","breadcrumb":{"@id":"https:\/\/www.jeromecarbone.com\/photographe\/grossesse\/tarifs\/#breadcrumb"},"inLanguage":"fr-FR","potentialAction":[{"@type":"ReadAction","target":["https:\/\/www.jeromecarbone.com\/photographe\/grossesse\/tarifs\/"]}]},{"@type":"BreadcrumbList","@id":"https:\/\/www.jeromecarbone.com\/photographe\/grossesse\/tarifs\/#breadcrumb","itemListElement":[{"@type":"ListItem","position":1,"name":"Accueil","item":"https:\/\/www.jeromecarbone.com\/photographe\/"},{"@type":"ListItem","position":2,"name":"Grossesse","item":"https:\/\/www.jeromecarbone.com\/photographe\/grossesse\/"},{"@type":"ListItem","position":3,"name":"Tarifs"}]},{"@type":"WebSite","@id":"https:\/\/www.jeromecarbone.com\/photographe\/#website","url":"https:\/\/www.jeromecarbone.com\/photographe\/","name":"Photographe de votre famille","description":"Photographe de votre famille","publisher":{"@id":"https:\/\/www.jeromecarbone.com\/photographe\/#\/schema\/person\/16010d3d4cd99291c568d78e2dadac77"},"potentialAction":[{"@type":"SearchAction","target":{"@type":"EntryPoint","urlTemplate":"https:\/\/www.jeromecarbone.com\/photographe\/?s={search_term_string}"},"query-input":"required name=search_term_string"}],"inLanguage":"fr-FR"},{"@type":["Person","Organization"],"@id":"https:\/\/www.jeromecarbone.com\/photographe\/#\/schema\/person\/16010d3d4cd99291c568d78e2dadac77","name":"J\u00e9r\u00f4me Carbone","image":{"@type":"ImageObject","inLanguage":"fr-FR","@id":"https:\/\/www.jeromecarbone.com\/photographe\/#\/schema\/person\/image\/","url":"https:\/\/secure.gravatar.com\/avatar\/40119e45623f76cf8351cadf8e13aebd248fdf78cb744a57826f41598011d4b6?s=96&d=mm&r=g","contentUrl":"https:\/\/secure.gravatar.com\/avatar\/40119e45623f76cf8351cadf8e13aebd248fdf78cb744a57826f41598011d4b6?s=96&d=mm&r=g","caption":"J\u00e9r\u00f4me Carbone"},"logo":{"@id":"https:\/\/www.jeromecarbone.com\/photographe\/#\/schema\/person\/image\/"}}]}},"_links":{"self":[{"href":"https:\/\/www.jeromecarbone.com\/photographe\/wp-json\/wp\/v2\/pages\/5433","targetHints":{"allow":["GET"]}}],"collection":[{"href":"https:\/\/www.jeromecarbone.com\/photographe\/wp-json\/wp\/v2\/pages"}],"about":[{"href":"https:\/\/www.jeromecarbone.com\/photographe\/wp-json\/wp\/v2\/types\/page"}],"author":[{"embeddable":true,"href":"https:\/\/www.jeromecarbone.com\/photographe\/wp-json\/wp\/v2\/users\/1"}],"replies":[{"embeddable":true,"href":"https:\/\/www.jeromecarbone.com\/photographe\/wp-json\/wp\/v2\/comments?post=5433"}],"version-history":[{"count":12,"href":"https:\/\/www.jeromecarbone.com\/photographe\/wp-json\/wp\/v2\/pages\/5433\/revisions"}],"predecessor-version":[{"id":5780,"href":"https:\/\/www.jeromecarbone.com\/photographe\/wp-json\/wp\/v2\/pages\/5433\/revisions\/5780"}],"up":[{"embeddable":true,"href":"https:\/\/www.jeromecarbone.com\/photographe\/wp-json\/wp\/v2\/pages\/5348"}],"wp:attachment":[{"href":"https:\/\/www.jeromecarbone.com\/photographe\/wp-json\/wp\/v2\/media?parent=5433"}],"curies":[{"name":"wp","href":"https:\/\/api.w.org\/{rel}","templated":true}]}}