{"id":5454,"date":"2017-02-10T15:57:30","date_gmt":"2017-02-10T14:57:30","guid":{"rendered":"http:\/\/www.jeromecarbone.com\/photographe\/?page_id=5454"},"modified":"2021-02-06T12:05:13","modified_gmt":"2021-02-06T11:05:13","slug":"tarifs","status":"publish","type":"page","link":"https:\/\/www.jeromecarbone.com\/photographe\/naissance\/tarifs\/","title":{"rendered":"Tarifs"},"content":{"rendered":"<p><span style=\"text-decoration: underline;\">Navigation<\/span>&nbsp;:&nbsp;<a href=\"http:\/\/www.jeromecarbone.com\/photographe\/naissance\/\">Galerie<\/a> &#8211; <a href=\"http:\/\/www.jeromecarbone.com\/photographe\/naissance\/presentation\/\">Pr\u00e9sentation<\/a> &#8211; <a href=\"http:\/\/www.jeromecarbone.com\/photographe\/naissance\/deroulement-de-la-seance\/\">D\u00e9roulement de la s\u00e9ance<\/a> &#8211; <strong><a href=\"http:\/\/www.jeromecarbone.com\/photographe\/naissance\/tarifs\/\">Tarifs<\/a><\/strong><\/p>\n\n\n<p>La s\u00e9ance \u00ab\u00a0Naissance\u00a0\u00bb est disponible au studio \u00e0 Salleboeuf (33370).<\/p>\n\n\n\n<h4 class=\"wp-block-heading\">Formule \u00e0 150 \u20ac<\/h4>\n\n\n\n<ul class=\"wp-block-list\"><li>Entre <strong>3 et 4 heures<\/strong> de s\u00e9ance, dans un studio (sur)chauff\u00e9 pour que le b\u00e9b\u00e9 n&rsquo;est pas froid,<\/li><li><strong>10 photos en version num\u00e9rique format \u00ab haute d\u00e9finition \u00bb<\/strong>,<\/li><li>Les photos unitaires au format num\u00e9rique peuvent \u00eatre rajout\u00e9es \u00e0 la formule (5\u20ac \/ photo \u00ab haute d\u00e9finition \u00bb),<\/li><li>L\u2019<strong>acc\u00e8s \u00e0 une galerie priv\u00e9e en ligne<\/strong> pour t\u00e9l\u00e9charger les photos et commander des tirages papiers (impression par un laboratoire photo professionnel),<\/li><li>La<strong> retouche et optimisation des photos<\/strong> pour une qualit\u00e9 professionnelle.<\/li><\/ul>\n\n\n\n<p><\/p>\n\n\n\n<h4 class=\"wp-block-heading\">Formule \u00e0 200 \u20ac<\/h4>\n\n\n\n<ul class=\"wp-block-list\"><li>Entre <strong>3 et 4 heures<\/strong> de s\u00e9ance, dans un studio (sur)chauff\u00e9 pour que le b\u00e9b\u00e9 n&rsquo;est pas froid,<\/li><li><strong>25 photos en version num\u00e9rique format \u00ab haute d\u00e9finition \u00bb<\/strong>,<\/li><li>Les photos unitaires au format num\u00e9rique peuvent \u00eatre rajout\u00e9es \u00e0 la formule (5\u20ac \/ photo \u00ab haute d\u00e9finition \u00bb),<\/li><li>L\u2019<strong>acc\u00e8s \u00e0 une galerie priv\u00e9e en ligne<\/strong> pour t\u00e9l\u00e9charger les photos de la formule et commander des tirages papiers (impression par un laboratoire photo professionnel),<\/li><li>La<strong> retouche et optimisation des photos<\/strong> pour une qualit\u00e9 professionnelle.<\/li><\/ul>\n\n\n\n<p><\/p>\n\n\n\n<p>Possibilit\u00e9 de <strong>concevoir un livre album<\/strong> et un <strong>faire-part <\/strong>sur devis.<\/p>\n\n\n\n<p>La formule \u00ab\u00a0Grossesse\u00a0\u00bb + \u00ab\u00a0Naissance\u00a0\u00bb est propos\u00e9e \u00e0 un <strong>tarif d\u00e9gressif <\/strong>si la commande est pass\u00e9e en m\u00eame temps : -50 \u20ac !<\/p>\n\n\n\n<p>Pour toutes autres demandes, <a href=\"http:\/\/www.jeromecarbone.com\/photographe\/contactez-moi\/\">contactez-moi<\/a> !<\/p>\n","protected":false},"excerpt":{"rendered":"<p>Navigation&nbsp;:&nbsp;Galerie &#8211; Pr\u00e9sentation &#8211; D\u00e9roulement de la s\u00e9ance &#8211; Tarifs La s\u00e9ance \u00ab\u00a0Naissance\u00a0\u00bb est disponible au studio \u00e0 Salleboeuf (33370). Formule \u00e0 150 \u20ac Entre 3 et 4 heures de s\u00e9ance, dans un studio (sur)chauff\u00e9 pour que le b\u00e9b\u00e9 n&rsquo;est pas froid, 10 photos en version num\u00e9rique format \u00ab haute d\u00e9finition \u00bb, Les photos unitaires [&hellip;]<\/p>\n","protected":false},"author":1,"featured_media":0,"parent":5350,"menu_order":0,"comment_status":"closed","ping_status":"closed","template":"template-full-width.php","meta":{"footnotes":""},"class_list":["post-5454","page","type-page","status-publish","hentry"],"yoast_head":"<!-- This site is optimized with the Yoast SEO plugin v23.1 - https:\/\/yoast.com\/wordpress\/plugins\/seo\/ -->\n<title>Tarifs - J\u00e9r\u00f4me Carbone<\/title>\n<meta name=\"robots\" content=\"index, follow, max-snippet:-1, max-image-preview:large, max-video-preview:-1\" \/>\n<link rel=\"canonical\" href=\"https:\/\/www.jeromecarbone.com\/photographe\/naissance\/tarifs\/\" \/>\n<meta property=\"og:locale\" content=\"fr_FR\" \/>\n<meta property=\"og:type\" content=\"article\" \/>\n<meta property=\"og:title\" content=\"Tarifs - J\u00e9r\u00f4me Carbone\" \/>\n<meta property=\"og:description\" content=\"Navigation&nbsp;:&nbsp;Galerie &#8211; Pr\u00e9sentation &#8211; D\u00e9roulement de la s\u00e9ance &#8211; Tarifs La s\u00e9ance \u00ab\u00a0Naissance\u00a0\u00bb est disponible au studio \u00e0 Salleboeuf (33370). Formule \u00e0 150 \u20ac Entre 3 et 4 heures de s\u00e9ance, dans un studio (sur)chauff\u00e9 pour que le b\u00e9b\u00e9 n&rsquo;est pas froid, 10 photos en version num\u00e9rique format \u00ab haute d\u00e9finition \u00bb, Les photos unitaires [&hellip;]\" \/>\n<meta property=\"og:url\" content=\"https:\/\/www.jeromecarbone.com\/photographe\/naissance\/tarifs\/\" \/>\n<meta property=\"og:site_name\" content=\"J\u00e9r\u00f4me Carbone\" \/>\n<meta property=\"article:modified_time\" content=\"2021-02-06T11:05:13+00:00\" \/>\n<meta name=\"twitter:card\" content=\"summary_large_image\" \/>\n<meta name=\"twitter:label1\" content=\"Dur\u00e9e de lecture estim\u00e9e\" \/>\n\t<meta name=\"twitter:data1\" content=\"1 minute\" \/>\n<script type=\"application\/ld+json\" class=\"yoast-schema-graph\">{\"@context\":\"https:\/\/schema.org\",\"@graph\":[{\"@type\":\"WebPage\",\"@id\":\"https:\/\/www.jeromecarbone.com\/photographe\/naissance\/tarifs\/\",\"url\":\"https:\/\/www.jeromecarbone.com\/photographe\/naissance\/tarifs\/\",\"name\":\"Tarifs - J\u00e9r\u00f4me Carbone\",\"isPartOf\":{\"@id\":\"https:\/\/www.jeromecarbone.com\/photographe\/#website\"},\"datePublished\":\"2017-02-10T14:57:30+00:00\",\"dateModified\":\"2021-02-06T11:05:13+00:00\",\"breadcrumb\":{\"@id\":\"https:\/\/www.jeromecarbone.com\/photographe\/naissance\/tarifs\/#breadcrumb\"},\"inLanguage\":\"fr-FR\",\"potentialAction\":[{\"@type\":\"ReadAction\",\"target\":[\"https:\/\/www.jeromecarbone.com\/photographe\/naissance\/tarifs\/\"]}]},{\"@type\":\"BreadcrumbList\",\"@id\":\"https:\/\/www.jeromecarbone.com\/photographe\/naissance\/tarifs\/#breadcrumb\",\"itemListElement\":[{\"@type\":\"ListItem\",\"position\":1,\"name\":\"Accueil\",\"item\":\"https:\/\/www.jeromecarbone.com\/photographe\/\"},{\"@type\":\"ListItem\",\"position\":2,\"name\":\"Naissance\",\"item\":\"https:\/\/www.jeromecarbone.com\/photographe\/naissance\/\"},{\"@type\":\"ListItem\",\"position\":3,\"name\":\"Tarifs\"}]},{\"@type\":\"WebSite\",\"@id\":\"https:\/\/www.jeromecarbone.com\/photographe\/#website\",\"url\":\"https:\/\/www.jeromecarbone.com\/photographe\/\",\"name\":\"Photographe de votre famille\",\"description\":\"Photographe de votre famille\",\"publisher\":{\"@id\":\"https:\/\/www.jeromecarbone.com\/photographe\/#\/schema\/person\/16010d3d4cd99291c568d78e2dadac77\"},\"potentialAction\":[{\"@type\":\"SearchAction\",\"target\":{\"@type\":\"EntryPoint\",\"urlTemplate\":\"https:\/\/www.jeromecarbone.com\/photographe\/?s={search_term_string}\"},\"query-input\":\"required name=search_term_string\"}],\"inLanguage\":\"fr-FR\"},{\"@type\":[\"Person\",\"Organization\"],\"@id\":\"https:\/\/www.jeromecarbone.com\/photographe\/#\/schema\/person\/16010d3d4cd99291c568d78e2dadac77\",\"name\":\"J\u00e9r\u00f4me Carbone\",\"image\":{\"@type\":\"ImageObject\",\"inLanguage\":\"fr-FR\",\"@id\":\"https:\/\/www.jeromecarbone.com\/photographe\/#\/schema\/person\/image\/\",\"url\":\"https:\/\/secure.gravatar.com\/avatar\/40119e45623f76cf8351cadf8e13aebd248fdf78cb744a57826f41598011d4b6?s=96&d=mm&r=g\",\"contentUrl\":\"https:\/\/secure.gravatar.com\/avatar\/40119e45623f76cf8351cadf8e13aebd248fdf78cb744a57826f41598011d4b6?s=96&d=mm&r=g\",\"caption\":\"J\u00e9r\u00f4me Carbone\"},\"logo\":{\"@id\":\"https:\/\/www.jeromecarbone.com\/photographe\/#\/schema\/person\/image\/\"}}]}<\/script>\n<!-- \/ Yoast SEO plugin. -->","yoast_head_json":{"title":"Tarifs - J\u00e9r\u00f4me Carbone","robots":{"index":"index","follow":"follow","max-snippet":"max-snippet:-1","max-image-preview":"max-image-preview:large","max-video-preview":"max-video-preview:-1"},"canonical":"https:\/\/www.jeromecarbone.com\/photographe\/naissance\/tarifs\/","og_locale":"fr_FR","og_type":"article","og_title":"Tarifs - J\u00e9r\u00f4me Carbone","og_description":"Navigation&nbsp;:&nbsp;Galerie &#8211; Pr\u00e9sentation &#8211; D\u00e9roulement de la s\u00e9ance &#8211; Tarifs La s\u00e9ance \u00ab\u00a0Naissance\u00a0\u00bb est disponible au studio \u00e0 Salleboeuf (33370). Formule \u00e0 150 \u20ac Entre 3 et 4 heures de s\u00e9ance, dans un studio (sur)chauff\u00e9 pour que le b\u00e9b\u00e9 n&rsquo;est pas froid, 10 photos en version num\u00e9rique format \u00ab haute d\u00e9finition \u00bb, Les photos unitaires [&hellip;]","og_url":"https:\/\/www.jeromecarbone.com\/photographe\/naissance\/tarifs\/","og_site_name":"J\u00e9r\u00f4me Carbone","article_modified_time":"2021-02-06T11:05:13+00:00","twitter_card":"summary_large_image","twitter_misc":{"Dur\u00e9e de lecture estim\u00e9e":"1 minute"},"schema":{"@context":"https:\/\/schema.org","@graph":[{"@type":"WebPage","@id":"https:\/\/www.jeromecarbone.com\/photographe\/naissance\/tarifs\/","url":"https:\/\/www.jeromecarbone.com\/photographe\/naissance\/tarifs\/","name":"Tarifs - J\u00e9r\u00f4me Carbone","isPartOf":{"@id":"https:\/\/www.jeromecarbone.com\/photographe\/#website"},"datePublished":"2017-02-10T14:57:30+00:00","dateModified":"2021-02-06T11:05:13+00:00","breadcrumb":{"@id":"https:\/\/www.jeromecarbone.com\/photographe\/naissance\/tarifs\/#breadcrumb"},"inLanguage":"fr-FR","potentialAction":[{"@type":"ReadAction","target":["https:\/\/www.jeromecarbone.com\/photographe\/naissance\/tarifs\/"]}]},{"@type":"BreadcrumbList","@id":"https:\/\/www.jeromecarbone.com\/photographe\/naissance\/tarifs\/#breadcrumb","itemListElement":[{"@type":"ListItem","position":1,"name":"Accueil","item":"https:\/\/www.jeromecarbone.com\/photographe\/"},{"@type":"ListItem","position":2,"name":"Naissance","item":"https:\/\/www.jeromecarbone.com\/photographe\/naissance\/"},{"@type":"ListItem","position":3,"name":"Tarifs"}]},{"@type":"WebSite","@id":"https:\/\/www.jeromecarbone.com\/photographe\/#website","url":"https:\/\/www.jeromecarbone.com\/photographe\/","name":"Photographe de votre famille","description":"Photographe de votre famille","publisher":{"@id":"https:\/\/www.jeromecarbone.com\/photographe\/#\/schema\/person\/16010d3d4cd99291c568d78e2dadac77"},"potentialAction":[{"@type":"SearchAction","target":{"@type":"EntryPoint","urlTemplate":"https:\/\/www.jeromecarbone.com\/photographe\/?s={search_term_string}"},"query-input":"required name=search_term_string"}],"inLanguage":"fr-FR"},{"@type":["Person","Organization"],"@id":"https:\/\/www.jeromecarbone.com\/photographe\/#\/schema\/person\/16010d3d4cd99291c568d78e2dadac77","name":"J\u00e9r\u00f4me Carbone","image":{"@type":"ImageObject","inLanguage":"fr-FR","@id":"https:\/\/www.jeromecarbone.com\/photographe\/#\/schema\/person\/image\/","url":"https:\/\/secure.gravatar.com\/avatar\/40119e45623f76cf8351cadf8e13aebd248fdf78cb744a57826f41598011d4b6?s=96&d=mm&r=g","contentUrl":"https:\/\/secure.gravatar.com\/avatar\/40119e45623f76cf8351cadf8e13aebd248fdf78cb744a57826f41598011d4b6?s=96&d=mm&r=g","caption":"J\u00e9r\u00f4me Carbone"},"logo":{"@id":"https:\/\/www.jeromecarbone.com\/photographe\/#\/schema\/person\/image\/"}}]}},"_links":{"self":[{"href":"https:\/\/www.jeromecarbone.com\/photographe\/wp-json\/wp\/v2\/pages\/5454","targetHints":{"allow":["GET"]}}],"collection":[{"href":"https:\/\/www.jeromecarbone.com\/photographe\/wp-json\/wp\/v2\/pages"}],"about":[{"href":"https:\/\/www.jeromecarbone.com\/photographe\/wp-json\/wp\/v2\/types\/page"}],"author":[{"embeddable":true,"href":"https:\/\/www.jeromecarbone.com\/photographe\/wp-json\/wp\/v2\/users\/1"}],"replies":[{"embeddable":true,"href":"https:\/\/www.jeromecarbone.com\/photographe\/wp-json\/wp\/v2\/comments?post=5454"}],"version-history":[{"count":10,"href":"https:\/\/www.jeromecarbone.com\/photographe\/wp-json\/wp\/v2\/pages\/5454\/revisions"}],"predecessor-version":[{"id":5737,"href":"https:\/\/www.jeromecarbone.com\/photographe\/wp-json\/wp\/v2\/pages\/5454\/revisions\/5737"}],"up":[{"embeddable":true,"href":"https:\/\/www.jeromecarbone.com\/photographe\/wp-json\/wp\/v2\/pages\/5350"}],"wp:attachment":[{"href":"https:\/\/www.jeromecarbone.com\/photographe\/wp-json\/wp\/v2\/media?parent=5454"}],"curies":[{"name":"wp","href":"https:\/\/api.w.org\/{rel}","templated":true}]}}