{"id":5470,"date":"2017-03-20T21:51:18","date_gmt":"2017-03-20T20:51:18","guid":{"rendered":"http:\/\/www.jeromecarbone.com\/photographe\/?page_id=5470"},"modified":"2021-02-06T11:58:48","modified_gmt":"2021-02-06T10:58:48","slug":"presentation","status":"publish","type":"page","link":"https:\/\/www.jeromecarbone.com\/photographe\/famille\/presentation\/","title":{"rendered":"Pr\u00e9sentation"},"content":{"rendered":"<p><span style=\"text-decoration: underline;\">Navigation<\/span>\u00a0:\u00a0<a href=\"http:\/\/www.jeromecarbone.com\/photographe\/famille\/\">Galerie<\/a> &#8211; <strong><a href=\"http:\/\/www.jeromecarbone.com\/photographe\/famille\/presentation\/\">Pr\u00e9sentation<\/a><\/strong> &#8211; <a href=\"http:\/\/www.jeromecarbone.com\/photographe\/famille\/deroulement-de-la-seance\/\">D\u00e9roulement de la s\u00e9ance<\/a> &#8211; <a href=\"http:\/\/www.jeromecarbone.com\/photographe\/famille\/tarifs\/\">Tarifs<\/a><\/p>\n<p><img loading=\"lazy\" decoding=\"async\" class=\" wp-image-5473 alignleft\" src=\"http:\/\/www.jeromecarbone.com\/photographe\/wp-content\/uploads\/2017\/03\/2J5B5436-300x200.jpg\" alt=\"\" width=\"327\" height=\"218\" srcset=\"https:\/\/www.jeromecarbone.com\/photographe\/wp-content\/uploads\/2017\/03\/2J5B5436-300x200.jpg 300w, https:\/\/www.jeromecarbone.com\/photographe\/wp-content\/uploads\/2017\/03\/2J5B5436-768x512.jpg 768w, https:\/\/www.jeromecarbone.com\/photographe\/wp-content\/uploads\/2017\/03\/2J5B5436-1024x683.jpg 1024w, https:\/\/www.jeromecarbone.com\/photographe\/wp-content\/uploads\/2017\/03\/2J5B5436.jpg 2048w\" sizes=\"auto, (max-width: 327px) 100vw, 327px\" \/>Les enfants grandissent tellement vite que l\u2019on oublie souvent la bouille qu\u2019ils avaient \u00e0 l\u2019\u00e9poque, et encore moins celle des parents.<br \/>\nPersonnellement j\u2019adore revoir des albums photos de ma famille, et voir la fratrie r\u00e9unie.<\/p>\n<p>L\u2019id\u00e9e est de r\u00e9aliser une s\u00e9ance famille afin de capturer la joie, la complicit\u00e9, les diff\u00e9rentes mimiques : construire votre patrimoine !<br \/>\nEt parce qu\u2019il est important de garder des souvenirs, vous pourrez, au gr\u00e9 de vos envies, transformer les photos en albums, tableaux, tirages\u2026<\/p>\n<p>Le souhait et l\u2019objectif que je me donne est que chacun puisse afficher fi\u00e8rement dans sa maison une photo de sa famille.<br \/>\nCe clich\u00e9 que chacun regardera en souvenir de ces bons moments pass\u00e9s ensemble.<\/p>\n<p>Pour en savoir plus sur le d\u00e9roulement d\u2019une s\u00e9ance, <a href=\"http:\/\/www.jeromecarbone.com\/photographe\/famille\/deroulement-de-la-seance\/\">cliquez-ici<\/a> !<\/p>\n","protected":false},"excerpt":{"rendered":"<p>Navigation\u00a0:\u00a0Galerie &#8211; Pr\u00e9sentation &#8211; D\u00e9roulement de la s\u00e9ance &#8211; Tarifs Les enfants grandissent tellement vite que l\u2019on oublie souvent la bouille qu\u2019ils avaient \u00e0 l\u2019\u00e9poque, et encore moins celle des parents. Personnellement j\u2019adore revoir des albums photos de ma famille, et voir la fratrie r\u00e9unie. L\u2019id\u00e9e est de r\u00e9aliser une s\u00e9ance famille afin de capturer [&hellip;]<\/p>\n","protected":false},"author":1,"featured_media":0,"parent":5353,"menu_order":0,"comment_status":"closed","ping_status":"closed","template":"template-full-width.php","meta":{"footnotes":""},"class_list":["post-5470","page","type-page","status-publish","hentry"],"yoast_head":"<!-- This site is optimized with the Yoast SEO plugin v23.1 - https:\/\/yoast.com\/wordpress\/plugins\/seo\/ -->\n<title>Pr\u00e9sentation - J\u00e9r\u00f4me Carbone<\/title>\n<meta name=\"robots\" content=\"index, follow, max-snippet:-1, max-image-preview:large, max-video-preview:-1\" \/>\n<link rel=\"canonical\" href=\"https:\/\/www.jeromecarbone.com\/photographe\/famille\/presentation\/\" \/>\n<meta property=\"og:locale\" content=\"fr_FR\" \/>\n<meta property=\"og:type\" content=\"article\" \/>\n<meta property=\"og:title\" content=\"Pr\u00e9sentation - J\u00e9r\u00f4me Carbone\" \/>\n<meta property=\"og:description\" content=\"Navigation\u00a0:\u00a0Galerie &#8211; Pr\u00e9sentation &#8211; D\u00e9roulement de la s\u00e9ance &#8211; Tarifs Les enfants grandissent tellement vite que l\u2019on oublie souvent la bouille qu\u2019ils avaient \u00e0 l\u2019\u00e9poque, et encore moins celle des parents. Personnellement j\u2019adore revoir des albums photos de ma famille, et voir la fratrie r\u00e9unie. L\u2019id\u00e9e est de r\u00e9aliser une s\u00e9ance famille afin de capturer [&hellip;]\" \/>\n<meta property=\"og:url\" content=\"https:\/\/www.jeromecarbone.com\/photographe\/famille\/presentation\/\" \/>\n<meta property=\"og:site_name\" content=\"J\u00e9r\u00f4me Carbone\" \/>\n<meta property=\"article:modified_time\" content=\"2021-02-06T10:58:48+00:00\" \/>\n<meta property=\"og:image\" content=\"http:\/\/www.jeromecarbone.com\/photographe\/wp-content\/uploads\/2017\/03\/2J5B5436-300x200.jpg\" \/>\n<meta name=\"twitter:card\" content=\"summary_large_image\" \/>\n<meta name=\"twitter:label1\" content=\"Dur\u00e9e de lecture estim\u00e9e\" \/>\n\t<meta name=\"twitter:data1\" content=\"1 minute\" \/>\n<script type=\"application\/ld+json\" class=\"yoast-schema-graph\">{\"@context\":\"https:\/\/schema.org\",\"@graph\":[{\"@type\":\"WebPage\",\"@id\":\"https:\/\/www.jeromecarbone.com\/photographe\/famille\/presentation\/\",\"url\":\"https:\/\/www.jeromecarbone.com\/photographe\/famille\/presentation\/\",\"name\":\"Pr\u00e9sentation - J\u00e9r\u00f4me Carbone\",\"isPartOf\":{\"@id\":\"https:\/\/www.jeromecarbone.com\/photographe\/#website\"},\"primaryImageOfPage\":{\"@id\":\"https:\/\/www.jeromecarbone.com\/photographe\/famille\/presentation\/#primaryimage\"},\"image\":{\"@id\":\"https:\/\/www.jeromecarbone.com\/photographe\/famille\/presentation\/#primaryimage\"},\"thumbnailUrl\":\"http:\/\/www.jeromecarbone.com\/photographe\/wp-content\/uploads\/2017\/03\/2J5B5436-300x200.jpg\",\"datePublished\":\"2017-03-20T20:51:18+00:00\",\"dateModified\":\"2021-02-06T10:58:48+00:00\",\"breadcrumb\":{\"@id\":\"https:\/\/www.jeromecarbone.com\/photographe\/famille\/presentation\/#breadcrumb\"},\"inLanguage\":\"fr-FR\",\"potentialAction\":[{\"@type\":\"ReadAction\",\"target\":[\"https:\/\/www.jeromecarbone.com\/photographe\/famille\/presentation\/\"]}]},{\"@type\":\"ImageObject\",\"inLanguage\":\"fr-FR\",\"@id\":\"https:\/\/www.jeromecarbone.com\/photographe\/famille\/presentation\/#primaryimage\",\"url\":\"https:\/\/www.jeromecarbone.com\/photographe\/wp-content\/uploads\/2017\/03\/2J5B5436.jpg\",\"contentUrl\":\"https:\/\/www.jeromecarbone.com\/photographe\/wp-content\/uploads\/2017\/03\/2J5B5436.jpg\",\"width\":2048,\"height\":1365},{\"@type\":\"BreadcrumbList\",\"@id\":\"https:\/\/www.jeromecarbone.com\/photographe\/famille\/presentation\/#breadcrumb\",\"itemListElement\":[{\"@type\":\"ListItem\",\"position\":1,\"name\":\"Accueil\",\"item\":\"https:\/\/www.jeromecarbone.com\/photographe\/\"},{\"@type\":\"ListItem\",\"position\":2,\"name\":\"Famille\",\"item\":\"https:\/\/www.jeromecarbone.com\/photographe\/famille\/\"},{\"@type\":\"ListItem\",\"position\":3,\"name\":\"Pr\u00e9sentation\"}]},{\"@type\":\"WebSite\",\"@id\":\"https:\/\/www.jeromecarbone.com\/photographe\/#website\",\"url\":\"https:\/\/www.jeromecarbone.com\/photographe\/\",\"name\":\"Photographe de votre famille\",\"description\":\"Photographe de votre famille\",\"publisher\":{\"@id\":\"https:\/\/www.jeromecarbone.com\/photographe\/#\/schema\/person\/16010d3d4cd99291c568d78e2dadac77\"},\"potentialAction\":[{\"@type\":\"SearchAction\",\"target\":{\"@type\":\"EntryPoint\",\"urlTemplate\":\"https:\/\/www.jeromecarbone.com\/photographe\/?s={search_term_string}\"},\"query-input\":\"required name=search_term_string\"}],\"inLanguage\":\"fr-FR\"},{\"@type\":[\"Person\",\"Organization\"],\"@id\":\"https:\/\/www.jeromecarbone.com\/photographe\/#\/schema\/person\/16010d3d4cd99291c568d78e2dadac77\",\"name\":\"J\u00e9r\u00f4me Carbone\",\"image\":{\"@type\":\"ImageObject\",\"inLanguage\":\"fr-FR\",\"@id\":\"https:\/\/www.jeromecarbone.com\/photographe\/#\/schema\/person\/image\/\",\"url\":\"https:\/\/secure.gravatar.com\/avatar\/40119e45623f76cf8351cadf8e13aebd248fdf78cb744a57826f41598011d4b6?s=96&d=mm&r=g\",\"contentUrl\":\"https:\/\/secure.gravatar.com\/avatar\/40119e45623f76cf8351cadf8e13aebd248fdf78cb744a57826f41598011d4b6?s=96&d=mm&r=g\",\"caption\":\"J\u00e9r\u00f4me Carbone\"},\"logo\":{\"@id\":\"https:\/\/www.jeromecarbone.com\/photographe\/#\/schema\/person\/image\/\"}}]}<\/script>\n<!-- \/ Yoast SEO plugin. -->","yoast_head_json":{"title":"Pr\u00e9sentation - J\u00e9r\u00f4me Carbone","robots":{"index":"index","follow":"follow","max-snippet":"max-snippet:-1","max-image-preview":"max-image-preview:large","max-video-preview":"max-video-preview:-1"},"canonical":"https:\/\/www.jeromecarbone.com\/photographe\/famille\/presentation\/","og_locale":"fr_FR","og_type":"article","og_title":"Pr\u00e9sentation - J\u00e9r\u00f4me Carbone","og_description":"Navigation\u00a0:\u00a0Galerie &#8211; Pr\u00e9sentation &#8211; D\u00e9roulement de la s\u00e9ance &#8211; Tarifs Les enfants grandissent tellement vite que l\u2019on oublie souvent la bouille qu\u2019ils avaient \u00e0 l\u2019\u00e9poque, et encore moins celle des parents. Personnellement j\u2019adore revoir des albums photos de ma famille, et voir la fratrie r\u00e9unie. L\u2019id\u00e9e est de r\u00e9aliser une s\u00e9ance famille afin de capturer [&hellip;]","og_url":"https:\/\/www.jeromecarbone.com\/photographe\/famille\/presentation\/","og_site_name":"J\u00e9r\u00f4me Carbone","article_modified_time":"2021-02-06T10:58:48+00:00","og_image":[{"url":"http:\/\/www.jeromecarbone.com\/photographe\/wp-content\/uploads\/2017\/03\/2J5B5436-300x200.jpg"}],"twitter_card":"summary_large_image","twitter_misc":{"Dur\u00e9e de lecture estim\u00e9e":"1 minute"},"schema":{"@context":"https:\/\/schema.org","@graph":[{"@type":"WebPage","@id":"https:\/\/www.jeromecarbone.com\/photographe\/famille\/presentation\/","url":"https:\/\/www.jeromecarbone.com\/photographe\/famille\/presentation\/","name":"Pr\u00e9sentation - J\u00e9r\u00f4me Carbone","isPartOf":{"@id":"https:\/\/www.jeromecarbone.com\/photographe\/#website"},"primaryImageOfPage":{"@id":"https:\/\/www.jeromecarbone.com\/photographe\/famille\/presentation\/#primaryimage"},"image":{"@id":"https:\/\/www.jeromecarbone.com\/photographe\/famille\/presentation\/#primaryimage"},"thumbnailUrl":"http:\/\/www.jeromecarbone.com\/photographe\/wp-content\/uploads\/2017\/03\/2J5B5436-300x200.jpg","datePublished":"2017-03-20T20:51:18+00:00","dateModified":"2021-02-06T10:58:48+00:00","breadcrumb":{"@id":"https:\/\/www.jeromecarbone.com\/photographe\/famille\/presentation\/#breadcrumb"},"inLanguage":"fr-FR","potentialAction":[{"@type":"ReadAction","target":["https:\/\/www.jeromecarbone.com\/photographe\/famille\/presentation\/"]}]},{"@type":"ImageObject","inLanguage":"fr-FR","@id":"https:\/\/www.jeromecarbone.com\/photographe\/famille\/presentation\/#primaryimage","url":"https:\/\/www.jeromecarbone.com\/photographe\/wp-content\/uploads\/2017\/03\/2J5B5436.jpg","contentUrl":"https:\/\/www.jeromecarbone.com\/photographe\/wp-content\/uploads\/2017\/03\/2J5B5436.jpg","width":2048,"height":1365},{"@type":"BreadcrumbList","@id":"https:\/\/www.jeromecarbone.com\/photographe\/famille\/presentation\/#breadcrumb","itemListElement":[{"@type":"ListItem","position":1,"name":"Accueil","item":"https:\/\/www.jeromecarbone.com\/photographe\/"},{"@type":"ListItem","position":2,"name":"Famille","item":"https:\/\/www.jeromecarbone.com\/photographe\/famille\/"},{"@type":"ListItem","position":3,"name":"Pr\u00e9sentation"}]},{"@type":"WebSite","@id":"https:\/\/www.jeromecarbone.com\/photographe\/#website","url":"https:\/\/www.jeromecarbone.com\/photographe\/","name":"Photographe de votre famille","description":"Photographe de votre famille","publisher":{"@id":"https:\/\/www.jeromecarbone.com\/photographe\/#\/schema\/person\/16010d3d4cd99291c568d78e2dadac77"},"potentialAction":[{"@type":"SearchAction","target":{"@type":"EntryPoint","urlTemplate":"https:\/\/www.jeromecarbone.com\/photographe\/?s={search_term_string}"},"query-input":"required name=search_term_string"}],"inLanguage":"fr-FR"},{"@type":["Person","Organization"],"@id":"https:\/\/www.jeromecarbone.com\/photographe\/#\/schema\/person\/16010d3d4cd99291c568d78e2dadac77","name":"J\u00e9r\u00f4me Carbone","image":{"@type":"ImageObject","inLanguage":"fr-FR","@id":"https:\/\/www.jeromecarbone.com\/photographe\/#\/schema\/person\/image\/","url":"https:\/\/secure.gravatar.com\/avatar\/40119e45623f76cf8351cadf8e13aebd248fdf78cb744a57826f41598011d4b6?s=96&d=mm&r=g","contentUrl":"https:\/\/secure.gravatar.com\/avatar\/40119e45623f76cf8351cadf8e13aebd248fdf78cb744a57826f41598011d4b6?s=96&d=mm&r=g","caption":"J\u00e9r\u00f4me Carbone"},"logo":{"@id":"https:\/\/www.jeromecarbone.com\/photographe\/#\/schema\/person\/image\/"}}]}},"_links":{"self":[{"href":"https:\/\/www.jeromecarbone.com\/photographe\/wp-json\/wp\/v2\/pages\/5470","targetHints":{"allow":["GET"]}}],"collection":[{"href":"https:\/\/www.jeromecarbone.com\/photographe\/wp-json\/wp\/v2\/pages"}],"about":[{"href":"https:\/\/www.jeromecarbone.com\/photographe\/wp-json\/wp\/v2\/types\/page"}],"author":[{"embeddable":true,"href":"https:\/\/www.jeromecarbone.com\/photographe\/wp-json\/wp\/v2\/users\/1"}],"replies":[{"embeddable":true,"href":"https:\/\/www.jeromecarbone.com\/photographe\/wp-json\/wp\/v2\/comments?post=5470"}],"version-history":[{"count":7,"href":"https:\/\/www.jeromecarbone.com\/photographe\/wp-json\/wp\/v2\/pages\/5470\/revisions"}],"predecessor-version":[{"id":5750,"href":"https:\/\/www.jeromecarbone.com\/photographe\/wp-json\/wp\/v2\/pages\/5470\/revisions\/5750"}],"up":[{"embeddable":true,"href":"https:\/\/www.jeromecarbone.com\/photographe\/wp-json\/wp\/v2\/pages\/5353"}],"wp:attachment":[{"href":"https:\/\/www.jeromecarbone.com\/photographe\/wp-json\/wp\/v2\/media?parent=5470"}],"curies":[{"name":"wp","href":"https:\/\/api.w.org\/{rel}","templated":true}]}}