{"id":5477,"date":"2017-03-20T22:08:39","date_gmt":"2017-03-20T21:08:39","guid":{"rendered":"http:\/\/www.jeromecarbone.com\/photographe\/?page_id=5477"},"modified":"2021-02-06T11:59:57","modified_gmt":"2021-02-06T10:59:57","slug":"deroulement-de-la-seance","status":"publish","type":"page","link":"https:\/\/www.jeromecarbone.com\/photographe\/famille\/deroulement-de-la-seance\/","title":{"rendered":"D\u00e9roulement de la s\u00e9ance"},"content":{"rendered":"<p><span style=\"text-decoration: underline;\">Navigation<\/span>\u00a0:\u00a0<a href=\"http:\/\/www.jeromecarbone.com\/photographe\/famille\/\">Galerie<\/a> &#8211; <a href=\"http:\/\/www.jeromecarbone.com\/photographe\/famille\/presentation\/\">Pr\u00e9sentation<\/a> &#8211; <strong><a href=\"http:\/\/www.jeromecarbone.com\/photographe\/famille\/deroulement-de-la-seance\/\">D\u00e9roulement de la s\u00e9ance<\/a><\/strong> &#8211; <a href=\"http:\/\/www.jeromecarbone.com\/photographe\/famille\/tarifs\/\">Tarifs<\/a><\/p>\n<p><img loading=\"lazy\" decoding=\"async\" id=\"gmedia-image-236\" class=\"gmedia-singlepic alignright\" title=\"2J5B2390\" src=\"http:\/\/www.jeromecarbone.com\/photographe\/wp-content\/grand-media\/image\/thumb\/2J5B2390.jpg\" alt=\"2J5B2390\" width=\"294\" height=\"441\" \/><\/p>\n<p>La s\u00e9ance famille doit \u00eatre \u00ab fun \u00bb. On limitera les poses et les sourires crisp\u00e9s, et on essaiera au maximum d\u2019obtenir de vrais \u00e9clats de rires en cr\u00e9ant des petits jeux, des blagues, des moments de d\u00e9tente\u2026<\/p>\n<p>Nous \u00e9changerons ensemble lors d\u2019une prise de contact pour d\u00e9finir vos objectifs pour cette s\u00e9ance. Nous discuterons de vos attentes, des personnes pr\u00e9sentes sur les photos, du lieu de prise de vue, de vos disponibilit\u00e9s\u2026<\/p>\n<p>L\u2019attention des enfants reste limit\u00e9e. De ce fait la s\u00e9ance dure entre 1 \u00e0 2 heures. Il faut que vos enfants (et vous) passiez un agr\u00e9able moment, et non que ce soit ressenti comme une obligation. Le but est de prendre du plaisir tous ensemble.<\/p>\n<p>En terme de lieux, plusieurs possibilit\u00e9s peuvent \u00eatre envisag\u00e9s et peuvent d\u00e9terminer le style de photo que vous souhaitez :<br \/>\u2013 A votre domicile, avec la possibilit\u00e9 de monter un studio pour certaines photos,<br \/>\u2013 En ext\u00e9rieur, dans un parc ou dans un lieux que vous affectionnez particuli\u00e8rement.<\/p>\n<p>Mon objectif est de prendre des photos de la famille r\u00e9unie, mais aussi des portraits de chacun, \u00e0 deux etc.<\/p>\n<p>Une fois la s\u00e9ance r\u00e9alis\u00e9e, les photos seront mises en ligne sur une galerie dont vous aurez les acc\u00e8s priv\u00e9s. Vous aurez alors la libert\u00e9 de choisir et de t\u00e9l\u00e9chargez celles qui composeront le forfait souscrit mais aussi de pouvoir compl\u00e9ter cette s\u00e9lection avec des photos suppl\u00e9mentaires (prix unitaire ou pack\/lot d\u00e9gressif).<\/p>\n<p>N\u2019h\u00e9sitez pas \u00e0 immortaliser vos clich\u00e9s en commandant depuis le site un album, tableau, ou agrandissement de photo.<\/p>\n\n\n<p>Pour en savoir plus sur les <a href=\"http:\/\/www.jeromecarbone.com\/photographe\/famille\/tarifs\/\">tarifs, cliquez-ici<\/a>.<\/p>\n","protected":false},"excerpt":{"rendered":"<p>Navigation\u00a0:\u00a0Galerie &#8211; Pr\u00e9sentation &#8211; D\u00e9roulement de la s\u00e9ance &#8211; Tarifs La s\u00e9ance famille doit \u00eatre \u00ab fun \u00bb. On limitera les poses et les sourires crisp\u00e9s, et on essaiera au maximum d\u2019obtenir de vrais \u00e9clats de rires en cr\u00e9ant des petits jeux, des blagues, des moments de d\u00e9tente\u2026 Nous \u00e9changerons ensemble lors d\u2019une prise de [&hellip;]<\/p>\n","protected":false},"author":1,"featured_media":0,"parent":5353,"menu_order":0,"comment_status":"closed","ping_status":"closed","template":"template-full-width.php","meta":{"footnotes":""},"class_list":["post-5477","page","type-page","status-publish","hentry"],"yoast_head":"<!-- This site is optimized with the Yoast SEO plugin v23.1 - https:\/\/yoast.com\/wordpress\/plugins\/seo\/ -->\n<title>D\u00e9roulement de la s\u00e9ance - J\u00e9r\u00f4me Carbone<\/title>\n<meta name=\"robots\" content=\"index, follow, max-snippet:-1, max-image-preview:large, max-video-preview:-1\" \/>\n<link rel=\"canonical\" href=\"https:\/\/www.jeromecarbone.com\/photographe\/famille\/deroulement-de-la-seance\/\" \/>\n<meta property=\"og:locale\" content=\"fr_FR\" \/>\n<meta property=\"og:type\" content=\"article\" \/>\n<meta property=\"og:title\" content=\"D\u00e9roulement de la s\u00e9ance - J\u00e9r\u00f4me Carbone\" \/>\n<meta property=\"og:description\" content=\"Navigation\u00a0:\u00a0Galerie &#8211; Pr\u00e9sentation &#8211; D\u00e9roulement de la s\u00e9ance &#8211; Tarifs La s\u00e9ance famille doit \u00eatre \u00ab fun \u00bb. On limitera les poses et les sourires crisp\u00e9s, et on essaiera au maximum d\u2019obtenir de vrais \u00e9clats de rires en cr\u00e9ant des petits jeux, des blagues, des moments de d\u00e9tente\u2026 Nous \u00e9changerons ensemble lors d\u2019une prise de [&hellip;]\" \/>\n<meta property=\"og:url\" content=\"https:\/\/www.jeromecarbone.com\/photographe\/famille\/deroulement-de-la-seance\/\" \/>\n<meta property=\"og:site_name\" content=\"J\u00e9r\u00f4me Carbone\" \/>\n<meta property=\"article:modified_time\" content=\"2021-02-06T10:59:57+00:00\" \/>\n<meta property=\"og:image\" content=\"http:\/\/www.jeromecarbone.com\/photographe\/wp-content\/grand-media\/image\/thumb\/2J5B2390.jpg\" \/>\n<meta name=\"twitter:card\" content=\"summary_large_image\" \/>\n<meta name=\"twitter:label1\" content=\"Dur\u00e9e de lecture estim\u00e9e\" \/>\n\t<meta name=\"twitter:data1\" content=\"2 minutes\" \/>\n<script type=\"application\/ld+json\" class=\"yoast-schema-graph\">{\"@context\":\"https:\/\/schema.org\",\"@graph\":[{\"@type\":\"WebPage\",\"@id\":\"https:\/\/www.jeromecarbone.com\/photographe\/famille\/deroulement-de-la-seance\/\",\"url\":\"https:\/\/www.jeromecarbone.com\/photographe\/famille\/deroulement-de-la-seance\/\",\"name\":\"D\u00e9roulement de la s\u00e9ance - J\u00e9r\u00f4me Carbone\",\"isPartOf\":{\"@id\":\"https:\/\/www.jeromecarbone.com\/photographe\/#website\"},\"primaryImageOfPage\":{\"@id\":\"https:\/\/www.jeromecarbone.com\/photographe\/famille\/deroulement-de-la-seance\/#primaryimage\"},\"image\":{\"@id\":\"https:\/\/www.jeromecarbone.com\/photographe\/famille\/deroulement-de-la-seance\/#primaryimage\"},\"thumbnailUrl\":\"http:\/\/www.jeromecarbone.com\/photographe\/wp-content\/grand-media\/image\/thumb\/2J5B2390.jpg\",\"datePublished\":\"2017-03-20T21:08:39+00:00\",\"dateModified\":\"2021-02-06T10:59:57+00:00\",\"breadcrumb\":{\"@id\":\"https:\/\/www.jeromecarbone.com\/photographe\/famille\/deroulement-de-la-seance\/#breadcrumb\"},\"inLanguage\":\"fr-FR\",\"potentialAction\":[{\"@type\":\"ReadAction\",\"target\":[\"https:\/\/www.jeromecarbone.com\/photographe\/famille\/deroulement-de-la-seance\/\"]}]},{\"@type\":\"ImageObject\",\"inLanguage\":\"fr-FR\",\"@id\":\"https:\/\/www.jeromecarbone.com\/photographe\/famille\/deroulement-de-la-seance\/#primaryimage\",\"url\":\"http:\/\/www.jeromecarbone.com\/photographe\/wp-content\/grand-media\/image\/thumb\/2J5B2390.jpg\",\"contentUrl\":\"http:\/\/www.jeromecarbone.com\/photographe\/wp-content\/grand-media\/image\/thumb\/2J5B2390.jpg\"},{\"@type\":\"BreadcrumbList\",\"@id\":\"https:\/\/www.jeromecarbone.com\/photographe\/famille\/deroulement-de-la-seance\/#breadcrumb\",\"itemListElement\":[{\"@type\":\"ListItem\",\"position\":1,\"name\":\"Accueil\",\"item\":\"https:\/\/www.jeromecarbone.com\/photographe\/\"},{\"@type\":\"ListItem\",\"position\":2,\"name\":\"Famille\",\"item\":\"https:\/\/www.jeromecarbone.com\/photographe\/famille\/\"},{\"@type\":\"ListItem\",\"position\":3,\"name\":\"D\u00e9roulement de la s\u00e9ance\"}]},{\"@type\":\"WebSite\",\"@id\":\"https:\/\/www.jeromecarbone.com\/photographe\/#website\",\"url\":\"https:\/\/www.jeromecarbone.com\/photographe\/\",\"name\":\"Photographe de votre famille\",\"description\":\"Photographe de votre famille\",\"publisher\":{\"@id\":\"https:\/\/www.jeromecarbone.com\/photographe\/#\/schema\/person\/16010d3d4cd99291c568d78e2dadac77\"},\"potentialAction\":[{\"@type\":\"SearchAction\",\"target\":{\"@type\":\"EntryPoint\",\"urlTemplate\":\"https:\/\/www.jeromecarbone.com\/photographe\/?s={search_term_string}\"},\"query-input\":\"required name=search_term_string\"}],\"inLanguage\":\"fr-FR\"},{\"@type\":[\"Person\",\"Organization\"],\"@id\":\"https:\/\/www.jeromecarbone.com\/photographe\/#\/schema\/person\/16010d3d4cd99291c568d78e2dadac77\",\"name\":\"J\u00e9r\u00f4me Carbone\",\"image\":{\"@type\":\"ImageObject\",\"inLanguage\":\"fr-FR\",\"@id\":\"https:\/\/www.jeromecarbone.com\/photographe\/#\/schema\/person\/image\/\",\"url\":\"https:\/\/secure.gravatar.com\/avatar\/40119e45623f76cf8351cadf8e13aebd248fdf78cb744a57826f41598011d4b6?s=96&d=mm&r=g\",\"contentUrl\":\"https:\/\/secure.gravatar.com\/avatar\/40119e45623f76cf8351cadf8e13aebd248fdf78cb744a57826f41598011d4b6?s=96&d=mm&r=g\",\"caption\":\"J\u00e9r\u00f4me Carbone\"},\"logo\":{\"@id\":\"https:\/\/www.jeromecarbone.com\/photographe\/#\/schema\/person\/image\/\"}}]}<\/script>\n<!-- \/ Yoast SEO plugin. -->","yoast_head_json":{"title":"D\u00e9roulement de la s\u00e9ance - J\u00e9r\u00f4me Carbone","robots":{"index":"index","follow":"follow","max-snippet":"max-snippet:-1","max-image-preview":"max-image-preview:large","max-video-preview":"max-video-preview:-1"},"canonical":"https:\/\/www.jeromecarbone.com\/photographe\/famille\/deroulement-de-la-seance\/","og_locale":"fr_FR","og_type":"article","og_title":"D\u00e9roulement de la s\u00e9ance - J\u00e9r\u00f4me Carbone","og_description":"Navigation\u00a0:\u00a0Galerie &#8211; Pr\u00e9sentation &#8211; D\u00e9roulement de la s\u00e9ance &#8211; Tarifs La s\u00e9ance famille doit \u00eatre \u00ab fun \u00bb. On limitera les poses et les sourires crisp\u00e9s, et on essaiera au maximum d\u2019obtenir de vrais \u00e9clats de rires en cr\u00e9ant des petits jeux, des blagues, des moments de d\u00e9tente\u2026 Nous \u00e9changerons ensemble lors d\u2019une prise de [&hellip;]","og_url":"https:\/\/www.jeromecarbone.com\/photographe\/famille\/deroulement-de-la-seance\/","og_site_name":"J\u00e9r\u00f4me Carbone","article_modified_time":"2021-02-06T10:59:57+00:00","og_image":[{"url":"http:\/\/www.jeromecarbone.com\/photographe\/wp-content\/grand-media\/image\/thumb\/2J5B2390.jpg"}],"twitter_card":"summary_large_image","twitter_misc":{"Dur\u00e9e de lecture estim\u00e9e":"2 minutes"},"schema":{"@context":"https:\/\/schema.org","@graph":[{"@type":"WebPage","@id":"https:\/\/www.jeromecarbone.com\/photographe\/famille\/deroulement-de-la-seance\/","url":"https:\/\/www.jeromecarbone.com\/photographe\/famille\/deroulement-de-la-seance\/","name":"D\u00e9roulement de la s\u00e9ance - J\u00e9r\u00f4me Carbone","isPartOf":{"@id":"https:\/\/www.jeromecarbone.com\/photographe\/#website"},"primaryImageOfPage":{"@id":"https:\/\/www.jeromecarbone.com\/photographe\/famille\/deroulement-de-la-seance\/#primaryimage"},"image":{"@id":"https:\/\/www.jeromecarbone.com\/photographe\/famille\/deroulement-de-la-seance\/#primaryimage"},"thumbnailUrl":"http:\/\/www.jeromecarbone.com\/photographe\/wp-content\/grand-media\/image\/thumb\/2J5B2390.jpg","datePublished":"2017-03-20T21:08:39+00:00","dateModified":"2021-02-06T10:59:57+00:00","breadcrumb":{"@id":"https:\/\/www.jeromecarbone.com\/photographe\/famille\/deroulement-de-la-seance\/#breadcrumb"},"inLanguage":"fr-FR","potentialAction":[{"@type":"ReadAction","target":["https:\/\/www.jeromecarbone.com\/photographe\/famille\/deroulement-de-la-seance\/"]}]},{"@type":"ImageObject","inLanguage":"fr-FR","@id":"https:\/\/www.jeromecarbone.com\/photographe\/famille\/deroulement-de-la-seance\/#primaryimage","url":"http:\/\/www.jeromecarbone.com\/photographe\/wp-content\/grand-media\/image\/thumb\/2J5B2390.jpg","contentUrl":"http:\/\/www.jeromecarbone.com\/photographe\/wp-content\/grand-media\/image\/thumb\/2J5B2390.jpg"},{"@type":"BreadcrumbList","@id":"https:\/\/www.jeromecarbone.com\/photographe\/famille\/deroulement-de-la-seance\/#breadcrumb","itemListElement":[{"@type":"ListItem","position":1,"name":"Accueil","item":"https:\/\/www.jeromecarbone.com\/photographe\/"},{"@type":"ListItem","position":2,"name":"Famille","item":"https:\/\/www.jeromecarbone.com\/photographe\/famille\/"},{"@type":"ListItem","position":3,"name":"D\u00e9roulement de la s\u00e9ance"}]},{"@type":"WebSite","@id":"https:\/\/www.jeromecarbone.com\/photographe\/#website","url":"https:\/\/www.jeromecarbone.com\/photographe\/","name":"Photographe de votre famille","description":"Photographe de votre famille","publisher":{"@id":"https:\/\/www.jeromecarbone.com\/photographe\/#\/schema\/person\/16010d3d4cd99291c568d78e2dadac77"},"potentialAction":[{"@type":"SearchAction","target":{"@type":"EntryPoint","urlTemplate":"https:\/\/www.jeromecarbone.com\/photographe\/?s={search_term_string}"},"query-input":"required name=search_term_string"}],"inLanguage":"fr-FR"},{"@type":["Person","Organization"],"@id":"https:\/\/www.jeromecarbone.com\/photographe\/#\/schema\/person\/16010d3d4cd99291c568d78e2dadac77","name":"J\u00e9r\u00f4me Carbone","image":{"@type":"ImageObject","inLanguage":"fr-FR","@id":"https:\/\/www.jeromecarbone.com\/photographe\/#\/schema\/person\/image\/","url":"https:\/\/secure.gravatar.com\/avatar\/40119e45623f76cf8351cadf8e13aebd248fdf78cb744a57826f41598011d4b6?s=96&d=mm&r=g","contentUrl":"https:\/\/secure.gravatar.com\/avatar\/40119e45623f76cf8351cadf8e13aebd248fdf78cb744a57826f41598011d4b6?s=96&d=mm&r=g","caption":"J\u00e9r\u00f4me Carbone"},"logo":{"@id":"https:\/\/www.jeromecarbone.com\/photographe\/#\/schema\/person\/image\/"}}]}},"_links":{"self":[{"href":"https:\/\/www.jeromecarbone.com\/photographe\/wp-json\/wp\/v2\/pages\/5477","targetHints":{"allow":["GET"]}}],"collection":[{"href":"https:\/\/www.jeromecarbone.com\/photographe\/wp-json\/wp\/v2\/pages"}],"about":[{"href":"https:\/\/www.jeromecarbone.com\/photographe\/wp-json\/wp\/v2\/types\/page"}],"author":[{"embeddable":true,"href":"https:\/\/www.jeromecarbone.com\/photographe\/wp-json\/wp\/v2\/users\/1"}],"replies":[{"embeddable":true,"href":"https:\/\/www.jeromecarbone.com\/photographe\/wp-json\/wp\/v2\/comments?post=5477"}],"version-history":[{"count":5,"href":"https:\/\/www.jeromecarbone.com\/photographe\/wp-json\/wp\/v2\/pages\/5477\/revisions"}],"predecessor-version":[{"id":5751,"href":"https:\/\/www.jeromecarbone.com\/photographe\/wp-json\/wp\/v2\/pages\/5477\/revisions\/5751"}],"up":[{"embeddable":true,"href":"https:\/\/www.jeromecarbone.com\/photographe\/wp-json\/wp\/v2\/pages\/5353"}],"wp:attachment":[{"href":"https:\/\/www.jeromecarbone.com\/photographe\/wp-json\/wp\/v2\/media?parent=5477"}],"curies":[{"name":"wp","href":"https:\/\/api.w.org\/{rel}","templated":true}]}}