{"id":5645,"date":"2021-01-31T09:07:35","date_gmt":"2021-01-31T08:07:35","guid":{"rendered":"http:\/\/www.jeromecarbone.com\/photographe\/?page_id=5645"},"modified":"2021-10-07T09:55:35","modified_gmt":"2021-10-07T07:55:35","slug":"dans-la-boite","status":"publish","type":"page","link":"https:\/\/www.jeromecarbone.com\/photographe\/dans-la-boite\/","title":{"rendered":"Dans la boite !"},"content":{"rendered":"\n<p>Navigation&nbsp;:&nbsp;<strong><a href=\"http:\/\/www.jeromecarbone.com\/photographe\/dans-la-boite\/\">Galerie<\/a><\/strong> &#8211; <a href=\"http:\/\/www.jeromecarbone.com\/photographe\/dans-la-boite\/presentation\/\">Pr\u00e9sentation<\/a> &#8211; <a href=\"http:\/\/www.jeromecarbone.com\/photographe\/dans-la-boite\/deroulement-de-la-seance\/\">D\u00e9roulement de la s\u00e9ance<\/a> &#8211; <a href=\"http:\/\/www.jeromecarbone.com\/photographe\/dans-la-boite\/tarifs\/\">Tarifs<\/a><\/p>\n<div class=\"gmedia_gallery realslider_module is_bot\" id=\"GmediaGallery_37\" data-gmid=\"37\" data-module=\"realslider\"><style class='gmedia_module_style_import'>@import url('https:\/\/www.jeromecarbone.com\/photographe\/wp-content\/grand-media\/module\/realslider\/css\/realslider.css?v=2.13') all;\/**** .realslider_module #GmediaGallery_37 ****\/@import \"https:\/\/www.jeromecarbone.com\/photographe\/wp-content\/grand-media\/module\/realslider\/css\/skins\/skin-universal.css\";<\/style>\t<div style=\"width:100%;height:500px;\" class=\"realSlider no-js gm-universal-skin rsImgScaleMode_fit-if-smaller\"><div class=\"gmContent gmSlideId-540 gmSlideIndex-1\"><a class=\"gmImg\" data-gmw=\"2048\" data-gmh=\"2048\" href=\"https:\/\/www.jeromecarbone.com\/photographe\/wp-content\/grand-media\/image\/2020-12_PhotoInTheBox2_V4.jpg\"><\/a><div class=\"gmSlideText_hidden\"><div class=\"gmTitle\">2020-12 PhotoInTheBox2 V4<\/div><\/div><\/div><div class=\"gmContent gmSlideId-545 gmSlideIndex-2\"><a class=\"gmImg\" data-gmw=\"2048\" data-gmh=\"1463\" href=\"https:\/\/www.jeromecarbone.com\/photographe\/wp-content\/grand-media\/image\/Box_RomainLaetitia_-_12_box.jpg\"><\/a><div class=\"gmSlideText_hidden\"><div class=\"gmTitle\">Box RomainLaetitia - 12 Box<\/div><\/div><\/div><div class=\"gmContent gmSlideId-546 gmSlideIndex-3\"><a class=\"gmImg\" data-gmw=\"2048\" data-gmh=\"2048\" href=\"https:\/\/www.jeromecarbone.com\/photographe\/wp-content\/grand-media\/image\/9_box_70x70_-_Box_Carbone_Montage_01.jpg\"><\/a><div class=\"gmSlideText_hidden\"><div class=\"gmTitle\">9 Box 70x70 - Box Carbone Montage 01<\/div><\/div><\/div><div class=\"gmContent gmSlideId-543 gmSlideIndex-4\"><a class=\"gmImg\" data-gmw=\"2200\" data-gmh=\"2200\" href=\"https:\/\/www.jeromecarbone.com\/photographe\/wp-content\/grand-media\/image\/Aaron_seul_-_1_box_20x20.jpg\"><\/a><div class=\"gmSlideText_hidden\"><div class=\"gmTitle\">Aaron Seul - 1 Box 20x20<\/div><\/div><\/div><div class=\"gmContent gmSlideId-539 gmSlideIndex-5\"><a class=\"gmImg\" data-gmw=\"2048\" data-gmh=\"1638\" href=\"https:\/\/www.jeromecarbone.com\/photographe\/wp-content\/grand-media\/image\/12_box_40x50_-_Agathe.jpg\"><\/a><div class=\"gmSlideText_hidden\"><div class=\"gmTitle\">12 Box 40x50 - Agathe<\/div><\/div><\/div><div class=\"gmContent gmSlideId-541 gmSlideIndex-6\"><a class=\"gmImg\" data-gmw=\"2048\" data-gmh=\"2048\" href=\"https:\/\/www.jeromecarbone.com\/photographe\/wp-content\/grand-media\/image\/2021-01_Box_Deguisement_Raphael.jpg\"><\/a><div class=\"gmSlideText_hidden\"><div class=\"gmTitle\">2021-01 Box Deguisement Raphael<\/div><\/div><\/div><div class=\"gmContent gmSlideId-538 gmSlideIndex-7\"><a class=\"gmImg\" data-gmw=\"2048\" data-gmh=\"2048\" href=\"https:\/\/www.jeromecarbone.com\/photographe\/wp-content\/grand-media\/image\/9_box_20x20_-_Ju.jpg\"><\/a><div class=\"gmSlideText_hidden\"><div class=\"gmTitle\">9 Box 20x20 - Ju<\/div><\/div><\/div><\/div>\r\n\t<a class='gmlove' target='_blank' href='http:\/\/bit.ly\/2snVAca'>Trial version - Get License<\/a>\r\n\t<script type=\"text\/javascript\">\r\n\t\tjQuery(function($){\r\n\t\t\tvar settings = {\"skin\":\"universal\",\"autoScaleSlider\":\"1\",\"imageScaleMode\":\"fit-if-smaller\",\"controlNavigation\":\"aucune\",\"arrowsNavAutoHide\":\"0\",\"loop\":\"1\",\"randomizeSlides\":\"1\",\"transitionType\":\"fade\",\"transitionSpeed\":\"1501\",\"autoPlay\":{\"enabled\":\"1\"},\"hideCaption\":\"1\",\"ID\":37,\"name\":\"Portofolio Dans la boite !\",\"moduleUrl\":\"https:\\\/\\\/www.jeromecarbone.com\\\/photographe\\\/wp-content\\\/grand-media\\\/module\\\/realslider\",\"pluginUrl\":\"https:\\\/\\\/www.jeromecarbone.com\\\/photographe\\\/wp-content\\\/plugins\\\/grand-media\",\"libraryUrl\":\"https:\\\/\\\/www.jeromecarbone.com\\\/photographe\\\/wp-content\\\/grand-media\",\"key\":\"\"};\r\n            $('#GmediaGallery_37 .realSlider').realSlider(settings);\r\n\t\t});\r\n\t<\/script>\r\n<\/div>\n","protected":false},"excerpt":{"rendered":"<p>Navigation&nbsp;:&nbsp;Galerie &#8211; Pr\u00e9sentation &#8211; D\u00e9roulement de la s\u00e9ance &#8211; Tarifs<\/p>\n","protected":false},"author":1,"featured_media":0,"parent":0,"menu_order":0,"comment_status":"closed","ping_status":"closed","template":"template-full-width.php","meta":{"footnotes":""},"class_list":["post-5645","page","type-page","status-publish","hentry"],"yoast_head":"<!-- This site is optimized with the Yoast SEO plugin v23.1 - https:\/\/yoast.com\/wordpress\/plugins\/seo\/ -->\n<title>S\u00e9ance Dans la boite ! - J\u00e9r\u00f4me Carbone - Photographe de votre famille<\/title>\n<meta name=\"description\" content=\"La s\u00e9ance &quot;Dans la boite&quot; est une fa\u00e7on originale de faire un portrait de famille ! Venez rentrer dans la boite au studio photo de Salleboeuf\" \/>\n<meta name=\"robots\" content=\"index, follow, max-snippet:-1, max-image-preview:large, max-video-preview:-1\" \/>\n<link rel=\"canonical\" href=\"https:\/\/www.jeromecarbone.com\/photographe\/dans-la-boite\/\" \/>\n<meta property=\"og:locale\" content=\"fr_FR\" \/>\n<meta property=\"og:type\" content=\"article\" \/>\n<meta property=\"og:title\" content=\"S\u00e9ance Dans la boite ! - J\u00e9r\u00f4me Carbone - Photographe de votre famille\" \/>\n<meta property=\"og:description\" content=\"La s\u00e9ance &quot;Dans la boite&quot; est une fa\u00e7on originale de faire un portrait de famille ! Venez rentrer dans la boite au studio photo de Salleboeuf\" \/>\n<meta property=\"og:url\" content=\"https:\/\/www.jeromecarbone.com\/photographe\/dans-la-boite\/\" \/>\n<meta property=\"og:site_name\" content=\"J\u00e9r\u00f4me Carbone\" \/>\n<meta property=\"article:modified_time\" content=\"2021-10-07T07:55:35+00:00\" \/>\n<meta name=\"twitter:card\" content=\"summary_large_image\" \/>\n<meta name=\"twitter:label1\" content=\"Dur\u00e9e de lecture estim\u00e9e\" \/>\n\t<meta name=\"twitter:data1\" content=\"1 minute\" \/>\n<script type=\"application\/ld+json\" class=\"yoast-schema-graph\">{\"@context\":\"https:\/\/schema.org\",\"@graph\":[{\"@type\":\"WebPage\",\"@id\":\"https:\/\/www.jeromecarbone.com\/photographe\/dans-la-boite\/\",\"url\":\"https:\/\/www.jeromecarbone.com\/photographe\/dans-la-boite\/\",\"name\":\"S\u00e9ance Dans la boite ! - J\u00e9r\u00f4me Carbone - Photographe de votre famille\",\"isPartOf\":{\"@id\":\"https:\/\/www.jeromecarbone.com\/photographe\/#website\"},\"datePublished\":\"2021-01-31T08:07:35+00:00\",\"dateModified\":\"2021-10-07T07:55:35+00:00\",\"description\":\"La s\u00e9ance \\\"Dans la boite\\\" est une fa\u00e7on originale de faire un portrait de famille ! Venez rentrer dans la boite au studio photo de Salleboeuf\",\"breadcrumb\":{\"@id\":\"https:\/\/www.jeromecarbone.com\/photographe\/dans-la-boite\/#breadcrumb\"},\"inLanguage\":\"fr-FR\",\"potentialAction\":[{\"@type\":\"ReadAction\",\"target\":[\"https:\/\/www.jeromecarbone.com\/photographe\/dans-la-boite\/\"]}]},{\"@type\":\"BreadcrumbList\",\"@id\":\"https:\/\/www.jeromecarbone.com\/photographe\/dans-la-boite\/#breadcrumb\",\"itemListElement\":[{\"@type\":\"ListItem\",\"position\":1,\"name\":\"Accueil\",\"item\":\"https:\/\/www.jeromecarbone.com\/photographe\/\"},{\"@type\":\"ListItem\",\"position\":2,\"name\":\"Dans la boite !\"}]},{\"@type\":\"WebSite\",\"@id\":\"https:\/\/www.jeromecarbone.com\/photographe\/#website\",\"url\":\"https:\/\/www.jeromecarbone.com\/photographe\/\",\"name\":\"Photographe de votre famille\",\"description\":\"Photographe de votre famille\",\"publisher\":{\"@id\":\"https:\/\/www.jeromecarbone.com\/photographe\/#\/schema\/person\/16010d3d4cd99291c568d78e2dadac77\"},\"potentialAction\":[{\"@type\":\"SearchAction\",\"target\":{\"@type\":\"EntryPoint\",\"urlTemplate\":\"https:\/\/www.jeromecarbone.com\/photographe\/?s={search_term_string}\"},\"query-input\":\"required name=search_term_string\"}],\"inLanguage\":\"fr-FR\"},{\"@type\":[\"Person\",\"Organization\"],\"@id\":\"https:\/\/www.jeromecarbone.com\/photographe\/#\/schema\/person\/16010d3d4cd99291c568d78e2dadac77\",\"name\":\"J\u00e9r\u00f4me Carbone\",\"image\":{\"@type\":\"ImageObject\",\"inLanguage\":\"fr-FR\",\"@id\":\"https:\/\/www.jeromecarbone.com\/photographe\/#\/schema\/person\/image\/\",\"url\":\"https:\/\/secure.gravatar.com\/avatar\/40119e45623f76cf8351cadf8e13aebd248fdf78cb744a57826f41598011d4b6?s=96&d=mm&r=g\",\"contentUrl\":\"https:\/\/secure.gravatar.com\/avatar\/40119e45623f76cf8351cadf8e13aebd248fdf78cb744a57826f41598011d4b6?s=96&d=mm&r=g\",\"caption\":\"J\u00e9r\u00f4me Carbone\"},\"logo\":{\"@id\":\"https:\/\/www.jeromecarbone.com\/photographe\/#\/schema\/person\/image\/\"}}]}<\/script>\n<!-- \/ Yoast SEO plugin. -->","yoast_head_json":{"title":"S\u00e9ance Dans la boite ! - J\u00e9r\u00f4me Carbone - Photographe de votre famille","description":"La s\u00e9ance \"Dans la boite\" est une fa\u00e7on originale de faire un portrait de famille ! Venez rentrer dans la boite au studio photo de Salleboeuf","robots":{"index":"index","follow":"follow","max-snippet":"max-snippet:-1","max-image-preview":"max-image-preview:large","max-video-preview":"max-video-preview:-1"},"canonical":"https:\/\/www.jeromecarbone.com\/photographe\/dans-la-boite\/","og_locale":"fr_FR","og_type":"article","og_title":"S\u00e9ance Dans la boite ! - J\u00e9r\u00f4me Carbone - Photographe de votre famille","og_description":"La s\u00e9ance \"Dans la boite\" est une fa\u00e7on originale de faire un portrait de famille ! Venez rentrer dans la boite au studio photo de Salleboeuf","og_url":"https:\/\/www.jeromecarbone.com\/photographe\/dans-la-boite\/","og_site_name":"J\u00e9r\u00f4me Carbone","article_modified_time":"2021-10-07T07:55:35+00:00","twitter_card":"summary_large_image","twitter_misc":{"Dur\u00e9e de lecture estim\u00e9e":"1 minute"},"schema":{"@context":"https:\/\/schema.org","@graph":[{"@type":"WebPage","@id":"https:\/\/www.jeromecarbone.com\/photographe\/dans-la-boite\/","url":"https:\/\/www.jeromecarbone.com\/photographe\/dans-la-boite\/","name":"S\u00e9ance Dans la boite ! - J\u00e9r\u00f4me Carbone - Photographe de votre famille","isPartOf":{"@id":"https:\/\/www.jeromecarbone.com\/photographe\/#website"},"datePublished":"2021-01-31T08:07:35+00:00","dateModified":"2021-10-07T07:55:35+00:00","description":"La s\u00e9ance \"Dans la boite\" est une fa\u00e7on originale de faire un portrait de famille ! Venez rentrer dans la boite au studio photo de Salleboeuf","breadcrumb":{"@id":"https:\/\/www.jeromecarbone.com\/photographe\/dans-la-boite\/#breadcrumb"},"inLanguage":"fr-FR","potentialAction":[{"@type":"ReadAction","target":["https:\/\/www.jeromecarbone.com\/photographe\/dans-la-boite\/"]}]},{"@type":"BreadcrumbList","@id":"https:\/\/www.jeromecarbone.com\/photographe\/dans-la-boite\/#breadcrumb","itemListElement":[{"@type":"ListItem","position":1,"name":"Accueil","item":"https:\/\/www.jeromecarbone.com\/photographe\/"},{"@type":"ListItem","position":2,"name":"Dans la boite !"}]},{"@type":"WebSite","@id":"https:\/\/www.jeromecarbone.com\/photographe\/#website","url":"https:\/\/www.jeromecarbone.com\/photographe\/","name":"Photographe de votre famille","description":"Photographe de votre famille","publisher":{"@id":"https:\/\/www.jeromecarbone.com\/photographe\/#\/schema\/person\/16010d3d4cd99291c568d78e2dadac77"},"potentialAction":[{"@type":"SearchAction","target":{"@type":"EntryPoint","urlTemplate":"https:\/\/www.jeromecarbone.com\/photographe\/?s={search_term_string}"},"query-input":"required name=search_term_string"}],"inLanguage":"fr-FR"},{"@type":["Person","Organization"],"@id":"https:\/\/www.jeromecarbone.com\/photographe\/#\/schema\/person\/16010d3d4cd99291c568d78e2dadac77","name":"J\u00e9r\u00f4me Carbone","image":{"@type":"ImageObject","inLanguage":"fr-FR","@id":"https:\/\/www.jeromecarbone.com\/photographe\/#\/schema\/person\/image\/","url":"https:\/\/secure.gravatar.com\/avatar\/40119e45623f76cf8351cadf8e13aebd248fdf78cb744a57826f41598011d4b6?s=96&d=mm&r=g","contentUrl":"https:\/\/secure.gravatar.com\/avatar\/40119e45623f76cf8351cadf8e13aebd248fdf78cb744a57826f41598011d4b6?s=96&d=mm&r=g","caption":"J\u00e9r\u00f4me Carbone"},"logo":{"@id":"https:\/\/www.jeromecarbone.com\/photographe\/#\/schema\/person\/image\/"}}]}},"_links":{"self":[{"href":"https:\/\/www.jeromecarbone.com\/photographe\/wp-json\/wp\/v2\/pages\/5645","targetHints":{"allow":["GET"]}}],"collection":[{"href":"https:\/\/www.jeromecarbone.com\/photographe\/wp-json\/wp\/v2\/pages"}],"about":[{"href":"https:\/\/www.jeromecarbone.com\/photographe\/wp-json\/wp\/v2\/types\/page"}],"author":[{"embeddable":true,"href":"https:\/\/www.jeromecarbone.com\/photographe\/wp-json\/wp\/v2\/users\/1"}],"replies":[{"embeddable":true,"href":"https:\/\/www.jeromecarbone.com\/photographe\/wp-json\/wp\/v2\/comments?post=5645"}],"version-history":[{"count":8,"href":"https:\/\/www.jeromecarbone.com\/photographe\/wp-json\/wp\/v2\/pages\/5645\/revisions"}],"predecessor-version":[{"id":5756,"href":"https:\/\/www.jeromecarbone.com\/photographe\/wp-json\/wp\/v2\/pages\/5645\/revisions\/5756"}],"wp:attachment":[{"href":"https:\/\/www.jeromecarbone.com\/photographe\/wp-json\/wp\/v2\/media?parent=5645"}],"curies":[{"name":"wp","href":"https:\/\/api.w.org\/{rel}","templated":true}]}}