{"id":5659,"date":"2021-01-31T09:28:54","date_gmt":"2021-01-31T08:28:54","guid":{"rendered":"http:\/\/www.jeromecarbone.com\/photographe\/?page_id=5659"},"modified":"2021-10-07T09:57:07","modified_gmt":"2021-10-07T07:57:07","slug":"deroulement-de-la-seance","status":"publish","type":"page","link":"https:\/\/www.jeromecarbone.com\/photographe\/dans-la-boite\/deroulement-de-la-seance\/","title":{"rendered":"D\u00e9roulement de la s\u00e9ance"},"content":{"rendered":"\n<p>Navigation : <a href=\"http:\/\/www.jeromecarbone.com\/photographe\/dans-la-boite\/\">Galerie<\/a> &#8211; <a href=\"http:\/\/www.jeromecarbone.com\/photographe\/dans-la-boite\/presentation\/\">Pr\u00e9sentation<\/a> &#8211; <strong><a href=\"http:\/\/www.jeromecarbone.com\/photographe\/dans-la-boite\/deroulement-de-la-seance\/\">D\u00e9roulement de la s\u00e9ance<\/a><\/strong> &#8211; <a href=\"http:\/\/www.jeromecarbone.com\/photographe\/dans-la-boite\/tarifs\/\">Tarifs<\/a><\/p>\n<p><img loading=\"lazy\" decoding=\"async\" class=\"size-medium wp-image-5695 alignright\" src=\"http:\/\/www.jeromecarbone.com\/photographe\/wp-content\/uploads\/2021\/01\/20201111_102516-300x225.jpg\" alt=\"\" width=\"300\" height=\"225\" srcset=\"https:\/\/www.jeromecarbone.com\/photographe\/wp-content\/uploads\/2021\/01\/20201111_102516-300x225.jpg 300w, https:\/\/www.jeromecarbone.com\/photographe\/wp-content\/uploads\/2021\/01\/20201111_102516-1024x768.jpg 1024w, https:\/\/www.jeromecarbone.com\/photographe\/wp-content\/uploads\/2021\/01\/20201111_102516-768x576.jpg 768w, https:\/\/www.jeromecarbone.com\/photographe\/wp-content\/uploads\/2021\/01\/20201111_102516-1536x1152.jpg 1536w, https:\/\/www.jeromecarbone.com\/photographe\/wp-content\/uploads\/2021\/01\/20201111_102516.jpg 2048w\" sizes=\"auto, (max-width: 300px) 100vw, 300px\" \/>La s\u00e9ance dure une petite heure pendant laquelle vous prenez la pose, par petit groupe ou \u00ab\u00a0solo\u00a0\u00bb. Amusez-vous !<\/p>\n<p>Rien n&rsquo;est interdit tant que c&rsquo;est dans la boite \ud83d\ude42<\/p>\n<p>Les photos sont faites 1 \u00e0 1, puis un montage des photos sera r\u00e9alis\u00e9 par 9, par 12, voir 15 : \u00e0 d\u00e9cider ensemble.<\/p>\n<p>Une fois la s\u00e9ance r\u00e9alis\u00e9e, le montage sera mise en ligne sur une galerie dont vous aurez les acc\u00e8s priv\u00e9s.<\/p>\n<p>Possibilit\u00e9 de transporter la \u00ab\u00a0boite\u00a0\u00bb sur le lieu de votre choix en fonction de l&rsquo;\u00e9v\u00e8nement.<\/p>\n<p>Pour en savoir plus sur les <a href=\"http:\/\/www.jeromecarbone.com\/photographe\/naissance\/tarifs\/\">tarifs, cliquez-ici<\/a>.<\/p>\n<p>&nbsp;<\/p>\n","protected":false},"excerpt":{"rendered":"<p>Navigation : Galerie &#8211; Pr\u00e9sentation &#8211; D\u00e9roulement de la s\u00e9ance &#8211; Tarifs La s\u00e9ance dure une petite heure pendant laquelle vous prenez la pose, par petit groupe ou \u00ab\u00a0solo\u00a0\u00bb. Amusez-vous ! Rien n&rsquo;est interdit tant que c&rsquo;est dans la boite \ud83d\ude42 Les photos sont faites 1 \u00e0 1, puis un montage des photos sera r\u00e9alis\u00e9 [&hellip;]<\/p>\n","protected":false},"author":1,"featured_media":0,"parent":5645,"menu_order":0,"comment_status":"closed","ping_status":"closed","template":"template-full-width.php","meta":{"footnotes":""},"class_list":["post-5659","page","type-page","status-publish","hentry"],"yoast_head":"<!-- This site is optimized with the Yoast SEO plugin v23.1 - https:\/\/yoast.com\/wordpress\/plugins\/seo\/ -->\n<title>D\u00e9roulement de la s\u00e9ance Dans la boite - J\u00e9r\u00f4me Carbone - Photographe<\/title>\n<meta name=\"description\" content=\"La s\u00e9ance &quot;Dans la boite&quot; est une fa\u00e7on originale de faire un portrait de famille ! Venez rentrer dans la boite au studio photo de Salleboeuf\" \/>\n<meta name=\"robots\" content=\"index, follow, max-snippet:-1, max-image-preview:large, max-video-preview:-1\" \/>\n<link rel=\"canonical\" href=\"https:\/\/www.jeromecarbone.com\/photographe\/dans-la-boite\/deroulement-de-la-seance\/\" \/>\n<meta property=\"og:locale\" content=\"fr_FR\" \/>\n<meta property=\"og:type\" content=\"article\" \/>\n<meta property=\"og:title\" content=\"D\u00e9roulement de la s\u00e9ance Dans la boite - J\u00e9r\u00f4me Carbone - Photographe\" \/>\n<meta property=\"og:description\" content=\"La s\u00e9ance &quot;Dans la boite&quot; est une fa\u00e7on originale de faire un portrait de famille ! Venez rentrer dans la boite au studio photo de Salleboeuf\" \/>\n<meta property=\"og:url\" content=\"https:\/\/www.jeromecarbone.com\/photographe\/dans-la-boite\/deroulement-de-la-seance\/\" \/>\n<meta property=\"og:site_name\" content=\"J\u00e9r\u00f4me Carbone\" \/>\n<meta property=\"article:modified_time\" content=\"2021-10-07T07:57:07+00:00\" \/>\n<meta property=\"og:image\" content=\"http:\/\/www.jeromecarbone.com\/photographe\/wp-content\/uploads\/2021\/01\/20201111_102516-300x225.jpg\" \/>\n<meta name=\"twitter:card\" content=\"summary_large_image\" \/>\n<meta name=\"twitter:label1\" content=\"Dur\u00e9e de lecture estim\u00e9e\" \/>\n\t<meta name=\"twitter:data1\" content=\"1 minute\" \/>\n<script type=\"application\/ld+json\" class=\"yoast-schema-graph\">{\"@context\":\"https:\/\/schema.org\",\"@graph\":[{\"@type\":\"WebPage\",\"@id\":\"https:\/\/www.jeromecarbone.com\/photographe\/dans-la-boite\/deroulement-de-la-seance\/\",\"url\":\"https:\/\/www.jeromecarbone.com\/photographe\/dans-la-boite\/deroulement-de-la-seance\/\",\"name\":\"D\u00e9roulement de la s\u00e9ance Dans la boite - J\u00e9r\u00f4me Carbone - Photographe\",\"isPartOf\":{\"@id\":\"https:\/\/www.jeromecarbone.com\/photographe\/#website\"},\"primaryImageOfPage\":{\"@id\":\"https:\/\/www.jeromecarbone.com\/photographe\/dans-la-boite\/deroulement-de-la-seance\/#primaryimage\"},\"image\":{\"@id\":\"https:\/\/www.jeromecarbone.com\/photographe\/dans-la-boite\/deroulement-de-la-seance\/#primaryimage\"},\"thumbnailUrl\":\"http:\/\/www.jeromecarbone.com\/photographe\/wp-content\/uploads\/2021\/01\/20201111_102516-300x225.jpg\",\"datePublished\":\"2021-01-31T08:28:54+00:00\",\"dateModified\":\"2021-10-07T07:57:07+00:00\",\"description\":\"La s\u00e9ance \\\"Dans la boite\\\" est une fa\u00e7on originale de faire un portrait de famille ! Venez rentrer dans la boite au studio photo de Salleboeuf\",\"breadcrumb\":{\"@id\":\"https:\/\/www.jeromecarbone.com\/photographe\/dans-la-boite\/deroulement-de-la-seance\/#breadcrumb\"},\"inLanguage\":\"fr-FR\",\"potentialAction\":[{\"@type\":\"ReadAction\",\"target\":[\"https:\/\/www.jeromecarbone.com\/photographe\/dans-la-boite\/deroulement-de-la-seance\/\"]}]},{\"@type\":\"ImageObject\",\"inLanguage\":\"fr-FR\",\"@id\":\"https:\/\/www.jeromecarbone.com\/photographe\/dans-la-boite\/deroulement-de-la-seance\/#primaryimage\",\"url\":\"https:\/\/www.jeromecarbone.com\/photographe\/wp-content\/uploads\/2021\/01\/20201111_102516.jpg\",\"contentUrl\":\"https:\/\/www.jeromecarbone.com\/photographe\/wp-content\/uploads\/2021\/01\/20201111_102516.jpg\",\"width\":2048,\"height\":1536},{\"@type\":\"BreadcrumbList\",\"@id\":\"https:\/\/www.jeromecarbone.com\/photographe\/dans-la-boite\/deroulement-de-la-seance\/#breadcrumb\",\"itemListElement\":[{\"@type\":\"ListItem\",\"position\":1,\"name\":\"Accueil\",\"item\":\"https:\/\/www.jeromecarbone.com\/photographe\/\"},{\"@type\":\"ListItem\",\"position\":2,\"name\":\"Dans la boite !\",\"item\":\"https:\/\/www.jeromecarbone.com\/photographe\/dans-la-boite\/\"},{\"@type\":\"ListItem\",\"position\":3,\"name\":\"D\u00e9roulement de la s\u00e9ance\"}]},{\"@type\":\"WebSite\",\"@id\":\"https:\/\/www.jeromecarbone.com\/photographe\/#website\",\"url\":\"https:\/\/www.jeromecarbone.com\/photographe\/\",\"name\":\"Photographe de votre famille\",\"description\":\"Photographe de votre famille\",\"publisher\":{\"@id\":\"https:\/\/www.jeromecarbone.com\/photographe\/#\/schema\/person\/16010d3d4cd99291c568d78e2dadac77\"},\"potentialAction\":[{\"@type\":\"SearchAction\",\"target\":{\"@type\":\"EntryPoint\",\"urlTemplate\":\"https:\/\/www.jeromecarbone.com\/photographe\/?s={search_term_string}\"},\"query-input\":\"required name=search_term_string\"}],\"inLanguage\":\"fr-FR\"},{\"@type\":[\"Person\",\"Organization\"],\"@id\":\"https:\/\/www.jeromecarbone.com\/photographe\/#\/schema\/person\/16010d3d4cd99291c568d78e2dadac77\",\"name\":\"J\u00e9r\u00f4me Carbone\",\"image\":{\"@type\":\"ImageObject\",\"inLanguage\":\"fr-FR\",\"@id\":\"https:\/\/www.jeromecarbone.com\/photographe\/#\/schema\/person\/image\/\",\"url\":\"https:\/\/secure.gravatar.com\/avatar\/40119e45623f76cf8351cadf8e13aebd248fdf78cb744a57826f41598011d4b6?s=96&d=mm&r=g\",\"contentUrl\":\"https:\/\/secure.gravatar.com\/avatar\/40119e45623f76cf8351cadf8e13aebd248fdf78cb744a57826f41598011d4b6?s=96&d=mm&r=g\",\"caption\":\"J\u00e9r\u00f4me Carbone\"},\"logo\":{\"@id\":\"https:\/\/www.jeromecarbone.com\/photographe\/#\/schema\/person\/image\/\"}}]}<\/script>\n<!-- \/ Yoast SEO plugin. -->","yoast_head_json":{"title":"D\u00e9roulement de la s\u00e9ance Dans la boite - J\u00e9r\u00f4me Carbone - Photographe","description":"La s\u00e9ance \"Dans la boite\" est une fa\u00e7on originale de faire un portrait de famille ! Venez rentrer dans la boite au studio photo de Salleboeuf","robots":{"index":"index","follow":"follow","max-snippet":"max-snippet:-1","max-image-preview":"max-image-preview:large","max-video-preview":"max-video-preview:-1"},"canonical":"https:\/\/www.jeromecarbone.com\/photographe\/dans-la-boite\/deroulement-de-la-seance\/","og_locale":"fr_FR","og_type":"article","og_title":"D\u00e9roulement de la s\u00e9ance Dans la boite - J\u00e9r\u00f4me Carbone - Photographe","og_description":"La s\u00e9ance \"Dans la boite\" est une fa\u00e7on originale de faire un portrait de famille ! Venez rentrer dans la boite au studio photo de Salleboeuf","og_url":"https:\/\/www.jeromecarbone.com\/photographe\/dans-la-boite\/deroulement-de-la-seance\/","og_site_name":"J\u00e9r\u00f4me Carbone","article_modified_time":"2021-10-07T07:57:07+00:00","og_image":[{"url":"http:\/\/www.jeromecarbone.com\/photographe\/wp-content\/uploads\/2021\/01\/20201111_102516-300x225.jpg"}],"twitter_card":"summary_large_image","twitter_misc":{"Dur\u00e9e de lecture estim\u00e9e":"1 minute"},"schema":{"@context":"https:\/\/schema.org","@graph":[{"@type":"WebPage","@id":"https:\/\/www.jeromecarbone.com\/photographe\/dans-la-boite\/deroulement-de-la-seance\/","url":"https:\/\/www.jeromecarbone.com\/photographe\/dans-la-boite\/deroulement-de-la-seance\/","name":"D\u00e9roulement de la s\u00e9ance Dans la boite - J\u00e9r\u00f4me Carbone - Photographe","isPartOf":{"@id":"https:\/\/www.jeromecarbone.com\/photographe\/#website"},"primaryImageOfPage":{"@id":"https:\/\/www.jeromecarbone.com\/photographe\/dans-la-boite\/deroulement-de-la-seance\/#primaryimage"},"image":{"@id":"https:\/\/www.jeromecarbone.com\/photographe\/dans-la-boite\/deroulement-de-la-seance\/#primaryimage"},"thumbnailUrl":"http:\/\/www.jeromecarbone.com\/photographe\/wp-content\/uploads\/2021\/01\/20201111_102516-300x225.jpg","datePublished":"2021-01-31T08:28:54+00:00","dateModified":"2021-10-07T07:57:07+00:00","description":"La s\u00e9ance \"Dans la boite\" est une fa\u00e7on originale de faire un portrait de famille ! Venez rentrer dans la boite au studio photo de Salleboeuf","breadcrumb":{"@id":"https:\/\/www.jeromecarbone.com\/photographe\/dans-la-boite\/deroulement-de-la-seance\/#breadcrumb"},"inLanguage":"fr-FR","potentialAction":[{"@type":"ReadAction","target":["https:\/\/www.jeromecarbone.com\/photographe\/dans-la-boite\/deroulement-de-la-seance\/"]}]},{"@type":"ImageObject","inLanguage":"fr-FR","@id":"https:\/\/www.jeromecarbone.com\/photographe\/dans-la-boite\/deroulement-de-la-seance\/#primaryimage","url":"https:\/\/www.jeromecarbone.com\/photographe\/wp-content\/uploads\/2021\/01\/20201111_102516.jpg","contentUrl":"https:\/\/www.jeromecarbone.com\/photographe\/wp-content\/uploads\/2021\/01\/20201111_102516.jpg","width":2048,"height":1536},{"@type":"BreadcrumbList","@id":"https:\/\/www.jeromecarbone.com\/photographe\/dans-la-boite\/deroulement-de-la-seance\/#breadcrumb","itemListElement":[{"@type":"ListItem","position":1,"name":"Accueil","item":"https:\/\/www.jeromecarbone.com\/photographe\/"},{"@type":"ListItem","position":2,"name":"Dans la boite !","item":"https:\/\/www.jeromecarbone.com\/photographe\/dans-la-boite\/"},{"@type":"ListItem","position":3,"name":"D\u00e9roulement de la s\u00e9ance"}]},{"@type":"WebSite","@id":"https:\/\/www.jeromecarbone.com\/photographe\/#website","url":"https:\/\/www.jeromecarbone.com\/photographe\/","name":"Photographe de votre famille","description":"Photographe de votre famille","publisher":{"@id":"https:\/\/www.jeromecarbone.com\/photographe\/#\/schema\/person\/16010d3d4cd99291c568d78e2dadac77"},"potentialAction":[{"@type":"SearchAction","target":{"@type":"EntryPoint","urlTemplate":"https:\/\/www.jeromecarbone.com\/photographe\/?s={search_term_string}"},"query-input":"required name=search_term_string"}],"inLanguage":"fr-FR"},{"@type":["Person","Organization"],"@id":"https:\/\/www.jeromecarbone.com\/photographe\/#\/schema\/person\/16010d3d4cd99291c568d78e2dadac77","name":"J\u00e9r\u00f4me Carbone","image":{"@type":"ImageObject","inLanguage":"fr-FR","@id":"https:\/\/www.jeromecarbone.com\/photographe\/#\/schema\/person\/image\/","url":"https:\/\/secure.gravatar.com\/avatar\/40119e45623f76cf8351cadf8e13aebd248fdf78cb744a57826f41598011d4b6?s=96&d=mm&r=g","contentUrl":"https:\/\/secure.gravatar.com\/avatar\/40119e45623f76cf8351cadf8e13aebd248fdf78cb744a57826f41598011d4b6?s=96&d=mm&r=g","caption":"J\u00e9r\u00f4me Carbone"},"logo":{"@id":"https:\/\/www.jeromecarbone.com\/photographe\/#\/schema\/person\/image\/"}}]}},"_links":{"self":[{"href":"https:\/\/www.jeromecarbone.com\/photographe\/wp-json\/wp\/v2\/pages\/5659","targetHints":{"allow":["GET"]}}],"collection":[{"href":"https:\/\/www.jeromecarbone.com\/photographe\/wp-json\/wp\/v2\/pages"}],"about":[{"href":"https:\/\/www.jeromecarbone.com\/photographe\/wp-json\/wp\/v2\/types\/page"}],"author":[{"embeddable":true,"href":"https:\/\/www.jeromecarbone.com\/photographe\/wp-json\/wp\/v2\/users\/1"}],"replies":[{"embeddable":true,"href":"https:\/\/www.jeromecarbone.com\/photographe\/wp-json\/wp\/v2\/comments?post=5659"}],"version-history":[{"count":9,"href":"https:\/\/www.jeromecarbone.com\/photographe\/wp-json\/wp\/v2\/pages\/5659\/revisions"}],"predecessor-version":[{"id":5782,"href":"https:\/\/www.jeromecarbone.com\/photographe\/wp-json\/wp\/v2\/pages\/5659\/revisions\/5782"}],"up":[{"embeddable":true,"href":"https:\/\/www.jeromecarbone.com\/photographe\/wp-json\/wp\/v2\/pages\/5645"}],"wp:attachment":[{"href":"https:\/\/www.jeromecarbone.com\/photographe\/wp-json\/wp\/v2\/media?parent=5659"}],"curies":[{"name":"wp","href":"https:\/\/api.w.org\/{rel}","templated":true}]}}