{"id":5661,"date":"2021-01-31T09:29:34","date_gmt":"2021-01-31T08:29:34","guid":{"rendered":"http:\/\/www.jeromecarbone.com\/photographe\/?page_id=5661"},"modified":"2021-10-07T09:56:33","modified_gmt":"2021-10-07T07:56:33","slug":"presentation","status":"publish","type":"page","link":"https:\/\/www.jeromecarbone.com\/photographe\/dans-la-boite\/presentation\/","title":{"rendered":"Pr\u00e9sentation"},"content":{"rendered":"\n<p>Navigation&nbsp;:&nbsp;<a href=\"http:\/\/www.jeromecarbone.com\/photographe\/dans-la-boite\/\">Galerie<\/a> &#8211; <strong><a href=\"http:\/\/www.jeromecarbone.com\/photographe\/dans-la-boite\/presentation\/\">Pr\u00e9sentation<\/a><\/strong> &#8211; <a href=\"http:\/\/www.jeromecarbone.com\/photographe\/dans-la-boite\/deroulement-de-la-seance\/\">D\u00e9roulement de la s\u00e9ance<\/a> &#8211; <a href=\"http:\/\/www.jeromecarbone.com\/photographe\/dans-la-boite\/tarifs\/\">Tarifs<\/a><\/p>\n\n\n\n<p><img loading=\"lazy\" decoding=\"async\" class=\"size-medium wp-image-5676 alignleft\" src=\"http:\/\/www.jeromecarbone.com\/photographe\/wp-content\/uploads\/2021\/01\/9-box-20x20-Ju-300x300.jpg\" alt=\"\" width=\"300\" height=\"300\" srcset=\"https:\/\/www.jeromecarbone.com\/photographe\/wp-content\/uploads\/2021\/01\/9-box-20x20-Ju-300x300.jpg 300w, https:\/\/www.jeromecarbone.com\/photographe\/wp-content\/uploads\/2021\/01\/9-box-20x20-Ju-1024x1024.jpg 1024w, https:\/\/www.jeromecarbone.com\/photographe\/wp-content\/uploads\/2021\/01\/9-box-20x20-Ju-150x150.jpg 150w, https:\/\/www.jeromecarbone.com\/photographe\/wp-content\/uploads\/2021\/01\/9-box-20x20-Ju-768x768.jpg 768w, https:\/\/www.jeromecarbone.com\/photographe\/wp-content\/uploads\/2021\/01\/9-box-20x20-Ju-1536x1536.jpg 1536w, https:\/\/www.jeromecarbone.com\/photographe\/wp-content\/uploads\/2021\/01\/9-box-20x20-Ju.jpg 2048w\" sizes=\"auto, (max-width: 300px) 100vw, 300px\" \/>La s\u00e9ance \u00ab\u00a0Dans la boite !\u00a0\u00bb est une fa\u00e7on originale de faire un portrait de famille, mettre en image la passion d&rsquo;un enfant (sport, folie du d\u00e9guisement&#8230;), ou encore immortaliser un \u00e9v\u00e8nement !<\/p>\n<p>L&rsquo;avantage est que la s\u00e9ance est simple \u00e0 r\u00e9aliser. Pas besoin de poser : on joue dans la boite !<\/p>\n<p>De 1 \u00e0 5 personnes, \u00e7a loge. On a m\u00eame r\u00e9ussi \u00e0 r\u00e9unir une tribu de 10 enfants !<\/p>\n<p>Pour en savoir plus sur le d\u00e9roulement d\u2019une s\u00e9ance, <a href=\"http:\/\/www.jeromecarbone.com\/photographe\/dans-la-boite\/deroulement-de-la-seance\/\">cliquez-ici.<\/a><\/p>\n<p>&nbsp;<\/p>\n<p>&nbsp;<\/p>\n<p>&nbsp;<\/p>\n<p>&nbsp;<\/p>\n","protected":false},"excerpt":{"rendered":"<p>Navigation&nbsp;:&nbsp;Galerie &#8211; Pr\u00e9sentation &#8211; D\u00e9roulement de la s\u00e9ance &#8211; Tarifs La s\u00e9ance \u00ab\u00a0Dans la boite !\u00a0\u00bb est une fa\u00e7on originale de faire un portrait de famille, mettre en image la passion d&rsquo;un enfant (sport, folie du d\u00e9guisement&#8230;), ou encore immortaliser un \u00e9v\u00e8nement ! L&rsquo;avantage est que la s\u00e9ance est simple \u00e0 r\u00e9aliser. Pas besoin de [&hellip;]<\/p>\n","protected":false},"author":1,"featured_media":0,"parent":5645,"menu_order":0,"comment_status":"closed","ping_status":"closed","template":"template-full-width.php","meta":{"footnotes":""},"class_list":["post-5661","page","type-page","status-publish","hentry"],"yoast_head":"<!-- This site is optimized with the Yoast SEO plugin v23.1 - https:\/\/yoast.com\/wordpress\/plugins\/seo\/ -->\n<title>Pr\u00e9sentation S\u00e9ance dans la boite - J\u00e9r\u00f4me Carbone-Photographe<\/title>\n<meta name=\"description\" content=\"La s\u00e9ance &quot;Dans la boite&quot; est une fa\u00e7on originale de faire un portrait de famille ! Venez rentrer dans la boite au studio photo de Salleboeuf\" \/>\n<meta name=\"robots\" content=\"index, follow, max-snippet:-1, max-image-preview:large, max-video-preview:-1\" \/>\n<link rel=\"canonical\" href=\"https:\/\/www.jeromecarbone.com\/photographe\/dans-la-boite\/presentation\/\" \/>\n<meta property=\"og:locale\" content=\"fr_FR\" \/>\n<meta property=\"og:type\" content=\"article\" \/>\n<meta property=\"og:title\" content=\"Pr\u00e9sentation S\u00e9ance dans la boite - J\u00e9r\u00f4me Carbone-Photographe\" \/>\n<meta property=\"og:description\" content=\"La s\u00e9ance &quot;Dans la boite&quot; est une fa\u00e7on originale de faire un portrait de famille ! Venez rentrer dans la boite au studio photo de Salleboeuf\" \/>\n<meta property=\"og:url\" content=\"https:\/\/www.jeromecarbone.com\/photographe\/dans-la-boite\/presentation\/\" \/>\n<meta property=\"og:site_name\" content=\"J\u00e9r\u00f4me Carbone\" \/>\n<meta property=\"article:modified_time\" content=\"2021-10-07T07:56:33+00:00\" \/>\n<meta property=\"og:image\" content=\"http:\/\/www.jeromecarbone.com\/photographe\/wp-content\/uploads\/2021\/01\/9-box-20x20-Ju-300x300.jpg\" \/>\n<meta name=\"twitter:card\" content=\"summary_large_image\" \/>\n<meta name=\"twitter:label1\" content=\"Dur\u00e9e de lecture estim\u00e9e\" \/>\n\t<meta name=\"twitter:data1\" content=\"1 minute\" \/>\n<script type=\"application\/ld+json\" class=\"yoast-schema-graph\">{\"@context\":\"https:\/\/schema.org\",\"@graph\":[{\"@type\":\"WebPage\",\"@id\":\"https:\/\/www.jeromecarbone.com\/photographe\/dans-la-boite\/presentation\/\",\"url\":\"https:\/\/www.jeromecarbone.com\/photographe\/dans-la-boite\/presentation\/\",\"name\":\"Pr\u00e9sentation S\u00e9ance dans la boite - J\u00e9r\u00f4me Carbone-Photographe\",\"isPartOf\":{\"@id\":\"https:\/\/www.jeromecarbone.com\/photographe\/#website\"},\"primaryImageOfPage\":{\"@id\":\"https:\/\/www.jeromecarbone.com\/photographe\/dans-la-boite\/presentation\/#primaryimage\"},\"image\":{\"@id\":\"https:\/\/www.jeromecarbone.com\/photographe\/dans-la-boite\/presentation\/#primaryimage\"},\"thumbnailUrl\":\"http:\/\/www.jeromecarbone.com\/photographe\/wp-content\/uploads\/2021\/01\/9-box-20x20-Ju-300x300.jpg\",\"datePublished\":\"2021-01-31T08:29:34+00:00\",\"dateModified\":\"2021-10-07T07:56:33+00:00\",\"description\":\"La s\u00e9ance \\\"Dans la boite\\\" est une fa\u00e7on originale de faire un portrait de famille ! Venez rentrer dans la boite au studio photo de Salleboeuf\",\"breadcrumb\":{\"@id\":\"https:\/\/www.jeromecarbone.com\/photographe\/dans-la-boite\/presentation\/#breadcrumb\"},\"inLanguage\":\"fr-FR\",\"potentialAction\":[{\"@type\":\"ReadAction\",\"target\":[\"https:\/\/www.jeromecarbone.com\/photographe\/dans-la-boite\/presentation\/\"]}]},{\"@type\":\"ImageObject\",\"inLanguage\":\"fr-FR\",\"@id\":\"https:\/\/www.jeromecarbone.com\/photographe\/dans-la-boite\/presentation\/#primaryimage\",\"url\":\"https:\/\/www.jeromecarbone.com\/photographe\/wp-content\/uploads\/2021\/01\/9-box-20x20-Ju.jpg\",\"contentUrl\":\"https:\/\/www.jeromecarbone.com\/photographe\/wp-content\/uploads\/2021\/01\/9-box-20x20-Ju.jpg\",\"width\":2048,\"height\":2048},{\"@type\":\"BreadcrumbList\",\"@id\":\"https:\/\/www.jeromecarbone.com\/photographe\/dans-la-boite\/presentation\/#breadcrumb\",\"itemListElement\":[{\"@type\":\"ListItem\",\"position\":1,\"name\":\"Accueil\",\"item\":\"https:\/\/www.jeromecarbone.com\/photographe\/\"},{\"@type\":\"ListItem\",\"position\":2,\"name\":\"Dans la boite !\",\"item\":\"https:\/\/www.jeromecarbone.com\/photographe\/dans-la-boite\/\"},{\"@type\":\"ListItem\",\"position\":3,\"name\":\"Pr\u00e9sentation\"}]},{\"@type\":\"WebSite\",\"@id\":\"https:\/\/www.jeromecarbone.com\/photographe\/#website\",\"url\":\"https:\/\/www.jeromecarbone.com\/photographe\/\",\"name\":\"Photographe de votre famille\",\"description\":\"Photographe de votre famille\",\"publisher\":{\"@id\":\"https:\/\/www.jeromecarbone.com\/photographe\/#\/schema\/person\/16010d3d4cd99291c568d78e2dadac77\"},\"potentialAction\":[{\"@type\":\"SearchAction\",\"target\":{\"@type\":\"EntryPoint\",\"urlTemplate\":\"https:\/\/www.jeromecarbone.com\/photographe\/?s={search_term_string}\"},\"query-input\":\"required name=search_term_string\"}],\"inLanguage\":\"fr-FR\"},{\"@type\":[\"Person\",\"Organization\"],\"@id\":\"https:\/\/www.jeromecarbone.com\/photographe\/#\/schema\/person\/16010d3d4cd99291c568d78e2dadac77\",\"name\":\"J\u00e9r\u00f4me Carbone\",\"image\":{\"@type\":\"ImageObject\",\"inLanguage\":\"fr-FR\",\"@id\":\"https:\/\/www.jeromecarbone.com\/photographe\/#\/schema\/person\/image\/\",\"url\":\"https:\/\/secure.gravatar.com\/avatar\/40119e45623f76cf8351cadf8e13aebd248fdf78cb744a57826f41598011d4b6?s=96&d=mm&r=g\",\"contentUrl\":\"https:\/\/secure.gravatar.com\/avatar\/40119e45623f76cf8351cadf8e13aebd248fdf78cb744a57826f41598011d4b6?s=96&d=mm&r=g\",\"caption\":\"J\u00e9r\u00f4me Carbone\"},\"logo\":{\"@id\":\"https:\/\/www.jeromecarbone.com\/photographe\/#\/schema\/person\/image\/\"}}]}<\/script>\n<!-- \/ Yoast SEO plugin. -->","yoast_head_json":{"title":"Pr\u00e9sentation S\u00e9ance dans la boite - J\u00e9r\u00f4me Carbone-Photographe","description":"La s\u00e9ance \"Dans la boite\" est une fa\u00e7on originale de faire un portrait de famille ! Venez rentrer dans la boite au studio photo de Salleboeuf","robots":{"index":"index","follow":"follow","max-snippet":"max-snippet:-1","max-image-preview":"max-image-preview:large","max-video-preview":"max-video-preview:-1"},"canonical":"https:\/\/www.jeromecarbone.com\/photographe\/dans-la-boite\/presentation\/","og_locale":"fr_FR","og_type":"article","og_title":"Pr\u00e9sentation S\u00e9ance dans la boite - J\u00e9r\u00f4me Carbone-Photographe","og_description":"La s\u00e9ance \"Dans la boite\" est une fa\u00e7on originale de faire un portrait de famille ! Venez rentrer dans la boite au studio photo de Salleboeuf","og_url":"https:\/\/www.jeromecarbone.com\/photographe\/dans-la-boite\/presentation\/","og_site_name":"J\u00e9r\u00f4me Carbone","article_modified_time":"2021-10-07T07:56:33+00:00","og_image":[{"url":"http:\/\/www.jeromecarbone.com\/photographe\/wp-content\/uploads\/2021\/01\/9-box-20x20-Ju-300x300.jpg"}],"twitter_card":"summary_large_image","twitter_misc":{"Dur\u00e9e de lecture estim\u00e9e":"1 minute"},"schema":{"@context":"https:\/\/schema.org","@graph":[{"@type":"WebPage","@id":"https:\/\/www.jeromecarbone.com\/photographe\/dans-la-boite\/presentation\/","url":"https:\/\/www.jeromecarbone.com\/photographe\/dans-la-boite\/presentation\/","name":"Pr\u00e9sentation S\u00e9ance dans la boite - J\u00e9r\u00f4me Carbone-Photographe","isPartOf":{"@id":"https:\/\/www.jeromecarbone.com\/photographe\/#website"},"primaryImageOfPage":{"@id":"https:\/\/www.jeromecarbone.com\/photographe\/dans-la-boite\/presentation\/#primaryimage"},"image":{"@id":"https:\/\/www.jeromecarbone.com\/photographe\/dans-la-boite\/presentation\/#primaryimage"},"thumbnailUrl":"http:\/\/www.jeromecarbone.com\/photographe\/wp-content\/uploads\/2021\/01\/9-box-20x20-Ju-300x300.jpg","datePublished":"2021-01-31T08:29:34+00:00","dateModified":"2021-10-07T07:56:33+00:00","description":"La s\u00e9ance \"Dans la boite\" est une fa\u00e7on originale de faire un portrait de famille ! Venez rentrer dans la boite au studio photo de Salleboeuf","breadcrumb":{"@id":"https:\/\/www.jeromecarbone.com\/photographe\/dans-la-boite\/presentation\/#breadcrumb"},"inLanguage":"fr-FR","potentialAction":[{"@type":"ReadAction","target":["https:\/\/www.jeromecarbone.com\/photographe\/dans-la-boite\/presentation\/"]}]},{"@type":"ImageObject","inLanguage":"fr-FR","@id":"https:\/\/www.jeromecarbone.com\/photographe\/dans-la-boite\/presentation\/#primaryimage","url":"https:\/\/www.jeromecarbone.com\/photographe\/wp-content\/uploads\/2021\/01\/9-box-20x20-Ju.jpg","contentUrl":"https:\/\/www.jeromecarbone.com\/photographe\/wp-content\/uploads\/2021\/01\/9-box-20x20-Ju.jpg","width":2048,"height":2048},{"@type":"BreadcrumbList","@id":"https:\/\/www.jeromecarbone.com\/photographe\/dans-la-boite\/presentation\/#breadcrumb","itemListElement":[{"@type":"ListItem","position":1,"name":"Accueil","item":"https:\/\/www.jeromecarbone.com\/photographe\/"},{"@type":"ListItem","position":2,"name":"Dans la boite !","item":"https:\/\/www.jeromecarbone.com\/photographe\/dans-la-boite\/"},{"@type":"ListItem","position":3,"name":"Pr\u00e9sentation"}]},{"@type":"WebSite","@id":"https:\/\/www.jeromecarbone.com\/photographe\/#website","url":"https:\/\/www.jeromecarbone.com\/photographe\/","name":"Photographe de votre famille","description":"Photographe de votre famille","publisher":{"@id":"https:\/\/www.jeromecarbone.com\/photographe\/#\/schema\/person\/16010d3d4cd99291c568d78e2dadac77"},"potentialAction":[{"@type":"SearchAction","target":{"@type":"EntryPoint","urlTemplate":"https:\/\/www.jeromecarbone.com\/photographe\/?s={search_term_string}"},"query-input":"required name=search_term_string"}],"inLanguage":"fr-FR"},{"@type":["Person","Organization"],"@id":"https:\/\/www.jeromecarbone.com\/photographe\/#\/schema\/person\/16010d3d4cd99291c568d78e2dadac77","name":"J\u00e9r\u00f4me Carbone","image":{"@type":"ImageObject","inLanguage":"fr-FR","@id":"https:\/\/www.jeromecarbone.com\/photographe\/#\/schema\/person\/image\/","url":"https:\/\/secure.gravatar.com\/avatar\/40119e45623f76cf8351cadf8e13aebd248fdf78cb744a57826f41598011d4b6?s=96&d=mm&r=g","contentUrl":"https:\/\/secure.gravatar.com\/avatar\/40119e45623f76cf8351cadf8e13aebd248fdf78cb744a57826f41598011d4b6?s=96&d=mm&r=g","caption":"J\u00e9r\u00f4me Carbone"},"logo":{"@id":"https:\/\/www.jeromecarbone.com\/photographe\/#\/schema\/person\/image\/"}}]}},"_links":{"self":[{"href":"https:\/\/www.jeromecarbone.com\/photographe\/wp-json\/wp\/v2\/pages\/5661","targetHints":{"allow":["GET"]}}],"collection":[{"href":"https:\/\/www.jeromecarbone.com\/photographe\/wp-json\/wp\/v2\/pages"}],"about":[{"href":"https:\/\/www.jeromecarbone.com\/photographe\/wp-json\/wp\/v2\/types\/page"}],"author":[{"embeddable":true,"href":"https:\/\/www.jeromecarbone.com\/photographe\/wp-json\/wp\/v2\/users\/1"}],"replies":[{"embeddable":true,"href":"https:\/\/www.jeromecarbone.com\/photographe\/wp-json\/wp\/v2\/comments?post=5661"}],"version-history":[{"count":14,"href":"https:\/\/www.jeromecarbone.com\/photographe\/wp-json\/wp\/v2\/pages\/5661\/revisions"}],"predecessor-version":[{"id":5781,"href":"https:\/\/www.jeromecarbone.com\/photographe\/wp-json\/wp\/v2\/pages\/5661\/revisions\/5781"}],"up":[{"embeddable":true,"href":"https:\/\/www.jeromecarbone.com\/photographe\/wp-json\/wp\/v2\/pages\/5645"}],"wp:attachment":[{"href":"https:\/\/www.jeromecarbone.com\/photographe\/wp-json\/wp\/v2\/media?parent=5661"}],"curies":[{"name":"wp","href":"https:\/\/api.w.org\/{rel}","templated":true}]}}