{"id":5663,"date":"2021-01-31T09:30:00","date_gmt":"2021-01-31T08:30:00","guid":{"rendered":"http:\/\/www.jeromecarbone.com\/photographe\/?page_id=5663"},"modified":"2021-10-07T09:57:47","modified_gmt":"2021-10-07T07:57:47","slug":"tarifs","status":"publish","type":"page","link":"https:\/\/www.jeromecarbone.com\/photographe\/dans-la-boite\/tarifs\/","title":{"rendered":"Tarifs"},"content":{"rendered":"\n<p>Navigation : <a href=\"http:\/\/www.jeromecarbone.com\/photographe\/dans-la-boite\/\">Galerie<\/a> &#8211; <a href=\"http:\/\/www.jeromecarbone.com\/photographe\/dans-la-boite\/presentation\/\">Pr\u00e9sentation<\/a> &#8211; <a href=\"http:\/\/www.jeromecarbone.com\/photographe\/dans-la-boite\/deroulement-de-la-seance\/\">D\u00e9roulement de la s\u00e9ance<\/a> &#8211; <strong><a href=\"http:\/\/www.jeromecarbone.com\/photographe\/dans-la-boite\/tarifs\/\">Tarifs<\/a><\/strong><\/p>\n<p>La s\u00e9ance \u00ab\u00a0Dans la boite !\u00a0\u00bb est disponible au studio \u00e0 Salleboeuf (33370) en deux formules.<\/p>\n<h4><strong>Formule \u00e0 90\u20ac<\/strong><\/h4>\n<ul>\n<li>Entre <strong>30 minutes et 1 heure<\/strong> de s\u00e9ance,<\/li>\n<li>Le <strong>photomontage de 9 photos<\/strong> (comme dans les exemples) en version num\u00e9rique format \u00ab haute d\u00e9finition \u00bb,<\/li>\n<li>L\u2019<strong>acc\u00e8s \u00e0 une galerie priv\u00e9e en ligne<\/strong> pour t\u00e9l\u00e9charger gratuitement le photomontage et commander des tirages papiers,<\/li>\n<li>Les photos unitaires au format num\u00e9rique peuvent \u00eatre rajout\u00e9es \u00e0 la formule (5\u20ac \/ photo \u00ab haute d\u00e9finition \u00bb),<\/li>\n<li>La<strong> retouche et optimisation des photos<\/strong> pour une qualit\u00e9 professionnelle.<\/li>\n<\/ul>\n\n\n\n<p><\/p>\n\n\n\n<h4 class=\"wp-block-heading\"><strong>Formule \u00e0 150\u20ac<\/strong><\/h4>\n\n\n\n<ul class=\"wp-block-list\"><li>Entre <strong>30 minutes et 1 heure<\/strong> de s\u00e9ance,<\/li><li>Le <strong>photomontage de 9 photos<\/strong> (comme dans les exemples) en version num\u00e9rique format \u00ab haute d\u00e9finition \u00bb,<\/li><li><strong>4 photos unitaires au format num\u00e9rique \u00ab haute d\u00e9finition \u00bb<\/strong> (inclus dans la formule),<\/li><li><strong>1 impression sur papier photo<\/strong> de qualit\u00e9 fournie par un laboratoire photo professionnel : <strong>Taille 50 x 50cm + cadre inclus<\/strong><\/li><li>L\u2019<strong>acc\u00e8s \u00e0 une galerie priv\u00e9e en ligne<\/strong> pour t\u00e9l\u00e9charger gratuitement le photomontage et commander des tirages papiers,<\/li><li>La <strong>retouche et optimisation<\/strong> des photos pour une qualit\u00e9 professionnelle.<\/li><\/ul>\n\n\n\n<p><\/p>\n\n\n\n<p>Pour toutes demandes sp\u00e9ciales (anniversaire, f\u00eate de famille, mariage&#8230;), la boite peut \u00eatre d\u00e9plac\u00e9e ainsi que le mat\u00e9riel photo.<br><a href=\"http:\/\/www.jeromecarbone.com\/photographe\/contactez-moi\/\">Contactez-moi<\/a> pour une formule sur mesure.<\/p>\n","protected":false},"excerpt":{"rendered":"<p>Navigation : Galerie &#8211; Pr\u00e9sentation &#8211; D\u00e9roulement de la s\u00e9ance &#8211; Tarifs La s\u00e9ance \u00ab\u00a0Dans la boite !\u00a0\u00bb est disponible au studio \u00e0 Salleboeuf (33370) en deux formules. Formule \u00e0 90\u20ac Entre 30 minutes et 1 heure de s\u00e9ance, Le photomontage de 9 photos (comme dans les exemples) en version num\u00e9rique format \u00ab haute d\u00e9finition [&hellip;]<\/p>\n","protected":false},"author":1,"featured_media":0,"parent":5645,"menu_order":0,"comment_status":"closed","ping_status":"closed","template":"template-full-width.php","meta":{"footnotes":""},"class_list":["post-5663","page","type-page","status-publish","hentry"],"yoast_head":"<!-- This site is optimized with the Yoast SEO plugin v23.1 - https:\/\/yoast.com\/wordpress\/plugins\/seo\/ -->\n<title>Tarifs S\u00e9ance Dans la boite - J\u00e9r\u00f4me Carbone - Photographe<\/title>\n<meta name=\"description\" content=\"La s\u00e9ance &quot;Dans la boite&quot; est une fa\u00e7on originale de faire un portrait de famille ! Venez rentrer dans la boite au studio photo de Salleboeuf\" \/>\n<meta name=\"robots\" content=\"index, follow, max-snippet:-1, max-image-preview:large, max-video-preview:-1\" \/>\n<link rel=\"canonical\" href=\"https:\/\/www.jeromecarbone.com\/photographe\/dans-la-boite\/tarifs\/\" \/>\n<meta property=\"og:locale\" content=\"fr_FR\" \/>\n<meta property=\"og:type\" content=\"article\" \/>\n<meta property=\"og:title\" content=\"Tarifs S\u00e9ance Dans la boite - J\u00e9r\u00f4me Carbone - Photographe\" \/>\n<meta property=\"og:description\" content=\"La s\u00e9ance &quot;Dans la boite&quot; est une fa\u00e7on originale de faire un portrait de famille ! Venez rentrer dans la boite au studio photo de Salleboeuf\" \/>\n<meta property=\"og:url\" content=\"https:\/\/www.jeromecarbone.com\/photographe\/dans-la-boite\/tarifs\/\" \/>\n<meta property=\"og:site_name\" content=\"J\u00e9r\u00f4me Carbone\" \/>\n<meta property=\"article:modified_time\" content=\"2021-10-07T07:57:47+00:00\" \/>\n<meta name=\"twitter:card\" content=\"summary_large_image\" \/>\n<meta name=\"twitter:label1\" content=\"Dur\u00e9e de lecture estim\u00e9e\" \/>\n\t<meta name=\"twitter:data1\" content=\"1 minute\" \/>\n<script type=\"application\/ld+json\" class=\"yoast-schema-graph\">{\"@context\":\"https:\/\/schema.org\",\"@graph\":[{\"@type\":\"WebPage\",\"@id\":\"https:\/\/www.jeromecarbone.com\/photographe\/dans-la-boite\/tarifs\/\",\"url\":\"https:\/\/www.jeromecarbone.com\/photographe\/dans-la-boite\/tarifs\/\",\"name\":\"Tarifs S\u00e9ance Dans la boite - J\u00e9r\u00f4me Carbone - Photographe\",\"isPartOf\":{\"@id\":\"https:\/\/www.jeromecarbone.com\/photographe\/#website\"},\"datePublished\":\"2021-01-31T08:30:00+00:00\",\"dateModified\":\"2021-10-07T07:57:47+00:00\",\"description\":\"La s\u00e9ance \\\"Dans la boite\\\" est une fa\u00e7on originale de faire un portrait de famille ! Venez rentrer dans la boite au studio photo de Salleboeuf\",\"breadcrumb\":{\"@id\":\"https:\/\/www.jeromecarbone.com\/photographe\/dans-la-boite\/tarifs\/#breadcrumb\"},\"inLanguage\":\"fr-FR\",\"potentialAction\":[{\"@type\":\"ReadAction\",\"target\":[\"https:\/\/www.jeromecarbone.com\/photographe\/dans-la-boite\/tarifs\/\"]}]},{\"@type\":\"BreadcrumbList\",\"@id\":\"https:\/\/www.jeromecarbone.com\/photographe\/dans-la-boite\/tarifs\/#breadcrumb\",\"itemListElement\":[{\"@type\":\"ListItem\",\"position\":1,\"name\":\"Accueil\",\"item\":\"https:\/\/www.jeromecarbone.com\/photographe\/\"},{\"@type\":\"ListItem\",\"position\":2,\"name\":\"Dans la boite !\",\"item\":\"https:\/\/www.jeromecarbone.com\/photographe\/dans-la-boite\/\"},{\"@type\":\"ListItem\",\"position\":3,\"name\":\"Tarifs\"}]},{\"@type\":\"WebSite\",\"@id\":\"https:\/\/www.jeromecarbone.com\/photographe\/#website\",\"url\":\"https:\/\/www.jeromecarbone.com\/photographe\/\",\"name\":\"Photographe de votre famille\",\"description\":\"Photographe de votre famille\",\"publisher\":{\"@id\":\"https:\/\/www.jeromecarbone.com\/photographe\/#\/schema\/person\/16010d3d4cd99291c568d78e2dadac77\"},\"potentialAction\":[{\"@type\":\"SearchAction\",\"target\":{\"@type\":\"EntryPoint\",\"urlTemplate\":\"https:\/\/www.jeromecarbone.com\/photographe\/?s={search_term_string}\"},\"query-input\":\"required name=search_term_string\"}],\"inLanguage\":\"fr-FR\"},{\"@type\":[\"Person\",\"Organization\"],\"@id\":\"https:\/\/www.jeromecarbone.com\/photographe\/#\/schema\/person\/16010d3d4cd99291c568d78e2dadac77\",\"name\":\"J\u00e9r\u00f4me Carbone\",\"image\":{\"@type\":\"ImageObject\",\"inLanguage\":\"fr-FR\",\"@id\":\"https:\/\/www.jeromecarbone.com\/photographe\/#\/schema\/person\/image\/\",\"url\":\"https:\/\/secure.gravatar.com\/avatar\/40119e45623f76cf8351cadf8e13aebd248fdf78cb744a57826f41598011d4b6?s=96&d=mm&r=g\",\"contentUrl\":\"https:\/\/secure.gravatar.com\/avatar\/40119e45623f76cf8351cadf8e13aebd248fdf78cb744a57826f41598011d4b6?s=96&d=mm&r=g\",\"caption\":\"J\u00e9r\u00f4me Carbone\"},\"logo\":{\"@id\":\"https:\/\/www.jeromecarbone.com\/photographe\/#\/schema\/person\/image\/\"}}]}<\/script>\n<!-- \/ Yoast SEO plugin. -->","yoast_head_json":{"title":"Tarifs S\u00e9ance Dans la boite - J\u00e9r\u00f4me Carbone - Photographe","description":"La s\u00e9ance \"Dans la boite\" est une fa\u00e7on originale de faire un portrait de famille ! Venez rentrer dans la boite au studio photo de Salleboeuf","robots":{"index":"index","follow":"follow","max-snippet":"max-snippet:-1","max-image-preview":"max-image-preview:large","max-video-preview":"max-video-preview:-1"},"canonical":"https:\/\/www.jeromecarbone.com\/photographe\/dans-la-boite\/tarifs\/","og_locale":"fr_FR","og_type":"article","og_title":"Tarifs S\u00e9ance Dans la boite - J\u00e9r\u00f4me Carbone - Photographe","og_description":"La s\u00e9ance \"Dans la boite\" est une fa\u00e7on originale de faire un portrait de famille ! Venez rentrer dans la boite au studio photo de Salleboeuf","og_url":"https:\/\/www.jeromecarbone.com\/photographe\/dans-la-boite\/tarifs\/","og_site_name":"J\u00e9r\u00f4me Carbone","article_modified_time":"2021-10-07T07:57:47+00:00","twitter_card":"summary_large_image","twitter_misc":{"Dur\u00e9e de lecture estim\u00e9e":"1 minute"},"schema":{"@context":"https:\/\/schema.org","@graph":[{"@type":"WebPage","@id":"https:\/\/www.jeromecarbone.com\/photographe\/dans-la-boite\/tarifs\/","url":"https:\/\/www.jeromecarbone.com\/photographe\/dans-la-boite\/tarifs\/","name":"Tarifs S\u00e9ance Dans la boite - J\u00e9r\u00f4me Carbone - Photographe","isPartOf":{"@id":"https:\/\/www.jeromecarbone.com\/photographe\/#website"},"datePublished":"2021-01-31T08:30:00+00:00","dateModified":"2021-10-07T07:57:47+00:00","description":"La s\u00e9ance \"Dans la boite\" est une fa\u00e7on originale de faire un portrait de famille ! Venez rentrer dans la boite au studio photo de Salleboeuf","breadcrumb":{"@id":"https:\/\/www.jeromecarbone.com\/photographe\/dans-la-boite\/tarifs\/#breadcrumb"},"inLanguage":"fr-FR","potentialAction":[{"@type":"ReadAction","target":["https:\/\/www.jeromecarbone.com\/photographe\/dans-la-boite\/tarifs\/"]}]},{"@type":"BreadcrumbList","@id":"https:\/\/www.jeromecarbone.com\/photographe\/dans-la-boite\/tarifs\/#breadcrumb","itemListElement":[{"@type":"ListItem","position":1,"name":"Accueil","item":"https:\/\/www.jeromecarbone.com\/photographe\/"},{"@type":"ListItem","position":2,"name":"Dans la boite !","item":"https:\/\/www.jeromecarbone.com\/photographe\/dans-la-boite\/"},{"@type":"ListItem","position":3,"name":"Tarifs"}]},{"@type":"WebSite","@id":"https:\/\/www.jeromecarbone.com\/photographe\/#website","url":"https:\/\/www.jeromecarbone.com\/photographe\/","name":"Photographe de votre famille","description":"Photographe de votre famille","publisher":{"@id":"https:\/\/www.jeromecarbone.com\/photographe\/#\/schema\/person\/16010d3d4cd99291c568d78e2dadac77"},"potentialAction":[{"@type":"SearchAction","target":{"@type":"EntryPoint","urlTemplate":"https:\/\/www.jeromecarbone.com\/photographe\/?s={search_term_string}"},"query-input":"required name=search_term_string"}],"inLanguage":"fr-FR"},{"@type":["Person","Organization"],"@id":"https:\/\/www.jeromecarbone.com\/photographe\/#\/schema\/person\/16010d3d4cd99291c568d78e2dadac77","name":"J\u00e9r\u00f4me Carbone","image":{"@type":"ImageObject","inLanguage":"fr-FR","@id":"https:\/\/www.jeromecarbone.com\/photographe\/#\/schema\/person\/image\/","url":"https:\/\/secure.gravatar.com\/avatar\/40119e45623f76cf8351cadf8e13aebd248fdf78cb744a57826f41598011d4b6?s=96&d=mm&r=g","contentUrl":"https:\/\/secure.gravatar.com\/avatar\/40119e45623f76cf8351cadf8e13aebd248fdf78cb744a57826f41598011d4b6?s=96&d=mm&r=g","caption":"J\u00e9r\u00f4me Carbone"},"logo":{"@id":"https:\/\/www.jeromecarbone.com\/photographe\/#\/schema\/person\/image\/"}}]}},"_links":{"self":[{"href":"https:\/\/www.jeromecarbone.com\/photographe\/wp-json\/wp\/v2\/pages\/5663","targetHints":{"allow":["GET"]}}],"collection":[{"href":"https:\/\/www.jeromecarbone.com\/photographe\/wp-json\/wp\/v2\/pages"}],"about":[{"href":"https:\/\/www.jeromecarbone.com\/photographe\/wp-json\/wp\/v2\/types\/page"}],"author":[{"embeddable":true,"href":"https:\/\/www.jeromecarbone.com\/photographe\/wp-json\/wp\/v2\/users\/1"}],"replies":[{"embeddable":true,"href":"https:\/\/www.jeromecarbone.com\/photographe\/wp-json\/wp\/v2\/comments?post=5663"}],"version-history":[{"count":12,"href":"https:\/\/www.jeromecarbone.com\/photographe\/wp-json\/wp\/v2\/pages\/5663\/revisions"}],"predecessor-version":[{"id":5730,"href":"https:\/\/www.jeromecarbone.com\/photographe\/wp-json\/wp\/v2\/pages\/5663\/revisions\/5730"}],"up":[{"embeddable":true,"href":"https:\/\/www.jeromecarbone.com\/photographe\/wp-json\/wp\/v2\/pages\/5645"}],"wp:attachment":[{"href":"https:\/\/www.jeromecarbone.com\/photographe\/wp-json\/wp\/v2\/media?parent=5663"}],"curies":[{"name":"wp","href":"https:\/\/api.w.org\/{rel}","templated":true}]}}